{"id":17173,"date":"2026-03-18T22:04:21","date_gmt":"2026-03-18T21:04:21","guid":{"rendered":"https:\/\/gltestm.webology.pl\/produkt\/dvousterbinovy-topinkovac-lucznik-bt-2019\/"},"modified":"2026-03-22T21:55:28","modified_gmt":"2026-03-22T20:55:28","slug":"dvousterbinovy-topinkovac-lucznik-bt-2019","status":"publish","type":"product","link":"https:\/\/gltestm.webology.pl\/cs\/produkt\/dvousterbinovy-topinkovac-lucznik-bt-2019\/","title":{"rendered":"Dvou\u0161t\u011brbinov\u00fd topinkova\u010d Lucznik BT-2019"},"content":{"rendered":"<h2>Hork\u00fd toast, p\u0159esn\u011b tak, jak ho m\u00e1te r\u00e1di!<\/h2>\n<p>Existuje n\u011bkdo, kdo by r\u00e1no nemiloval v\u016fni hork\u00e9ho k\u0159upav\u00e9ho toastu? A nejen r\u00e1no&#8230;. S trochou m\u00e1sla, d\u017eemu nebo \u010dokol\u00e1dov\u00e9ho kr\u00e9mu&#8230;. M\u0148am! Dobr\u00fd topinkova\u010d je <strong>z\u00e1rukou dob\u0159e p\u0159ipraven\u00fdch, chutn\u00fdch<\/strong> topinek, kdykoli na n\u011b dostanete chu\u0165. Po\u0159\u00e1dn\u00fd p\u0159\u00edstroj v\u00e1m umo\u017en\u00ed p\u0159ipravit <strong>dokonale ope\u010den\u00e9<\/strong> tousty nejen na sendvi\u010de, ale tak\u00e9 jako chutn\u00fd dopln\u011bk k sal\u00e1tu nebo pol\u00e9vce-kr\u00e9mu.<\/p>\n<p>Topinkova\u010d Lucznik BT-2019 se <strong>snadno \u010dist\u00ed<\/strong> a m\u00e1 mimo\u0159\u00e1dn\u011b <strong>jednoduch\u00fd syst\u00e9m ovl\u00e1d\u00e1n\u00ed<\/strong>, tak\u017ee jeho <strong>obsluhu<\/strong> zvl\u00e1dne snadno ka\u017ed\u00fd.<\/p>\n<h2>Kl\u00ed\u010dov\u00e9 vlastnosti<\/h2>\n<ul>\n<li><strong>P\u0159\u00edkon: 700 W<\/strong><\/li>\n<li>Op\u00e9k\u00e1 <strong>2 topinky<\/strong> najednou<\/li>\n<li><strong>\u0161estistup\u0148ov\u00e1 regulace op\u00e9k\u00e1n\u00ed<\/strong> v\u00e1m umo\u017en\u00ed dokonale <strong>nastavit<\/strong> strukturu toast\u016f podle va\u0161ich p\u0159edstav nebo aktu\u00e1ln\u00edch pot\u0159eb.<\/li>\n<li><strong>tla\u010d\u00edtko &#8222;STOP<\/strong> &#8220; &#8211; kdy\u017e zjist\u00edte, \u017ee se chl\u00e9b op\u00e9k\u00e1 v\u00edce, ne\u017e je p\u0159ijateln\u00e9, m\u016f\u017eete op\u00e9k\u00e1n\u00ed okam\u017eit\u011b zastavit a pl\u00e1tky vyjmout, aby okam\u017eit\u011b vychladly<\/li>\n<li><strong>v\u00fdsuvn\u00fd t\u00e1cek na drobky<\/strong> &#8211; po p\u0159\u00edprav\u011b takov\u00e9 sn\u00eddan\u011b se nemus\u00edte starat o \u00faklid<\/li>\n<li>pouzdro z<strong>nerezov\u00e9 oceli inox<\/strong>, tak\u017ee na kuchy\u0148sk\u00e9 lince vypad\u00e1 kr\u00e1sn\u011b<\/li>\n<li><strong>protiskluzov\u00e9 no\u017ei\u010dky<\/strong> na dn\u011b zaji\u0161\u0165uj\u00ed pot\u0159ebnou stabilitu a zabra\u0148uj\u00ed jeho sklouznut\u00ed<\/li>\n<\/ul>\n<h2>Bezprobl\u00e9mov\u00e9 \u010di\u0161t\u011bn\u00ed po sn\u00eddani<\/h2>\n<p>\u010cistotu ve va\u0161\u00ed kuchyni a hygienu p\u0159i p\u0159\u00edprav\u011b zajist\u00ed <strong>v\u00fdsuvn\u00fd t\u00e1cek na drobky<\/strong>, kter\u00fdm topinkova\u010d Lucznik BT-2019 disponuje. S \u00faklidem po p\u0159\u00edprav\u011b takov\u00e9 sn\u00eddan\u011b si nemus\u00edte d\u011blat starosti &#8211; bude to snadn\u00e9 jako nikdy p\u0159edt\u00edm.<\/p>\n<h2>K\u0159upav\u00e9 toasty &#8211; p\u0159esn\u011b tak, jak je m\u00e1te r\u00e1di<\/h2>\n<p>D\u00edky <strong>\u0161estistup\u0148ov\u00e9 regulaci ope\u010den\u00ed<\/strong> <strong>si<\/strong> m\u016f\u017eete dokonale <strong>nastavit<\/strong> <strong>stupe\u0148<\/strong> ope\u010den\u00ed podle sv\u00fdch p\u0159edstav. A\u0165 u\u017e pot\u0159ebujete jen oh\u0159\u00e1t chl\u00e9b na sendvi\u010de, p\u0159ipravit toasty <strong>k\u0159upav\u00e9 na povrchu a m\u011bkk\u00e9 uvnit\u0159<\/strong>, ide\u00e1ln\u00ed pro namaz\u00e1n\u00ed d\u017eemem, nebo maxim\u00e1ln\u011b k\u0159upav\u00e9 suchary &#8211; s topinkova\u010dem BT-2019 se v\u00e1m to ur\u010dit\u011b poda\u0159\u00ed. Sta\u010d\u00ed p\u00e1r experiment\u016f v podob\u011b p\u0159\u00edpravy n\u011bkolika r\u016fzn\u00fdch toast\u016f b\u011bhem chutn\u00e9 sn\u00eddan\u011b.<\/p>\n<h2>U\u017e \u017e\u00e1dn\u00e9 sp\u00e1len\u00e9 toasty<\/h2>\n<p>Pomoc\u00ed tla\u010d\u00edtka <strong>&#8222;STOP<\/strong> &#8220; zabudovan\u00e9ho v topinkova\u010di Lucznik BT-2019 je mo\u017en\u00e9 kdykoli <strong>p\u0159estat<\/strong> op\u00e9kat. Kdykoli zjist\u00edte, \u017ee se chl\u00e9b op\u00e9k\u00e1 v\u00edce, ne\u017e je p\u0159ijateln\u00e9, lze op\u00e9k\u00e1n\u00ed okam\u017eit\u011b zastavit a pl\u00e1tky ihned vyjmout, aby <strong>vychladly<\/strong>.<\/p>\n<h2>Univerz\u00e1ln\u00ed styl, kter\u00fd se hod\u00ed do ka\u017ed\u00e9 kuchyn\u011b<\/h2>\n<p>Za zm\u00ednku stoj\u00ed, \u017ee topinkova\u010d Lucznik BT-2019 m\u00e1 <strong>pl\u00e1\u0161\u0165 z nerezov\u00e9 oceli Inox<\/strong>, tak\u017ee <strong>na kuchy\u0148sk\u00e9 lince vypad\u00e1 kr\u00e1sn\u011b<\/strong> &#8211; nejen b\u011bhem j\u00eddla, ale tak\u00e9 si dlouho zachov\u00e1v\u00e1 bezvadn\u00fd vzhled. <strong>Protiskluzov\u00e9 no\u017ei\u010dky<\/strong> na spodn\u00ed stran\u011b zaji\u0161\u0165uj\u00ed pot\u0159ebnou stabilitu a zabra\u0148uj\u00ed jeho sklouznut\u00ed, \u010d\u00edm\u017e zvy\u0161uj\u00ed va\u0161i <strong>bezpe\u010dnost<\/strong>.<\/p>\n<h2>z\u00e1ruka 24 m\u011bs\u00edc\u016f<\/h2>\n<p>Na topinkova\u010d Lucznik BT-2019 je <strong>poskytov\u00e1na dvoulet\u00e1 z\u00e1ruka<\/strong> a n\u00e1vod k pou\u017eit\u00ed v <strong>pol\u0161tin\u011b<\/strong>, resp. <strong>angli\u010dtin\u011b<\/strong>. Doporu\u010dujeme si jej p\u0159ed pou\u017eit\u00edm p\u0159\u00edstroje p\u0159e\u010d\u00edst.<\/p>\n","protected":false},"excerpt":{"rendered":"<p>Dvoupl\u00e1tkov\u00fd topinkova\u010d se \u0161estistup\u0148ovou regulac\u00ed stupn\u011b ope\u010den\u00ed a p\u0159\u00edkonem 700 W<\/p>\n","protected":false},"featured_media":12996,"comment_status":"open","ping_status":"closed","template":"","meta":[],"product_brand":[],"product_cat":[586],"product_tag":[],"class_list":{"0":"post-17173","1":"product","2":"type-product","3":"status-publish","4":"has-post-thumbnail","6":"product_cat-tostery-i-opiekacze","8":"first","9":"instock","10":"taxable","11":"shipping-taxable","12":"purchasable","13":"product-type-simple"},"_links":{"self":[{"href":"https:\/\/gltestm.webology.pl\/cs\/wp-json\/wp\/v2\/product\/17173","targetHints":{"allow":["GET"]}}],"collection":[{"href":"https:\/\/gltestm.webology.pl\/cs\/wp-json\/wp\/v2\/product"}],"about":[{"href":"https:\/\/gltestm.webology.pl\/cs\/wp-json\/wp\/v2\/types\/product"}],"replies":[{"embeddable":true,"href":"https:\/\/gltestm.webology.pl\/cs\/wp-json\/wp\/v2\/comments?post=17173"}],"version-history":[{"count":0,"href":"https:\/\/gltestm.webology.pl\/cs\/wp-json\/wp\/v2\/product\/17173\/revisions"}],"wp:featuredmedia":[{"embeddable":true,"href":"https:\/\/gltestm.webology.pl\/cs\/wp-json\/wp\/v2\/media\/12996"}],"wp:attachment":[{"href":"https:\/\/gltestm.webology.pl\/cs\/wp-json\/wp\/v2\/media?parent=17173"}],"wp:term":[{"taxonomy":"product_brand","embeddable":true,"href":"https:\/\/gltestm.webology.pl\/cs\/wp-json\/wp\/v2\/product_brand?post=17173"},{"taxonomy":"product_cat","embeddable":true,"href":"https:\/\/gltestm.webology.pl\/cs\/wp-json\/wp\/v2\/product_cat?post=17173"},{"taxonomy":"product_tag","embeddable":true,"href":"https:\/\/gltestm.webology.pl\/cs\/wp-json\/wp\/v2\/product_tag?post=17173"}],"curies":[{"name":"wp","href":"https:\/\/api.w.org\/{rel}","templated":true}]}}