{"id":17169,"date":"2026-03-18T22:04:21","date_gmt":"2026-03-18T21:04:21","guid":{"rendered":"https:\/\/gltestm.webology.pl\/produkt\/sf-2019-plus-dalkove-ovladany-stojanovy-ventilator\/"},"modified":"2026-03-22T21:12:56","modified_gmt":"2026-03-22T20:12:56","slug":"sf-2019-plus-dalkove-ovladany-stojanovy-ventilator","status":"publish","type":"product","link":"https:\/\/gltestm.webology.pl\/cs\/produkt\/sf-2019-plus-dalkove-ovladany-stojanovy-ventilator\/","title":{"rendered":"SF-2019 Plus D\u00e1lkov\u011b ovl\u00e1dan\u00fd stojanov\u00fd ventil\u00e1tor"},"content":{"rendered":"<h2><strong>Fan SF 2019 Plus<\/strong> &#8211; pohodl\u00ed a osv\u011b\u017een\u00ed ve va\u0161em byt\u011b<\/h2>\n<p>Nejpohodln\u011bj\u0161\u00ed okoln\u00ed teplota pro pr\u016fm\u011brn\u00e9ho \u010dlov\u011bka se obvykle pohybuje mezi 18 a 24 \u00baC. B\u011bhem letn\u00edch vln veder v na\u0161ich bytech v\u0161ak m\u016f\u017ee tuto hodnotu zna\u010dn\u011b p\u0159ekro\u010dit &#8211; dosahuje a\u017e 30 stup\u0148\u016f! Pokud hled\u00e1te ochlazen\u00ed a v\u011bt\u0161\u00ed pohodl\u00ed, jste na spr\u00e1vn\u00e9m m\u00edst\u011b. <strong>Stojanov\u00fd ventil\u00e1tor <\/strong>Archer <strong>SF-2019 Plus <\/strong>se stane hitem, kter\u00fd rychle a \u00fa\u010dinn\u011b prom\u011bn\u00ed v\u00e1\u0161 domov op\u011bt v m\u00edsto klidn\u00e9 relaxace.<\/p>\n<p> <img fetchpriority=\"high\" decoding=\"async\" src=\"\/data\/include\/cms\/.product\/3\/3\/1033\/1.jpg\" alt=\"Wentylator stoj\u0105cy SF-2019 Plus zdalnie sterowany\" width=\"768\" height=\"480\" \/><\/p>\n<h2>Kl\u00ed\u010dov\u00e9 vlastnosti: &#8211; Vzduchov\u00fd ventil\u00e1tor je vybaven syst\u00e9mem, kter\u00fd je schopen udr\u017eet chladnou atmosf\u00e9ru:<\/h2>\n<ul>\n<li><strong>d\u00e1lkov\u00e9 ovl\u00e1d\u00e1n\u00ed<\/strong> s <strong>d\u00e1lkov\u00fdm<\/strong> ovl\u00e1d\u00e1n\u00edm<\/li>\n<li><strong>tich\u00fd provoz<\/strong> neru\u0161en\u00e1 pr\u00e1ce a sp\u00e1nek<\/li>\n<li>vestav\u011bn\u00fd<strong>program\u00e1tor <\/strong>  <\/li>\n<li><strong>odoln\u00fd<\/strong> motor <\/li>\n<li><strong>3 rychlosti ventil\u00e1toru<\/strong><\/li>\n<li><strong>2 re\u017eimy sm\u00ed\u0161en\u00e9ho provozu<\/strong><\/li>\n<li><strong>funkce automatick\u00e9ho ot\u00e1\u010den\u00ed<\/strong> (doprava a doleva v \u00fahlu 45 stup\u0148\u016f)<\/li>\n<li><strong>plynul\u00e9<\/strong> nastaven\u00ed<strong> v\u00fd\u0161ky <\/strong>    (a\u017e 130 cm)<\/li>\n<li><strong>oboustrann\u00e1 kovov\u00e1 s\u00ed\u0165ka<\/strong> ochrana<\/li>\n<li>stabiln\u00ed konstrukce<\/li>\n<li><strong>\u010cASOVA\u010c<\/strong> (od 0,5 do 7 hodin)<\/li>\n<\/ul>\n<h2><strong>D\u00e1lkov\u00e9 ovl\u00e1d\u00e1n\u00ed<\/strong> pomoc\u00edd\u00e1lkov\u00e9ho<strong>ovl\u00e1d\u00e1n\u00ed<\/strong> <\/h2>\n<p><strong>Stojanov\u00fd ventil\u00e1torLucznik SF 2019 Plus <\/strong>je vybaven <strong>d\u00e1lkov\u00fdm ovl\u00e1d\u00e1n\u00edm s d\u00e1lkov\u00fdm ov<\/strong>lada\u010dem, kter\u00fd umo\u017e\u0148uje ovl\u00e1dat p\u0159\u00edvod a z\u00e1rove\u0148 teplotu v m\u00edstnosti na d\u00e1lku, ani\u017e byste museli vst\u00e1vat z postele nebo pohovky. <\/p>\n<h2>Program\u00e1tor re\u017eim\u016f<\/h2>\n<p>Vestav\u011bn\u00fd<strong>program\u00e1tor<\/strong> v\u00e1m nav\u00edc umo\u017en\u00ed nastavit po\u017eadovan\u00fd \u010das ventil\u00e1toru, nap\u0159\u00edklad v noci nebo v dob\u011b, kdy jsme mimo domov. Jeho rozsah sah\u00e1 <strong>od 30 minut a\u017e po 7,5 hodiny<\/strong> pl\u00e1novan\u00e9ho provozu. <\/p>\n<p> <img decoding=\"async\" src=\"\/data\/include\/cms\/.product\/3\/3\/1033\/21.jpg\" alt=\"Wentylator stoj\u0105cy SF-2019 Plus zdalnie sterowany\" width=\"768\" height=\"480\" \/><\/p>\n<h2>3 rychlosti ventil\u00e1toru a 2 provozn\u00ed re\u017eimy<\/h2>\n<p>\u00da\u010dinn\u00e9 a rychl\u00e9 chlazen\u00ed vyt\u00e1p\u011bn\u00fdch m\u00edstnost\u00ed zaji\u0161\u0165uje p\u0159edev\u0161\u00edm <strong>\u0161irok\u00fd pr\u016fm\u011br<\/strong> ventil\u00e1toru, optim\u00e1ln\u00ed konstrukce vrtul\u00ed a <strong>odoln\u00fd motor vyroben\u00fd ze 100% m\u011bdi. <\/strong>Sta\u010d\u00ed jen chvilka, abyste na tv\u00e1\u0159i poc\u00edtili osv\u011b\u017euj\u00edc\u00ed chladiv\u00fd v\u00edtr. Jeho intenzitu lze pohodln\u011b regulovat podle aktu\u00e1ln\u00edch pot\u0159eb pomoc\u00ed dostupn\u00fdch nastaven\u00ed <strong>3 rychlost\u00ed ventil\u00e1toru a 2 sm\u00ed\u0161en\u00fdch re\u017eim\u016f<\/strong>.<\/p>\n<p>Mezi dostupn\u00fdmi nastaven\u00edmi m\u016f\u017eeme zvolit mimo jin\u00e9 <strong>funkci automatick\u00e9ho ot\u00e1\u010den\u00ed<\/strong>, kter\u00e1 umo\u017en\u00ed ventil\u00e1toru vyvolat pohyb vzduchu v m\u00edstnosti a z\u00e1rove\u0148 je\u0161t\u011b \u00fa\u010dinn\u011bji ochlazovat interi\u00e9r.<\/p>\n<p><img decoding=\"async\" src=\"\/data\/include\/cms\/.product\/3\/3\/1033\/4.jpg\" alt=\"Wentylator stoj\u0105cy SF-2019 Plus zdalnie sterowany\" width=\"768\" height=\"480\" \/><\/p>\n<h2>Tich\u00fd provoz na pozad\u00ed<\/h2>\n<p>Budete p\u0159ekvapeni, jak <strong>tich\u00fd<\/strong> je <strong>provoz<\/strong> ventil\u00e1toru p\u0159i pou\u017eit\u00ed n\u011bkter\u00e9ho z t\u011bchto re\u017eim\u016f &#8211; umo\u017en\u00ed v\u00e1m voln\u011b a pohodln\u011b vykon\u00e1vat jakoukoli \u010dinnost v dom\u00e1cnosti, ani\u017e by p\u0159ehlu\u0161il rozhovory a ka\u017edodenn\u00ed zvuky.<\/p>\n<p><img loading=\"lazy\" decoding=\"async\" src=\"https:\/\/galerialucznik.pl\/data\/include\/cms\/.product\/3\/3\/1033\/8.jpg\" alt=\"Wentylator stoj\u0105cy SF-2019 Plus zdalnie sterowany\" width=\"768\" height=\"480\" \/><\/p>\n<h2><strong>rozsah ot\u00e1\u010den\u00ed 90\u00b0<\/strong><\/h2>\n<p>D\u00edky funkci rota\u010dn\u00edho pohybu m\u016f\u017ee <strong>ventil\u00e1tor <\/strong>je\u0161t\u011b intenzivn\u011bji podpo\u0159it indukci pohybu vzduchu v m\u00edstnosti, co\u017e d\u00e1le sn\u00ed\u017e\u00ed jej\u00ed teplotu a umo\u017en\u00ed \u00fa\u010dinn\u011bj\u0161\u00ed ochlazov\u00e1n\u00ed je\u0161t\u011b v\u011bt\u0161\u00edho prostoru, rovnom\u011brn\u011b rozv\u00e1d\u011bj\u00edc\u00edho generovan\u00fd v\u00edtr po n\u011bm.  \u00dahel nato\u010den\u00ed<strong>ventil\u00e1toruje<\/strong> a\u017e<strong>45\u00b0 doleva a doprava<\/strong>. <\/p>\n<p><img loading=\"lazy\" decoding=\"async\" src=\"\/data\/include\/cms\/.product\/3\/3\/1033\/12.jpg\" alt=\"Wentylator stoj\u0105cy SF-2019 Plus zdalnie sterowany\" width=\"768\" height=\"480\" \/><\/p>\n<h2>Plynule nastaviteln\u00fd a\u017e do v\u00fd\u0161ky 130 cm<\/h2>\n<p><strong>Stojanov\u00fd ventil\u00e1tor <\/strong>ArcherSF<strong>2019 Plus <\/strong>m\u016f\u017eete kdykoli nastavit do v\u00fd\u0161ky, kter\u00e1 v\u00e1m vyhovuje, d\u00edky <strong>teleskopick\u00e9 v\u00fdsuvn\u00e9 z\u00e1kladn\u011b <\/strong>, kter\u00e1 umo\u017e\u0148uje jeho plynul\u00e9 zved\u00e1n\u00ed a spou\u0161t\u011bn\u00ed. Snadno se tak ochlad\u00edte, a\u0165 u\u017e stoj\u00edte u kuchy\u0148sk\u00e9 linky p\u0159i p\u0159\u00edprav\u011b ve\u010de\u0159e, odpo\u010d\u00edv\u00e1te na pohovce nebo le\u017e\u00edte na posteli.<\/p>\n<p><img loading=\"lazy\" decoding=\"async\" src=\"\/data\/include\/cms\/.product\/3\/3\/1033\/16.jpg\" alt=\"Wentylator stoj\u0105cy SF-2019 Plus zdalnie sterowany\" width=\"768\" height=\"480\" \/> <\/p>\n<h2>Bezpe\u010dn\u00e1 konstrukce se \u0161irok\u00fdmi st\u00edn\u011bn\u00fdmi vrtulemi<\/h2>\n<p>Abyste byli <strong>vy i va\u0161i bl\u00edz<\/strong> c\u00ed v co nejv\u011bt\u0161\u00edm bezpe\u010d\u00ed, jsou vrtule ventil\u00e1toru chr\u00e1n\u011bny \u0161t\u00edtem v podob\u011b kovov\u00e9 m\u0159\u00ed\u017eky. <strong>Stabiln\u00ed<\/strong> konstrukce naopak nedovol\u00ed, aby se p\u0159i vesel\u00fdch hr\u00e1ch va\u0161ich d\u011bt\u00ed nebo vnou\u010dat necht\u011bn\u011b p\u0159evrhl.<\/p>\n<p><img loading=\"lazy\" decoding=\"async\" src=\"\/data\/include\/cms\/.product\/3\/3\/1033\/20.jpg\" alt=\"Wentylator stoj\u0105cy SF-2019 Plus zdalnie sterowany\" width=\"768\" height=\"480\" \/><\/p>\n<h2>Stylov\u00fd a modern\u00ed design<\/h2>\n<p><strong>Nelze pominout, \u017ee stojanov\u00fd ventil\u00e1tor Archer SF 2019 Plus <\/strong>dokonale zapadne do interi\u00e9ru va\u0161\u00ed dom\u00e1cnosti d\u00edky sv\u00e9mu mimo\u0159\u00e1dn\u011b estetick\u00e9mu, elegantn\u00edmu designu v \u010dern\u00e9m odst\u00ednu.<\/p>\n<p> <img loading=\"lazy\" decoding=\"async\" src=\"\/data\/include\/cms\/.product\/3\/3\/1033\/2.jpg\" alt=\"Wentylator stoj\u0105cy SF-2019 Plus zdalnie sterowany\" width=\"768\" height=\"480\" \/><\/p>\n<h2>z\u00e1ruka v\u00fdrobce 24 m\u011bs\u00edc\u016f<\/h2>\n<p>Na<strong>ventil\u00e1tor <\/strong>je poskytov\u00e1na 24m\u011bs\u00ed\u010dn\u00ed z\u00e1ruka a n\u00e1vod k pou\u017eit\u00ed v polsk\u00e9m a anglick\u00e9m jazyce, kter\u00fd byste si m\u011bli p\u0159e\u010d\u00edst p\u0159ed jeho pou\u017eit\u00edm.<\/p>\n","protected":false},"excerpt":{"rendered":"<p>Ide\u00e1ln\u00ed ventil\u00e1tor do dom\u00e1cnosti i kancel\u00e1\u0159e. 3 rychlosti ventil\u00e1toru. 2 re\u017eimy provozu. v\u00fd\u0161ka 130 cm. pr\u016fm\u011br 40 cm. Rozsah ot\u00e1\u010den\u00ed 90\u00b0 (vlevo-vpravo).<\/p>\n","protected":false},"featured_media":12932,"comment_status":"open","ping_status":"closed","template":"","meta":[],"product_brand":[],"product_cat":[641],"product_tag":[],"class_list":{"0":"post-17169","1":"product","2":"type-product","3":"status-publish","4":"has-post-thumbnail","6":"product_cat-wentylatory","8":"first","9":"instock","10":"taxable","11":"shipping-taxable","12":"purchasable","13":"product-type-simple"},"_links":{"self":[{"href":"https:\/\/gltestm.webology.pl\/cs\/wp-json\/wp\/v2\/product\/17169","targetHints":{"allow":["GET"]}}],"collection":[{"href":"https:\/\/gltestm.webology.pl\/cs\/wp-json\/wp\/v2\/product"}],"about":[{"href":"https:\/\/gltestm.webology.pl\/cs\/wp-json\/wp\/v2\/types\/product"}],"replies":[{"embeddable":true,"href":"https:\/\/gltestm.webology.pl\/cs\/wp-json\/wp\/v2\/comments?post=17169"}],"version-history":[{"count":0,"href":"https:\/\/gltestm.webology.pl\/cs\/wp-json\/wp\/v2\/product\/17169\/revisions"}],"wp:featuredmedia":[{"embeddable":true,"href":"https:\/\/gltestm.webology.pl\/cs\/wp-json\/wp\/v2\/media\/12932"}],"wp:attachment":[{"href":"https:\/\/gltestm.webology.pl\/cs\/wp-json\/wp\/v2\/media?parent=17169"}],"wp:term":[{"taxonomy":"product_brand","embeddable":true,"href":"https:\/\/gltestm.webology.pl\/cs\/wp-json\/wp\/v2\/product_brand?post=17169"},{"taxonomy":"product_cat","embeddable":true,"href":"https:\/\/gltestm.webology.pl\/cs\/wp-json\/wp\/v2\/product_cat?post=17169"},{"taxonomy":"product_tag","embeddable":true,"href":"https:\/\/gltestm.webology.pl\/cs\/wp-json\/wp\/v2\/product_tag?post=17169"}],"curies":[{"name":"wp","href":"https:\/\/api.w.org\/{rel}","templated":true}]}}