{"id":17161,"date":"2026-03-18T22:04:20","date_gmt":"2026-03-18T21:04:20","guid":{"rendered":"https:\/\/gltestm.webology.pl\/produkt\/vysousec-vlasu-hd-212-satin-premium\/"},"modified":"2026-03-22T21:55:27","modified_gmt":"2026-03-22T20:55:27","slug":"vysousec-vlasu-hd-212-satin-premium","status":"publish","type":"product","link":"https:\/\/gltestm.webology.pl\/cs\/produkt\/vysousec-vlasu-hd-212-satin-premium\/","title":{"rendered":"Vysou\u0161e\u010d vlas\u016f HD-212 Satin Premium"},"content":{"rendered":"<h2>F\u00e9n na vlasy Lucznik HD &#8211; 212<\/h2>\n<p><strong>Mal\u00fd<\/strong> vysou\u0161e\u010d vlas\u016f se velmi hod\u00ed p\u0159i jak\u00e9mkoli <strong>cestov\u00e1n\u00ed<\/strong> &#8211; pozn\u00e1vac\u00edch v\u00fdletech s p\u0159\u00e1teli, slu\u017eebn\u00edch cest\u00e1ch i d\u00e1lkov\u00fdch v\u00fdletech. Vyplat\u00ed se ho m\u00edt tak\u00e9 ve sportovn\u00ed ta\u0161ce, kdy\u017e jdete do baz\u00e9nu, posilovny nebo na jin\u00fd sportovn\u00ed tr\u00e9nink.<\/p>\n<h2>Kl\u00ed\u010dov\u00e9 vlastnosti<\/h2>\n<ul>\n<li>Maxim\u00e1ln\u00ed v\u00fdkon: 1200 W<\/li>\n<li>2 rychlosti fouk\u00e1n\u00ed<\/li>\n<li>Skl\u00e1dac\u00ed rukoje\u0165<\/li>\n<li>Kompaktn\u00ed rozm\u011bry a n\u00edzk\u00e1 hmotnost<\/li>\n<li>Sou\u010d\u00e1st\u00ed balen\u00ed je koncentr\u00e1tor<\/li>\n<li>Funk\u010dn\u00ed rukoje\u0165 pro zav\u011b\u0161en\u00ed vysou\u0161e\u010de<\/li>\n<\/ul>\n<h2>Kompaktn\u00ed rozm\u011bry a n\u00edzk\u00e1 hmotnost<\/h2>\n<p>F\u00e9n Lucznik HD &#8211; <strong>212compact<\/strong> je ide\u00e1ln\u00ed pro sbalen\u00ed do kufru, cestovn\u00ed ta\u0161ky nebo batohu. D\u00edky sv\u00e9 <strong>n\u00edzk\u00e9 hmotnosti<\/strong> a <strong>mal\u00fdm rozm\u011br\u016fm<\/strong> nezabere mnoho m\u00edsta ur\u010den\u00e9ho pro jin\u00e1 zavazadla.<\/p>\n<h2>Skl\u00e1dac\u00ed rukoje\u0165<\/h2>\n<p>Vysou\u0161e\u010d vlas\u016f Lucznik HD &#8211; 212 m\u00e1 tak\u00e9 <strong>skl\u00e1dac\u00ed<\/strong> <strong>rukoje\u0165<\/strong>, kter\u00e1 v\u00e1m umo\u017en\u00ed pohodln\u011b jej zasunout do kapsy batohu nebo sportovn\u00ed ta\u0161ky.<\/p>\n<h2>2 rychlosti fouk\u00e1n\u00ed a v\u00fdkon 1200 W<\/h2>\n<p>U tohoto modelu si m\u016f\u017eete vybrat ze <strong>2<\/strong>rychlost\u00ed <strong>fouk\u00e1n\u00ed<\/strong>, co\u017e v\u00e1m umo\u017en\u00ed nastavit v\u00fdkon su\u0161en\u00ed podle va\u0161ich aktu\u00e1ln\u00edch pot\u0159eb. Maxim\u00e1ln\u00ed v\u00fdkon su\u0161i\u010dky je a\u017e <strong>1200 watt\u016f<\/strong>. A\u0165 u\u017e pot\u0159ebujete vymodelovat vlasy po myt\u00ed nebo pomoci vysu\u0161it \u0161aty vypran\u00e9 po st\u0159etu se zmrzlinou, su\u0161i\u010dka Lucznik HD &#8211; 212 v\u017edy odvede svou pr\u00e1ci.<\/p>\n<h2>Koncentr\u00e1tor vzduchu v\u00e1m usnadn\u00ed modelov\u00e1n\u00ed<\/h2>\n<p>Vysou\u0161e\u010d Lucznik HD &#8211; 212 je vybaven tak\u00e9 <strong>koncentr\u00e1torem<\/strong> <strong>vzduchu<\/strong>, kter\u00fd v\u00e1m usnadn\u00ed <strong>modelov\u00e1n\u00ed<\/strong> \u00fa\u010desu a nasm\u011bruje proud hork\u00e9ho vzduchu na konkr\u00e9tn\u00ed m\u00edsto.<\/p>\n<h2>Stylov\u00fd a funk\u010dn\u00ed design<\/h2>\n<p>D\u00edky velmi stylov\u00e9mu a pohodln\u00e9mu designu pouzdra vysou\u0161e\u010de je jeho pou\u017e\u00edv\u00e1n\u00ed skute\u010dn\u00fdm pot\u011b\u0161en\u00edm. Po skon\u010den\u00ed pr\u00e1ce m\u016f\u017eete vysou\u0161e\u010d vlas\u016f HD &#8211; 212 snadno um\u00edstit na v\u011b\u0161\u00e1k nebo h\u00e1\u010dek pomoc\u00ed <strong>z\u00e1v\u011bsn\u00e9ho dr\u017e\u00e1ku<\/strong> um\u00edst\u011bn\u00e9ho v rukojeti.<\/p>\n<h2>z\u00e1ruka 24 m\u011bs\u00edc\u016f<\/h2>\n<p>Na vysou\u0161e\u010d je <strong>poskytov\u00e1na 24m\u011bs\u00ed\u010dn\u00ed z\u00e1ruka<\/strong> a n\u00e1vod k pou\u017eit\u00ed v pol\u0161tin\u011b, kter\u00fd byste si m\u011bli p\u0159ed pou\u017eit\u00edm p\u0159e\u010d\u00edst.<\/p>\n","protected":false},"excerpt":{"rendered":"<p>Kompaktn\u00ed cestovn\u00ed vysou\u0161e\u010d vlas\u016f s koncentr\u00e1torem vzduchu<\/p>\n","protected":false},"featured_media":12929,"comment_status":"open","ping_status":"closed","template":"","meta":[],"product_brand":[],"product_cat":[681],"product_tag":[],"class_list":{"0":"post-17161","1":"product","2":"type-product","3":"status-publish","4":"has-post-thumbnail","6":"product_cat-suszarki-do-wlosow","8":"first","9":"instock","10":"taxable","11":"shipping-taxable","12":"purchasable","13":"product-type-simple"},"_links":{"self":[{"href":"https:\/\/gltestm.webology.pl\/cs\/wp-json\/wp\/v2\/product\/17161","targetHints":{"allow":["GET"]}}],"collection":[{"href":"https:\/\/gltestm.webology.pl\/cs\/wp-json\/wp\/v2\/product"}],"about":[{"href":"https:\/\/gltestm.webology.pl\/cs\/wp-json\/wp\/v2\/types\/product"}],"replies":[{"embeddable":true,"href":"https:\/\/gltestm.webology.pl\/cs\/wp-json\/wp\/v2\/comments?post=17161"}],"version-history":[{"count":0,"href":"https:\/\/gltestm.webology.pl\/cs\/wp-json\/wp\/v2\/product\/17161\/revisions"}],"wp:featuredmedia":[{"embeddable":true,"href":"https:\/\/gltestm.webology.pl\/cs\/wp-json\/wp\/v2\/media\/12929"}],"wp:attachment":[{"href":"https:\/\/gltestm.webology.pl\/cs\/wp-json\/wp\/v2\/media?parent=17161"}],"wp:term":[{"taxonomy":"product_brand","embeddable":true,"href":"https:\/\/gltestm.webology.pl\/cs\/wp-json\/wp\/v2\/product_brand?post=17161"},{"taxonomy":"product_cat","embeddable":true,"href":"https:\/\/gltestm.webology.pl\/cs\/wp-json\/wp\/v2\/product_cat?post=17161"},{"taxonomy":"product_tag","embeddable":true,"href":"https:\/\/gltestm.webology.pl\/cs\/wp-json\/wp\/v2\/product_tag?post=17161"}],"curies":[{"name":"wp","href":"https:\/\/api.w.org\/{rel}","templated":true}]}}