{"id":17153,"date":"2026-03-18T22:04:20","date_gmt":"2026-03-18T21:04:20","guid":{"rendered":"https:\/\/gltestm.webology.pl\/produkt\/elektricky-mlynek-na-zrnkovou-kavu-cg-2019\/"},"modified":"2026-03-22T21:54:38","modified_gmt":"2026-03-22T20:54:38","slug":"elektricky-mlynek-na-zrnkovou-kavu-cg-2019","status":"publish","type":"product","link":"https:\/\/gltestm.webology.pl\/cs\/produkt\/elektricky-mlynek-na-zrnkovou-kavu-cg-2019\/","title":{"rendered":"Elektrick\u00fd ml\u00fdnek na zrnkovou k\u00e1vu CG-2019"},"content":{"rendered":"<h2><strong>Elektrick\u00fd ml\u00fdnek na k\u00e1vu Lucznik CG-2019 &#8211; sta\u0148te se baristou u v\u00e1s doma!<strong><br \/><\/strong><\/strong><\/h2>\n<p>S ml\u00fdnkem na k\u00e1vu <strong>Lucznik CG-2019<\/strong> si p\u0159iprav\u00edte dokonalou k\u00e1vu &#8211; p\u0159esn\u011b takovou, jakou m\u00e1te r\u00e1di. Tlou\u0161\u0165ka mlet\u00ed je vhodn\u00e1 pro v\u0161echny druhy zp\u016fsob\u016f p\u0159\u00edpravy k\u00e1vy: tradi\u010dn\u00ed i pro p\u0159\u00edpravu v tlakov\u00fdch, p\u0159ekap\u00e1vac\u00edch a alternativn\u00edch k\u00e1vovarech. French press? Chemex? P\u0159ekap\u00e1vanou k\u00e1vu? Aeropress? \u017d\u00e1dn\u00fd probl\u00e9m! Osmn\u00e1ctistup\u0148ov\u00e9 odstup\u0148ov\u00e1n\u00ed mlet\u00ed v\u00e1m umo\u017en\u00ed zvolit spr\u00e1vnou velikost k\u00e1vov\u00fdch \u010d\u00e1stic pro v\u00e1\u0161 obl\u00edben\u00fd zp\u016fsob p\u0159\u00edpravy a poskytne v\u00e1m p\u0159\u00edle\u017eitost divoce experimentovat s r\u016fzn\u00fdmi druhy k\u00e1v z cel\u00e9ho sv\u011bta. A\u0165 u\u017e m\u00e1te chu\u0165 na dvojit\u00e9 espresso, klasickou \u010dernou p\u0159ekap\u00e1vanou k\u00e1vu nebo sametov\u00e9 latt\u00e9, spr\u00e1vnou p\u0159\u00edpravu k\u00e1vy pro spa\u0159en\u00ed zvl\u00e1dnete snadno.<\/p>\n<p><strong>K\u00e1voml\u00fdnek Lucznik CG-2019<\/strong> je p\u0159\u00edstroj pro opravdu n\u00e1ro\u010dn\u00e9 milovn\u00edky k\u00e1vy. Umo\u017e\u0148uje profesion\u00e1ln\u011b naml\u00edt k\u00e1vu pro r\u016fzn\u00e9 zp\u016fsoby p\u0159\u00edpravy, p\u0159i\u010dem\u017e v\u00e1m d\u00e1v\u00e1 na v\u00fdb\u011br a\u017e z <strong>18 stup\u0148\u016f mlet\u00ed<\/strong>. Pohodln\u00fd voli\u010d p\u0159ehledn\u011b ukazuje, jak\u00e9mu zp\u016fsobu p\u0159\u00edpravy k\u00e1vy odpov\u00edd\u00e1 ka\u017ed\u00fd stupe\u0148 mlet\u00ed.<\/p>\n<p>Kovov\u00fd mechanismus ml\u00fdnku zaji\u0161\u0165uje p\u0159esn\u00fd a efektivn\u00ed provoz za v\u0161ech podm\u00ednek, d\u00edky sv\u00e9 p\u0159esnosti a odolnosti se stane sv\u011bdkem nes\u010detn\u00fdch k\u00e1vov\u00fdch setk\u00e1n\u00ed s p\u0159\u00e1teli a sv\u011b\u017e\u00edch r\u00e1n.<\/p>\n<p><span>Ml\u00fdnek na<strong>k\u00e1vu Lucznik CG-2019<\/strong> disponuje <strong>inteligentn\u00edm d\u00e1vkovac\u00edm syst\u00e9mem<\/strong>, d\u00edky kter\u00e9mu p\u0159esn\u011b p\u0159iprav\u00edte odm\u011b\u0159enou k\u00e1vu pro v\u00edce osob &#8211; <strong>a\u017e 14 \u0161\u00e1lk\u016f<\/strong>. Nezaleknete se tak \u017e\u00e1dn\u00e9 rodinn\u00e9 oslavy ani ne\u010dekan\u00e9 n\u00e1v\u0161t\u011bvy p\u0159\u00e1tel. Zejm\u00e9na proto, \u017ee kapacita jeho komory na mletou k\u00e1vu umo\u017e\u0148uje um\u00edstit a\u017e<strong> 240 <\/strong>g k\u00e1vy<strong>. <\/strong>Samotn\u00fd z\u00e1sobn\u00edk na k\u00e1vov\u00e1 zrna jich pojme<strong> 95 g<\/strong>. Ml\u00fdnek na k\u00e1vu Lucznik <strong>CG-2019<\/strong> je tak\u00e9 energeticky \u00fasporn\u00fd a d\u00edky tomu, \u017ee n\u00e1m u\u0161et\u0159\u00ed zbyte\u010dnou n\u00e1mahu, <strong>se po dokon\u010den\u00ed automaticky vyp<\/strong>ne. <\/span><\/p>\n<p><span>Ml\u00fdnek na k\u00e1vu Lucznik CG-2019Coffee<strong>Gr<\/strong> inder vypad\u00e1 <strong>stylov\u011b a profesion\u00e1ln\u011b<\/strong> na ka\u017ed\u00e9 kuchy\u0148sk\u00e9 lince. Jeho <strong>protiskluzov\u00e9 no\u017ei\u010dky<\/strong> na spodn\u00ed stran\u011b chr\u00e1n\u00ed p\u0159\u00edstroj p\u0159ed n\u00e1hodn\u00fdm pohybem. Kdy\u017e u\u017e mluv\u00edme o bezpe\u010dnosti, stoj\u00ed za zm\u00ednku, \u017ee tento ml\u00fdnek m\u00e1 <strong>certifik\u00e1t TUI<\/strong> &#8211; d\u00edky tomuto ozna\u010den\u00ed si m\u016f\u017eeme b\u00fdt jisti, \u017ee p\u0159\u00edstroj byl komplexn\u011b testov\u00e1n na elektrick\u00e9, mechanick\u00e9, toxick\u00e9, a dokonce i tepeln\u00e9 a radiologick\u00e9 \u00fa\u010dinky. Byla tak\u00e9 zkontrolov\u00e1na odolnost v\u016f\u010di tlaku, elektroizola\u010dn\u00ed vlastnosti a dal\u0161\u00ed faktory, kter\u00e9 p\u0159\u00edmo ovliv\u0148uj\u00ed bezpe\u010dnost u\u017eivatele p\u0159i provozu.<\/span><\/p>\n<p><span>Na<strong>k\u00e1vovarLucznik CG-2019<\/strong> je poskytov\u00e1na dvoulet\u00e1 z\u00e1ruka a n\u00e1vod k pou\u017eit\u00ed v polsk\u00e9m jazyce, kter\u00fd je t\u0159eba si p\u0159ed pou\u017eit\u00edm p\u0159e\u010d\u00edst.<\/span><\/p>\n","protected":false},"excerpt":{"rendered":"<p>S ml\u00fdnkem na k\u00e1vu Lucznik CG-2019 si p\u0159iprav\u00edte dokonalou k\u00e1vu p\u0159esn\u011b tak, jak ji m\u00e1te r\u00e1di. Hrubost mlet\u00ed odpov\u00edd\u00e1 r\u016fzn\u00fdm typ\u016fm zp\u016fsob\u016f p\u0159\u00edpravy k\u00e1vy: tradi\u010dn\u00ed, tlakov\u00e9, pour-over a alternativn\u00ed k\u00e1vovary<\/p>\n","protected":false},"featured_media":13553,"comment_status":"open","ping_status":"closed","template":"","meta":[],"product_brand":[],"product_cat":[591],"product_tag":[],"class_list":{"0":"post-17153","1":"product","2":"type-product","3":"status-publish","4":"has-post-thumbnail","6":"product_cat-mlynki","8":"first","9":"instock","10":"taxable","11":"shipping-taxable","12":"purchasable","13":"product-type-simple"},"_links":{"self":[{"href":"https:\/\/gltestm.webology.pl\/cs\/wp-json\/wp\/v2\/product\/17153","targetHints":{"allow":["GET"]}}],"collection":[{"href":"https:\/\/gltestm.webology.pl\/cs\/wp-json\/wp\/v2\/product"}],"about":[{"href":"https:\/\/gltestm.webology.pl\/cs\/wp-json\/wp\/v2\/types\/product"}],"replies":[{"embeddable":true,"href":"https:\/\/gltestm.webology.pl\/cs\/wp-json\/wp\/v2\/comments?post=17153"}],"version-history":[{"count":0,"href":"https:\/\/gltestm.webology.pl\/cs\/wp-json\/wp\/v2\/product\/17153\/revisions"}],"wp:featuredmedia":[{"embeddable":true,"href":"https:\/\/gltestm.webology.pl\/cs\/wp-json\/wp\/v2\/media\/13553"}],"wp:attachment":[{"href":"https:\/\/gltestm.webology.pl\/cs\/wp-json\/wp\/v2\/media?parent=17153"}],"wp:term":[{"taxonomy":"product_brand","embeddable":true,"href":"https:\/\/gltestm.webology.pl\/cs\/wp-json\/wp\/v2\/product_brand?post=17153"},{"taxonomy":"product_cat","embeddable":true,"href":"https:\/\/gltestm.webology.pl\/cs\/wp-json\/wp\/v2\/product_cat?post=17153"},{"taxonomy":"product_tag","embeddable":true,"href":"https:\/\/gltestm.webology.pl\/cs\/wp-json\/wp\/v2\/product_tag?post=17153"}],"curies":[{"name":"wp","href":"https:\/\/api.w.org\/{rel}","templated":true}]}}