{"id":17145,"date":"2026-03-18T22:04:19","date_gmt":"2026-03-18T21:04:19","guid":{"rendered":"https:\/\/gltestm.webology.pl\/produkt\/ochrana-prstu-pro-stroje-mini-a-lena\/"},"modified":"2026-03-22T21:54:26","modified_gmt":"2026-03-22T20:54:26","slug":"ochrana-prstu-pro-stroje-mini-a-lena","status":"publish","type":"product","link":"https:\/\/gltestm.webology.pl\/cs\/produkt\/ochrana-prstu-pro-stroje-mini-a-lena\/","title":{"rendered":"Ochrana prst\u016f pro stroje Mini a Lena"},"content":{"rendered":"<p><strong>N\u00e1hradn\u00ed d\u00edl pro \u0161ic\u00ed stroje Lucznik Mini a Lena &#8211; ochrana prst\u016f<\/strong><\/p>\n<p>Chr\u00e1ni\u010d prst\u016f u model\u016f Mini a Lena je p\u0159ipevn\u011bn k rukojeti um\u00edst\u011bn\u00e9 na stroji.<\/p>\n","protected":false},"excerpt":{"rendered":"<p>N\u00e1hradn\u00ed d\u00edl pro \u0161ic\u00ed stroje Lucznik Mini a Lena<\/p>\n","protected":false},"featured_media":14675,"comment_status":"open","ping_status":"closed","template":"","meta":[],"product_brand":[],"product_cat":[551],"product_tag":[],"class_list":{"0":"post-17145","1":"product","2":"type-product","3":"status-publish","4":"has-post-thumbnail","6":"product_cat-oslonki-na-palce","8":"first","9":"instock","10":"taxable","11":"shipping-taxable","12":"purchasable","13":"product-type-simple"},"_links":{"self":[{"href":"https:\/\/gltestm.webology.pl\/cs\/wp-json\/wp\/v2\/product\/17145","targetHints":{"allow":["GET"]}}],"collection":[{"href":"https:\/\/gltestm.webology.pl\/cs\/wp-json\/wp\/v2\/product"}],"about":[{"href":"https:\/\/gltestm.webology.pl\/cs\/wp-json\/wp\/v2\/types\/product"}],"replies":[{"embeddable":true,"href":"https:\/\/gltestm.webology.pl\/cs\/wp-json\/wp\/v2\/comments?post=17145"}],"version-history":[{"count":0,"href":"https:\/\/gltestm.webology.pl\/cs\/wp-json\/wp\/v2\/product\/17145\/revisions"}],"wp:featuredmedia":[{"embeddable":true,"href":"https:\/\/gltestm.webology.pl\/cs\/wp-json\/wp\/v2\/media\/14675"}],"wp:attachment":[{"href":"https:\/\/gltestm.webology.pl\/cs\/wp-json\/wp\/v2\/media?parent=17145"}],"wp:term":[{"taxonomy":"product_brand","embeddable":true,"href":"https:\/\/gltestm.webology.pl\/cs\/wp-json\/wp\/v2\/product_brand?post=17145"},{"taxonomy":"product_cat","embeddable":true,"href":"https:\/\/gltestm.webology.pl\/cs\/wp-json\/wp\/v2\/product_cat?post=17145"},{"taxonomy":"product_tag","embeddable":true,"href":"https:\/\/gltestm.webology.pl\/cs\/wp-json\/wp\/v2\/product_tag?post=17145"}],"curies":[{"name":"wp","href":"https:\/\/api.w.org\/{rel}","templated":true}]}}