{"id":17137,"date":"2026-03-18T22:04:19","date_gmt":"2026-03-18T21:04:19","guid":{"rendered":"https:\/\/gltestm.webology.pl\/produkt\/zavitovy-trn-pro-mini-stroj\/"},"modified":"2026-03-22T21:54:25","modified_gmt":"2026-03-22T20:54:25","slug":"zavitovy-trn-pro-mini-stroj","status":"publish","type":"product","link":"https:\/\/gltestm.webology.pl\/cs\/produkt\/zavitovy-trn-pro-mini-stroj\/","title":{"rendered":"Z\u00e1vitov\u00fd trn pro mini stroj"},"content":{"rendered":"<p><strong>Nit\u011bc\u00ed trn pro d\u011btsk\u00fd \u0161ic\u00ed stroj Lucznik Mini<\/strong><\/p>\n<p><strong>Drobn\u00e9 odn\u00edmateln\u00e9 p\u0159edm\u011bty<\/strong> maj\u00ed tendenci mizet za nevysv\u011btliteln\u00fdch okolnost\u00ed &#8211; zejm\u00e9na v d\u011btsk\u00e9m pokoji. Pravd\u011bpodobn\u011b se dostanou tam, kam se ztratily v\u0161echny puzzle, kostky a boty pro panenky Barbie&#8230;.. Proto je lep\u0161\u00ed m\u00edt n\u011bkolik takov\u00fdch d\u00edl\u016f v z\u00e1loze. <\/p>\n<p><strong>T\u0159men nit\u011b<\/strong> umo\u017e\u0148uje vertik\u00e1ln\u00ed upevn\u011bn\u00ed c\u00edvky ve stroji tak, aby se nezamot\u00e1vala, z\u016fstala na sv\u00e9m m\u00edst\u011b, spr\u00e1vn\u011b proch\u00e1zela vod\u00edtky a m\u011bla spr\u00e1vn\u00e9 nap\u011bt\u00ed. <\/p>\n<p>Tato polo\u017eka je vhodn\u00e1 pro <a href=\"https:\/\/galerialucznik.pl\/pl\/menu\/dla-dzieci\/maszyny-dla-dzieci-687.html\" target=\"_blank\" rel=\"noopener\"><strong>d\u011btsk\u00fd \u0161ic\u00ed strojLucznik<\/strong> <\/a><strong>Mini<\/strong> <a href=\"https:\/\/galerialucznik.pl\/pl\/menu\/dla-dzieci\/maszyny-dla-dzieci-687.html\" target=\"_blank\" rel=\"noopener\">. <\/a><\/p>\n","protected":false},"excerpt":{"rendered":"<p>Odn\u00edmateln\u00e1 z\u00e1vitov\u00e1 z\u00e1kladna namontovan\u00e1 v pouzd\u0159e modelu Lucznik Mini<\/p>\n","protected":false},"featured_media":14241,"comment_status":"open","ping_status":"closed","template":"","meta":[],"product_brand":[],"product_cat":[511],"product_tag":[],"class_list":{"0":"post-17137","1":"product","2":"type-product","3":"status-publish","4":"has-post-thumbnail","6":"product_cat-trzpienie-do-maszyn","8":"first","9":"instock","10":"taxable","11":"shipping-taxable","12":"purchasable","13":"product-type-simple"},"_links":{"self":[{"href":"https:\/\/gltestm.webology.pl\/cs\/wp-json\/wp\/v2\/product\/17137","targetHints":{"allow":["GET"]}}],"collection":[{"href":"https:\/\/gltestm.webology.pl\/cs\/wp-json\/wp\/v2\/product"}],"about":[{"href":"https:\/\/gltestm.webology.pl\/cs\/wp-json\/wp\/v2\/types\/product"}],"replies":[{"embeddable":true,"href":"https:\/\/gltestm.webology.pl\/cs\/wp-json\/wp\/v2\/comments?post=17137"}],"version-history":[{"count":0,"href":"https:\/\/gltestm.webology.pl\/cs\/wp-json\/wp\/v2\/product\/17137\/revisions"}],"wp:featuredmedia":[{"embeddable":true,"href":"https:\/\/gltestm.webology.pl\/cs\/wp-json\/wp\/v2\/media\/14241"}],"wp:attachment":[{"href":"https:\/\/gltestm.webology.pl\/cs\/wp-json\/wp\/v2\/media?parent=17137"}],"wp:term":[{"taxonomy":"product_brand","embeddable":true,"href":"https:\/\/gltestm.webology.pl\/cs\/wp-json\/wp\/v2\/product_brand?post=17137"},{"taxonomy":"product_cat","embeddable":true,"href":"https:\/\/gltestm.webology.pl\/cs\/wp-json\/wp\/v2\/product_cat?post=17137"},{"taxonomy":"product_tag","embeddable":true,"href":"https:\/\/gltestm.webology.pl\/cs\/wp-json\/wp\/v2\/product_tag?post=17137"}],"curies":[{"name":"wp","href":"https:\/\/api.w.org\/{rel}","templated":true}]}}