{"id":17129,"date":"2026-03-18T22:04:18","date_gmt":"2026-03-18T21:04:18","guid":{"rendered":"https:\/\/gltestm.webology.pl\/produkt\/filtr-pro-vysavac-lucznik-op-2018\/"},"modified":"2026-03-22T21:54:21","modified_gmt":"2026-03-22T20:54:21","slug":"filtr-pro-vysavac-lucznik-op-2018","status":"publish","type":"product","link":"https:\/\/gltestm.webology.pl\/cs\/produkt\/filtr-pro-vysavac-lucznik-op-2018\/","title":{"rendered":"Filtr pro vysava\u010d Lucznik OP-2018"},"content":{"rendered":"<h2><span>Omyvateln\u00e1 filtra\u010dn\u00ed sestava pro vysava\u010de Lucznik OP-2018<\/span><\/h2>\n<p><span>Standardn\u00ed n\u00e1hradn\u00ed filtra\u010dn\u00ed sestava, kter\u00e1 je vhodn\u00e1 pro model stojat\u00e9ho vysava\u010de OP-2018. Doporu\u010duje se vym\u011bnit filtr ka\u017ed\u00e9 <strong>3 m\u011bs\u00edce pou\u017e\u00edv\u00e1n\u00ed<\/strong>. V p\u0159\u00edpad\u011b neefektivn\u00edho provozu vysava\u010de <strong>vy\u010dist\u011bte oba filtry vodou<\/strong> a nechte je zcela vyschnout. <\/span><\/p>\n<h2><span>Filtra\u010dn\u00ed sestava se skl\u00e1d\u00e1 z:<\/span><\/h2>\n<ul>\n<li><span>vn\u011bj\u0161\u00edho filtru <\/span><span><strong>s\u00ed\u0165ov\u00e9ho<\/strong><\/span> filtru &#8211;<span> zadr\u017euje<\/span><span> p\u00edsek a v\u011bt\u0161\u00ed ne\u010distoty<\/span><\/li>\n<li><span>vnit\u0159n\u00edho <\/span><span><strong>tkaninov\u00e9ho<\/strong><\/span> filtru &#8211; <span>zadr\u017euje<\/span><span> jemn\u00e9<\/span> ne\u010distoty<\/li>\n<\/ul>\n<p><span>Pozn\u00e1mka &#8211;<\/span><span>pro<\/span><span> spr\u00e1vn\u00fd provoz vysava\u010de<\/span><span>je<\/span><span>nutn\u00e1<\/span><span> <strong>kompletn\u00ed<\/strong><\/span> filtra\u010dn\u00ed sestava<span>(2 filtry najednou<\/span>).<span>Pokud jeden z filtr\u016f chyb\u00ed, m\u016f\u017ee doj\u00edt k po\u0161kozen\u00ed vysava\u010de.<\/span><\/p>\n","protected":false},"excerpt":{"rendered":"<p>Sestava filtru, kter\u00e1 se hod\u00ed k vysava\u010di Lucznik OP-2018<\/p>\n","protected":false},"featured_media":14179,"comment_status":"open","ping_status":"closed","template":"","meta":[],"product_brand":[],"product_cat":[631],"product_tag":[],"class_list":{"0":"post-17129","1":"product","2":"type-product","3":"status-publish","4":"has-post-thumbnail","6":"product_cat-odkurzacze","8":"first","9":"instock","10":"taxable","11":"shipping-taxable","12":"purchasable","13":"product-type-simple"},"_links":{"self":[{"href":"https:\/\/gltestm.webology.pl\/cs\/wp-json\/wp\/v2\/product\/17129","targetHints":{"allow":["GET"]}}],"collection":[{"href":"https:\/\/gltestm.webology.pl\/cs\/wp-json\/wp\/v2\/product"}],"about":[{"href":"https:\/\/gltestm.webology.pl\/cs\/wp-json\/wp\/v2\/types\/product"}],"replies":[{"embeddable":true,"href":"https:\/\/gltestm.webology.pl\/cs\/wp-json\/wp\/v2\/comments?post=17129"}],"version-history":[{"count":0,"href":"https:\/\/gltestm.webology.pl\/cs\/wp-json\/wp\/v2\/product\/17129\/revisions"}],"wp:featuredmedia":[{"embeddable":true,"href":"https:\/\/gltestm.webology.pl\/cs\/wp-json\/wp\/v2\/media\/14179"}],"wp:attachment":[{"href":"https:\/\/gltestm.webology.pl\/cs\/wp-json\/wp\/v2\/media?parent=17129"}],"wp:term":[{"taxonomy":"product_brand","embeddable":true,"href":"https:\/\/gltestm.webology.pl\/cs\/wp-json\/wp\/v2\/product_brand?post=17129"},{"taxonomy":"product_cat","embeddable":true,"href":"https:\/\/gltestm.webology.pl\/cs\/wp-json\/wp\/v2\/product_cat?post=17129"},{"taxonomy":"product_tag","embeddable":true,"href":"https:\/\/gltestm.webology.pl\/cs\/wp-json\/wp\/v2\/product_tag?post=17129"}],"curies":[{"name":"wp","href":"https:\/\/api.w.org\/{rel}","templated":true}]}}