{"id":17125,"date":"2026-03-18T22:04:18","date_gmt":"2026-03-18T21:04:18","guid":{"rendered":"https:\/\/gltestm.webology.pl\/produkt\/pedalovy-kabel-pro-sici-stroj-u-118\/"},"modified":"2026-03-22T21:54:16","modified_gmt":"2026-03-22T20:54:16","slug":"pedalovy-kabel-pro-sici-stroj-u-118","status":"publish","type":"product","link":"https:\/\/gltestm.webology.pl\/cs\/produkt\/pedalovy-kabel-pro-sici-stroj-u-118\/","title":{"rendered":"Ped\u00e1lov\u00fd kabel pro \u0161ic\u00ed stroj U-118"},"content":{"rendered":"<p>P\u0159ipojovac\u00ed kabel typu 11-1 je ur\u010den k p\u0159ipojen\u00ed motoru TUR2 \u0161ic\u00edho stroje s regul\u00e1torem ot\u00e1\u010dek U118 a z\u00e1suvkou 230 V<\/p>\n<p>Funguje s motory typu: KN4, ASM. <\/p>\n<p>Hod\u00ed se ke stroj\u016fm \u0141ucznik: t\u0159. 400, 700, 800<\/p>\n","protected":false},"excerpt":{"rendered":"<p>Kabel, kter\u00fd je vhodn\u00fd pro no\u017en\u00ed ovlada\u010d model U-118 .<\/p>\n","protected":false},"featured_media":15398,"comment_status":"open","ping_status":"closed","template":"","meta":[],"product_brand":[],"product_cat":[481],"product_tag":[],"class_list":{"0":"post-17125","1":"product","2":"type-product","3":"status-publish","4":"has-post-thumbnail","6":"product_cat-pedaly-do-maszyn-i-regulatory-obrotow","8":"first","9":"instock","10":"taxable","11":"shipping-taxable","12":"purchasable","13":"product-type-simple"},"_links":{"self":[{"href":"https:\/\/gltestm.webology.pl\/cs\/wp-json\/wp\/v2\/product\/17125","targetHints":{"allow":["GET"]}}],"collection":[{"href":"https:\/\/gltestm.webology.pl\/cs\/wp-json\/wp\/v2\/product"}],"about":[{"href":"https:\/\/gltestm.webology.pl\/cs\/wp-json\/wp\/v2\/types\/product"}],"replies":[{"embeddable":true,"href":"https:\/\/gltestm.webology.pl\/cs\/wp-json\/wp\/v2\/comments?post=17125"}],"version-history":[{"count":0,"href":"https:\/\/gltestm.webology.pl\/cs\/wp-json\/wp\/v2\/product\/17125\/revisions"}],"wp:featuredmedia":[{"embeddable":true,"href":"https:\/\/gltestm.webology.pl\/cs\/wp-json\/wp\/v2\/media\/15398"}],"wp:attachment":[{"href":"https:\/\/gltestm.webology.pl\/cs\/wp-json\/wp\/v2\/media?parent=17125"}],"wp:term":[{"taxonomy":"product_brand","embeddable":true,"href":"https:\/\/gltestm.webology.pl\/cs\/wp-json\/wp\/v2\/product_brand?post=17125"},{"taxonomy":"product_cat","embeddable":true,"href":"https:\/\/gltestm.webology.pl\/cs\/wp-json\/wp\/v2\/product_cat?post=17125"},{"taxonomy":"product_tag","embeddable":true,"href":"https:\/\/gltestm.webology.pl\/cs\/wp-json\/wp\/v2\/product_tag?post=17125"}],"curies":[{"name":"wp","href":"https:\/\/api.w.org\/{rel}","templated":true}]}}