{"id":17113,"date":"2026-03-18T22:04:17","date_gmt":"2026-03-18T21:04:17","guid":{"rendered":"https:\/\/gltestm.webology.pl\/produkt\/horni-nuz-pro-overlockovy-stroj-lucznik-820d5-a-720d4\/"},"modified":"2026-03-22T21:53:57","modified_gmt":"2026-03-22T20:53:57","slug":"horni-nuz-pro-overlockovy-stroj-lucznik-820d5-a-720d4","status":"publish","type":"product","link":"https:\/\/gltestm.webology.pl\/cs\/produkt\/horni-nuz-pro-overlockovy-stroj-lucznik-820d5-a-720d4\/","title":{"rendered":"Horn\u00ed n\u016f\u017e pro overlockov\u00fd stroj Lucznik 820D5 a 720D4"},"content":{"rendered":"<p>Horn\u00ed n\u016f\u017e ur\u010den\u00fd pro pou\u017eit\u00ed s overlockov\u00fdmi stroji 820D5 a 720D4. Tento<strong> vysoce kvalitn\u00ed n\u016f\u017e<\/strong> je nepostradatelnou sou\u010d\u00e1st\u00ed, kter\u00e1 zaru\u010duje<strong> vynikaj\u00edc\u00ed<\/strong><strong> kvalitu<\/strong> ost\u0159\u00ed a <strong>odolnost<\/strong> p\u0159i pou\u017e\u00edv\u00e1n\u00ed.<br \/><strong><br \/><\/strong><\/p>\n<h2>Kl\u00ed\u010dov\u00e9 vlastnosti<\/h2>\n<ol>\n<li>\n<p><strong>Vysoce kvalitn\u00ed ocel<\/strong>: n\u016f\u017e je vyroben z materi\u00e1l\u016f nejvy\u0161\u0161\u00ed kvality, d\u00edky \u010demu\u017e je mimo\u0159\u00e1dn\u011b pevn\u00fd a odoln\u00fd. D\u00edky tomu se vyzna\u010duje dlouhou \u017eivotnost\u00ed, kter\u00e1 se prom\u00edt\u00e1 do \u00fa\u010dinnosti a efektivity overlocku.<\/p>\n<\/li>\n<li>\n<p><strong>Vynikaj\u00edc\u00ed zpracov\u00e1n\u00ed<\/strong>: n\u016f\u017e byl pe\u010dliv\u011b vyroben, co\u017e zaji\u0161\u0165uje hladk\u00fd povrch bez ot\u0159ep\u016f. To je d\u016fle\u017eit\u00e9, aby nedo\u0161lo k po\u0161kozen\u00ed materi\u00e1l\u016f b\u011bhem \u0161it\u00ed a byla zachov\u00e1na nejvy\u0161\u0161\u00ed kvalita povrchov\u00e9 \u00fapravy.<\/p>\n<\/li>\n<li>\n<p><strong>Snadn\u00e1 instalace a obsluha<\/strong>: Tento n\u016f\u017e je ide\u00e1ln\u00ed n\u00e1hradou za star\u00fd nebo opot\u0159ebovan\u00fd kus. Jednoduch\u00e1 a intuitivn\u00ed instalace znamen\u00e1, \u017ee v\u00fdm\u011bnu no\u017ee snadno zvl\u00e1dnou i za\u010d\u00ednaj\u00edc\u00ed u\u017eivatel\u00e9. D\u00edky tomu bude overlock v\u017edy pln\u011b funk\u010dn\u00ed.<\/p>\n<\/li>\n<li>\n<p><strong>Odolnost proti korozi, vysok\u00e1 pevnost a trvanlivost<\/strong>: Horn\u00ed n\u016f\u017e overlocku se vyzna\u010duje vynikaj\u00edc\u00ed odolnost\u00ed proti korozi, co\u017e zaji\u0161\u0165uje jeho dlouhodob\u00e9 pou\u017e\u00edv\u00e1n\u00ed. V\u00fdjime\u010dn\u00e1 odolnost tohoto no\u017ee z n\u011bj \u010din\u00ed spolehliv\u00fd n\u00e1stroj, kter\u00fd je p\u0159ipraven obst\u00e1t i p\u0159i n\u00e1ro\u010dn\u00e9m pou\u017e\u00edv\u00e1n\u00ed.<\/p>\n<\/li>\n<\/ol>\n<p>Overlockov\u00fd horn\u00ed n\u016f\u017e je nepostradatelnou sou\u010d\u00e1st\u00ed v\u00fdbavy majitel\u016f overlockov\u00fdch stroj\u016f <strong>Lucznik<\/strong> <strong>820D5<\/strong> a <strong>720D4<\/strong>. D\u00edky sv\u00e9mu kvalitn\u00edmu zpracov\u00e1n\u00ed a odolnosti zaru\u010duje tento n\u016f\u017e nejen vynikaj\u00edc\u00ed v\u00fdsledky \u0161it\u00ed, ale tak\u00e9 dlouhodobou spokojenost s pou\u017e\u00edv\u00e1n\u00edm. N\u016f\u017e je vhodn\u00fd tak\u00e9 pro overlocky 620D, FN 2-9, FN 2-8 a Arka.<\/p>\n","protected":false},"excerpt":{"rendered":"<p>Horn\u00ed n\u016f\u017e pro overlockov\u00fd stroj 820D5 a 720D4 Lucznik. V\u00fdjime\u010dn\u00e1 ocel zaru\u010duje odolnost a dlouhou \u017eivotnost. Bez ot\u0159ep\u016f, snadn\u00e1 instalace. Odoln\u00fd proti korozi, poskytuje vynikaj\u00edc\u00ed \u017eivotnost.<\/p>\n","protected":false},"featured_media":15029,"comment_status":"open","ping_status":"closed","template":"","meta":[],"product_brand":[],"product_cat":[501],"product_tag":[],"class_list":{"0":"post-17113","1":"product","2":"type-product","3":"status-publish","4":"has-post-thumbnail","6":"product_cat-noze-do-overlockow","8":"first","9":"instock","10":"taxable","11":"shipping-taxable","12":"purchasable","13":"product-type-simple"},"_links":{"self":[{"href":"https:\/\/gltestm.webology.pl\/cs\/wp-json\/wp\/v2\/product\/17113","targetHints":{"allow":["GET"]}}],"collection":[{"href":"https:\/\/gltestm.webology.pl\/cs\/wp-json\/wp\/v2\/product"}],"about":[{"href":"https:\/\/gltestm.webology.pl\/cs\/wp-json\/wp\/v2\/types\/product"}],"replies":[{"embeddable":true,"href":"https:\/\/gltestm.webology.pl\/cs\/wp-json\/wp\/v2\/comments?post=17113"}],"version-history":[{"count":0,"href":"https:\/\/gltestm.webology.pl\/cs\/wp-json\/wp\/v2\/product\/17113\/revisions"}],"wp:featuredmedia":[{"embeddable":true,"href":"https:\/\/gltestm.webology.pl\/cs\/wp-json\/wp\/v2\/media\/15029"}],"wp:attachment":[{"href":"https:\/\/gltestm.webology.pl\/cs\/wp-json\/wp\/v2\/media?parent=17113"}],"wp:term":[{"taxonomy":"product_brand","embeddable":true,"href":"https:\/\/gltestm.webology.pl\/cs\/wp-json\/wp\/v2\/product_brand?post=17113"},{"taxonomy":"product_cat","embeddable":true,"href":"https:\/\/gltestm.webology.pl\/cs\/wp-json\/wp\/v2\/product_cat?post=17113"},{"taxonomy":"product_tag","embeddable":true,"href":"https:\/\/gltestm.webology.pl\/cs\/wp-json\/wp\/v2\/product_tag?post=17113"}],"curies":[{"name":"wp","href":"https:\/\/api.w.org\/{rel}","templated":true}]}}