{"id":17109,"date":"2026-03-18T22:04:17","date_gmt":"2026-03-18T21:04:17","guid":{"rendered":"https:\/\/gltestm.webology.pl\/produkt\/spodni-nuz-overlocku\/"},"modified":"2026-03-22T21:53:56","modified_gmt":"2026-03-22T20:53:56","slug":"spodni-nuz-overlocku","status":"publish","type":"product","link":"https:\/\/gltestm.webology.pl\/cs\/produkt\/spodni-nuz-overlocku\/","title":{"rendered":"Spodn\u00ed n\u016f\u017e overlocku"},"content":{"rendered":"<p><strong>Spodn\u00ed n\u016f\u017e overlocku<\/strong><\/p>\n<p>Spodn\u00ed n\u016f\u017e vhodn\u00fd pro overlockov\u00e9 stroje Lucznik 820D5 a 720D4<\/p>\n","protected":false},"excerpt":{"rendered":"<p>Spodn\u00ed n\u016f\u017e vhodn\u00fd pro overlocky 820D5 a 720D4 od spole\u010dnosti Lucznik<\/p>\n","protected":false},"featured_media":13149,"comment_status":"open","ping_status":"closed","template":"","meta":[],"product_brand":[],"product_cat":[501],"product_tag":[],"class_list":{"0":"post-17109","1":"product","2":"type-product","3":"status-publish","4":"has-post-thumbnail","6":"product_cat-noze-do-overlockow","8":"first","9":"instock","10":"taxable","11":"shipping-taxable","12":"purchasable","13":"product-type-simple"},"_links":{"self":[{"href":"https:\/\/gltestm.webology.pl\/cs\/wp-json\/wp\/v2\/product\/17109","targetHints":{"allow":["GET"]}}],"collection":[{"href":"https:\/\/gltestm.webology.pl\/cs\/wp-json\/wp\/v2\/product"}],"about":[{"href":"https:\/\/gltestm.webology.pl\/cs\/wp-json\/wp\/v2\/types\/product"}],"replies":[{"embeddable":true,"href":"https:\/\/gltestm.webology.pl\/cs\/wp-json\/wp\/v2\/comments?post=17109"}],"version-history":[{"count":0,"href":"https:\/\/gltestm.webology.pl\/cs\/wp-json\/wp\/v2\/product\/17109\/revisions"}],"wp:featuredmedia":[{"embeddable":true,"href":"https:\/\/gltestm.webology.pl\/cs\/wp-json\/wp\/v2\/media\/13149"}],"wp:attachment":[{"href":"https:\/\/gltestm.webology.pl\/cs\/wp-json\/wp\/v2\/media?parent=17109"}],"wp:term":[{"taxonomy":"product_brand","embeddable":true,"href":"https:\/\/gltestm.webology.pl\/cs\/wp-json\/wp\/v2\/product_brand?post=17109"},{"taxonomy":"product_cat","embeddable":true,"href":"https:\/\/gltestm.webology.pl\/cs\/wp-json\/wp\/v2\/product_cat?post=17109"},{"taxonomy":"product_tag","embeddable":true,"href":"https:\/\/gltestm.webology.pl\/cs\/wp-json\/wp\/v2\/product_tag?post=17109"}],"curies":[{"name":"wp","href":"https:\/\/api.w.org\/{rel}","templated":true}]}}