{"id":17097,"date":"2026-03-18T22:04:16","date_gmt":"2026-03-18T21:04:16","guid":{"rendered":"https:\/\/gltestm.webology.pl\/produkt\/vedeni-hran\/"},"modified":"2026-03-22T21:53:54","modified_gmt":"2026-03-22T20:53:54","slug":"vedeni-hran","status":"publish","type":"product","link":"https:\/\/gltestm.webology.pl\/cs\/produkt\/vedeni-hran\/","title":{"rendered":"Veden\u00ed hran"},"content":{"rendered":"<p><strong>Vod\u00edtko okraj\u016f (vod\u00edtko pro pro\u0161\u00edv\u00e1n\u00ed)<\/strong><\/p>\n<p><span>Usnad\u0148uje \u0161it\u00ed rovnob\u011b\u017en\u011b a v ur\u010dit\u00e9 vzd\u00e1lenosti od okraje. Skv\u011ble se hod\u00ed tak\u00e9 k prov\u00e1d\u011bn\u00ed pro\u0161\u00edv\u00e1n\u00ed, nap\u0159\u00edklad bund, vest, p\u0159ehoz\u016f nebo p\u0159ikr\u00fdvek. Vod\u00edtko nen\u00ed t\u0159eba demontovat p\u0159i jin\u00fdch prac\u00edch, nap\u0159. p\u0159i b\u011b\u017en\u00e9m \u0161it\u00ed, lze jej naklonit. D\u00e9lka vod\u00edtka 6 cm. <\/span><\/p>\n<p><span><strong>Snadn\u00e1 instalace<\/strong> &#8211; pro pou\u017eit\u00ed vod\u00edtka zasu\u0148te jeho del\u0161\u00ed konec do p\u0159\u00edslu\u0161n\u00e9ho otvoru um\u00edst\u011bn\u00e9ho v patce, a to z prav\u00e9 zadn\u00ed strany maticov\u00e9ho dr\u017e\u00e1ku doleva.<\/span><\/p>\n<p><span><strong>Vod\u00edtko okraje (vod\u00edtko pro quiltov\u00e1n\u00ed <\/strong>) je vhodn\u00e9 pro dr\u017e\u00e1ky MATIC. Hod\u00ed se pro v\u0161echny modely \u0161ic\u00edch stroj\u016f Lucznik v aktu\u00e1ln\u00ed nab\u00eddce. <\/span><\/p>\n","protected":false},"excerpt":{"rendered":"<p>Vod\u00edtko pro snadn\u00e9 pro\u0161\u00edv\u00e1n\u00ed, kter\u00e9 se hod\u00ed pro v\u0161echny rukojeti Matic<\/p>\n","protected":false},"featured_media":13805,"comment_status":"open","ping_status":"closed","template":"","meta":[],"product_brand":[],"product_cat":[531],"product_tag":[],"class_list":{"0":"post-17097","1":"product","2":"type-product","3":"status-publish","4":"has-post-thumbnail","6":"product_cat-prowadniki","8":"first","9":"instock","10":"taxable","11":"shipping-taxable","12":"purchasable","13":"product-type-simple"},"_links":{"self":[{"href":"https:\/\/gltestm.webology.pl\/cs\/wp-json\/wp\/v2\/product\/17097","targetHints":{"allow":["GET"]}}],"collection":[{"href":"https:\/\/gltestm.webology.pl\/cs\/wp-json\/wp\/v2\/product"}],"about":[{"href":"https:\/\/gltestm.webology.pl\/cs\/wp-json\/wp\/v2\/types\/product"}],"replies":[{"embeddable":true,"href":"https:\/\/gltestm.webology.pl\/cs\/wp-json\/wp\/v2\/comments?post=17097"}],"version-history":[{"count":0,"href":"https:\/\/gltestm.webology.pl\/cs\/wp-json\/wp\/v2\/product\/17097\/revisions"}],"wp:featuredmedia":[{"embeddable":true,"href":"https:\/\/gltestm.webology.pl\/cs\/wp-json\/wp\/v2\/media\/13805"}],"wp:attachment":[{"href":"https:\/\/gltestm.webology.pl\/cs\/wp-json\/wp\/v2\/media?parent=17097"}],"wp:term":[{"taxonomy":"product_brand","embeddable":true,"href":"https:\/\/gltestm.webology.pl\/cs\/wp-json\/wp\/v2\/product_brand?post=17097"},{"taxonomy":"product_cat","embeddable":true,"href":"https:\/\/gltestm.webology.pl\/cs\/wp-json\/wp\/v2\/product_cat?post=17097"},{"taxonomy":"product_tag","embeddable":true,"href":"https:\/\/gltestm.webology.pl\/cs\/wp-json\/wp\/v2\/product_tag?post=17097"}],"curies":[{"name":"wp","href":"https:\/\/api.w.org\/{rel}","templated":true}]}}