{"id":17093,"date":"2026-03-18T22:04:16","date_gmt":"2026-03-18T21:04:16","guid":{"rendered":"https:\/\/gltestm.webology.pl\/produkt\/stul-pro-sici-stroj-lucznik-malwina-2070\/"},"modified":"2026-03-22T21:53:43","modified_gmt":"2026-03-22T20:53:43","slug":"stul-pro-sici-stroj-lucznik-malwina-2070","status":"publish","type":"product","link":"https:\/\/gltestm.webology.pl\/cs\/produkt\/stul-pro-sici-stroj-lucznik-malwina-2070\/","title":{"rendered":"St\u016fl pro \u0161ic\u00ed stroj \u0141ucznik Malwina 2070"},"content":{"rendered":"<p><strong>Tabulka roz\u0161i\u0159uj\u00edc\u00ed pracovn\u00ed pole<\/strong> ur\u010den\u00e9 pro stroj <strong>Malwina 2070<\/strong>. Ide\u00e1ln\u00ed pro usnadn\u011bn\u00ed pro\u0161\u00edv\u00e1n\u00ed nebo \u0161it\u00ed materi\u00e1l\u016f s velkou plochou, jako jsou z\u00e1clony, ubrusy, z\u00e1v\u011bsy nebo l\u016f\u017ekoviny. P\u0159i pou\u017eit\u00ed k tomuto \u00fa\u010delu nesm\u00edrn\u011b zvy\u0161uje komfort pr\u00e1ce<strong>. stolek roz\u0161i\u0159uj\u00edc\u00ed pracovn\u00ed pole<\/strong> je tak\u00e9 vhodnou stabilizac\u00ed p\u0159i \u0161it\u00ed materi\u00e1lu.<strong>stolek <\/strong>je vyroben z plastu, kter\u00fd je ide\u00e1ln\u00ed pro manipulaci a p\u0159esouv\u00e1n\u00ed r\u016fzn\u00fdch druh\u016f materi\u00e1l\u016f na n\u011bm. V na\u0161\u00ed nab\u00eddce najdete tak\u00e9 <strong>stoly pro \u0161ic\u00ed stroje <\/strong>pro stroje <strong>Martyna 2080<\/strong>, <strong>Patrycja 2090, Karolina 2040 <\/strong>a <strong>Balladyna 2020<\/strong><\/p>\n","protected":false},"excerpt":{"rendered":"<p>St\u016fl, kter\u00fd roz\u0161i\u0159uje pracovn\u00ed plochu modelu Malwina 2070 &#8211; ide\u00e1ln\u00ed pro usnadn\u011bn\u00ed pro\u0161\u00edv\u00e1n\u00ed nebo \u0161it\u00ed materi\u00e1l\u016f s velkou plochou, jako jsou z\u00e1clony, ubrusy, z\u00e1v\u011bsy nebo l\u016f\u017ekoviny. P\u0159i pou\u017eit\u00ed k tomuto \u00fa\u010delu zvy\u0161uje pohodl\u00ed \u017een<\/p>\n","protected":false},"featured_media":15332,"comment_status":"open","ping_status":"closed","template":"","meta":[],"product_brand":[],"product_cat":[546],"product_tag":[],"class_list":{"0":"post-17093","1":"product","2":"type-product","3":"status-publish","4":"has-post-thumbnail","6":"product_cat-stoliki-do-maszyn","8":"first","9":"instock","10":"taxable","11":"shipping-taxable","12":"purchasable","13":"product-type-simple"},"_links":{"self":[{"href":"https:\/\/gltestm.webology.pl\/cs\/wp-json\/wp\/v2\/product\/17093","targetHints":{"allow":["GET"]}}],"collection":[{"href":"https:\/\/gltestm.webology.pl\/cs\/wp-json\/wp\/v2\/product"}],"about":[{"href":"https:\/\/gltestm.webology.pl\/cs\/wp-json\/wp\/v2\/types\/product"}],"replies":[{"embeddable":true,"href":"https:\/\/gltestm.webology.pl\/cs\/wp-json\/wp\/v2\/comments?post=17093"}],"version-history":[{"count":0,"href":"https:\/\/gltestm.webology.pl\/cs\/wp-json\/wp\/v2\/product\/17093\/revisions"}],"wp:featuredmedia":[{"embeddable":true,"href":"https:\/\/gltestm.webology.pl\/cs\/wp-json\/wp\/v2\/media\/15332"}],"wp:attachment":[{"href":"https:\/\/gltestm.webology.pl\/cs\/wp-json\/wp\/v2\/media?parent=17093"}],"wp:term":[{"taxonomy":"product_brand","embeddable":true,"href":"https:\/\/gltestm.webology.pl\/cs\/wp-json\/wp\/v2\/product_brand?post=17093"},{"taxonomy":"product_cat","embeddable":true,"href":"https:\/\/gltestm.webology.pl\/cs\/wp-json\/wp\/v2\/product_cat?post=17093"},{"taxonomy":"product_tag","embeddable":true,"href":"https:\/\/gltestm.webology.pl\/cs\/wp-json\/wp\/v2\/product_tag?post=17093"}],"curies":[{"name":"wp","href":"https:\/\/api.w.org\/{rel}","templated":true}]}}