{"id":17081,"date":"2026-03-18T22:04:15","date_gmt":"2026-03-18T21:04:15","guid":{"rendered":"https:\/\/gltestm.webology.pl\/produkt\/tlak-ve-sterbine-nizky\/"},"modified":"2026-03-22T21:53:17","modified_gmt":"2026-03-22T20:53:17","slug":"tlak-ve-sterbine-nizky","status":"publish","type":"product","link":"https:\/\/gltestm.webology.pl\/cs\/produkt\/tlak-ve-sterbine-nizky\/","title":{"rendered":"Tlak ve \u0161t\u011brbin\u011b N\u00edzk\u00fd"},"content":{"rendered":"<h2>Tlak v z\u00e1suvce <\/h2>\n<p>P\u0159\u00edtlak z\u00e1suvky je sou\u010d\u00e1st, kter\u00e1 dr\u017e\u00ed chapadlov\u00fd mechanismus \u0161ic\u00edho stroje. Hod\u00ed se pro \u0161ic\u00ed stroje Lucznik: Vhodn\u00e9 pro: Ewa II 2014, Milena 419, Milena II 419, Karina 910, Weronika 2008, Weronika II 2008, Kornelia 2004, Zofia I 2015, Diana 417, Olga 418 a dal\u0161\u00ed.<\/p>\n<p>Hod\u00ed se tak\u00e9 pro stroje Lucznik t\u0159\u00eddy 400 a 700.<\/p>\n<p>Sada obsahuje samotn\u00fd lis bez sady \u0161roub\u016f a pru\u017ein. <\/p>\n<p>Nehod\u00ed se pro stroje Laura 555, Sophia II 2015 a Natalia 2007.<\/p>\n","protected":false},"excerpt":{"rendered":"<p>N\u00edzk\u00fd tlak v z\u00e1suvce &#8211; prav\u00e1 a lev\u00e1<\/p>\n","protected":false},"featured_media":14931,"comment_status":"open","ping_status":"closed","template":"","meta":[],"product_brand":[],"product_cat":[486],"product_tag":[],"class_list":{"0":"post-17081","1":"product","2":"type-product","3":"status-publish","4":"has-post-thumbnail","6":"product_cat-kosze-gniazda-i-dociski","8":"first","9":"instock","10":"sale","11":"taxable","12":"shipping-taxable","13":"purchasable","14":"product-type-simple"},"_links":{"self":[{"href":"https:\/\/gltestm.webology.pl\/cs\/wp-json\/wp\/v2\/product\/17081","targetHints":{"allow":["GET"]}}],"collection":[{"href":"https:\/\/gltestm.webology.pl\/cs\/wp-json\/wp\/v2\/product"}],"about":[{"href":"https:\/\/gltestm.webology.pl\/cs\/wp-json\/wp\/v2\/types\/product"}],"replies":[{"embeddable":true,"href":"https:\/\/gltestm.webology.pl\/cs\/wp-json\/wp\/v2\/comments?post=17081"}],"version-history":[{"count":0,"href":"https:\/\/gltestm.webology.pl\/cs\/wp-json\/wp\/v2\/product\/17081\/revisions"}],"wp:featuredmedia":[{"embeddable":true,"href":"https:\/\/gltestm.webology.pl\/cs\/wp-json\/wp\/v2\/media\/14931"}],"wp:attachment":[{"href":"https:\/\/gltestm.webology.pl\/cs\/wp-json\/wp\/v2\/media?parent=17081"}],"wp:term":[{"taxonomy":"product_brand","embeddable":true,"href":"https:\/\/gltestm.webology.pl\/cs\/wp-json\/wp\/v2\/product_brand?post=17081"},{"taxonomy":"product_cat","embeddable":true,"href":"https:\/\/gltestm.webology.pl\/cs\/wp-json\/wp\/v2\/product_cat?post=17081"},{"taxonomy":"product_tag","embeddable":true,"href":"https:\/\/gltestm.webology.pl\/cs\/wp-json\/wp\/v2\/product_tag?post=17081"}],"curies":[{"name":"wp","href":"https:\/\/api.w.org\/{rel}","templated":true}]}}