{"id":17065,"date":"2026-03-18T22:04:14","date_gmt":"2026-03-18T21:04:14","guid":{"rendered":"https:\/\/gltestm.webology.pl\/produkt\/zasuvka-na-kos-archer-tr-466\/"},"modified":"2026-03-22T21:53:05","modified_gmt":"2026-03-22T20:53:05","slug":"zasuvka-na-kos-archer-tr-466","status":"publish","type":"product","link":"https:\/\/gltestm.webology.pl\/cs\/produkt\/zasuvka-na-kos-archer-tr-466\/","title":{"rendered":"Z\u00e1suvka na ko\u0161 Archer t\u0159.466"},"content":{"rendered":"<p><strong>Z\u00e1suvka ko\u0161e vhodn\u00e1 pro modely Archer t\u0159. 466.432 . <\/strong><\/p>\n<p>Jedn\u00e1 se o stejnou z\u00e1suvku bez hlavn\u00edho ko\u0161e. <\/p>\n","protected":false},"excerpt":{"rendered":"<p>N\u00e1doba na odpadky vhodn\u00e1 pro model cl 466\/432<\/p>\n","protected":false},"featured_media":14666,"comment_status":"open","ping_status":"closed","template":"","meta":[],"product_brand":[],"product_cat":[486],"product_tag":[],"class_list":{"0":"post-17065","1":"product","2":"type-product","3":"status-publish","4":"has-post-thumbnail","6":"product_cat-kosze-gniazda-i-dociski","8":"first","9":"instock","10":"taxable","11":"shipping-taxable","12":"purchasable","13":"product-type-simple"},"_links":{"self":[{"href":"https:\/\/gltestm.webology.pl\/cs\/wp-json\/wp\/v2\/product\/17065","targetHints":{"allow":["GET"]}}],"collection":[{"href":"https:\/\/gltestm.webology.pl\/cs\/wp-json\/wp\/v2\/product"}],"about":[{"href":"https:\/\/gltestm.webology.pl\/cs\/wp-json\/wp\/v2\/types\/product"}],"replies":[{"embeddable":true,"href":"https:\/\/gltestm.webology.pl\/cs\/wp-json\/wp\/v2\/comments?post=17065"}],"version-history":[{"count":0,"href":"https:\/\/gltestm.webology.pl\/cs\/wp-json\/wp\/v2\/product\/17065\/revisions"}],"wp:featuredmedia":[{"embeddable":true,"href":"https:\/\/gltestm.webology.pl\/cs\/wp-json\/wp\/v2\/media\/14666"}],"wp:attachment":[{"href":"https:\/\/gltestm.webology.pl\/cs\/wp-json\/wp\/v2\/media?parent=17065"}],"wp:term":[{"taxonomy":"product_brand","embeddable":true,"href":"https:\/\/gltestm.webology.pl\/cs\/wp-json\/wp\/v2\/product_brand?post=17065"},{"taxonomy":"product_cat","embeddable":true,"href":"https:\/\/gltestm.webology.pl\/cs\/wp-json\/wp\/v2\/product_cat?post=17065"},{"taxonomy":"product_tag","embeddable":true,"href":"https:\/\/gltestm.webology.pl\/cs\/wp-json\/wp\/v2\/product_tag?post=17065"}],"curies":[{"name":"wp","href":"https:\/\/api.w.org\/{rel}","templated":true}]}}