{"id":17057,"date":"2026-03-18T22:04:14","date_gmt":"2026-03-18T21:04:14","guid":{"rendered":"https:\/\/gltestm.webology.pl\/produkt\/navijak-pro-prumyslove-stroje-klikaty-steh\/"},"modified":"2026-03-22T21:53:03","modified_gmt":"2026-03-22T20:53:03","slug":"navijak-pro-prumyslove-stroje-klikaty-steh","status":"publish","type":"product","link":"https:\/\/gltestm.webology.pl\/cs\/produkt\/navijak-pro-prumyslove-stroje-klikaty-steh\/","title":{"rendered":"Navij\u00e1k pro pr\u016fmyslov\u00e9 stroje &#8211; klikat\u00fd steh"},"content":{"rendered":"<p><strong>Strojn\u00ed buben KL86 &#8211; vhodn\u00fd pro pr\u016fmyslov\u00e9 stroje s rotopedem a\u017e cikcakem<\/strong><\/p>\n<p><strong>Vhodn\u00e9 pro stroje<\/strong><\/p>\n<ul>\n<li><span><span>brother TZ1-B652, XL2005, XL4001, XL5001, XL622, XL702, XL703 \u0161ic\u00ed stroj<\/span><\/span><\/li>\n<li><span><span>\u0161ic\u00ed stroj sinegr <span>20U, 20U12, 20U13, 20U31, 20U33<\/span><\/span><\/span><\/li>\n<\/ul>\n","protected":false},"excerpt":{"rendered":"<p>Kotou\u010d vhodn\u00fd pro pr\u016fmyslov\u00e9 stroje, s klikat\u00fdm stehem.<\/p>\n","protected":false},"featured_media":13628,"comment_status":"open","ping_status":"closed","template":"","meta":[],"product_brand":[],"product_cat":[476],"product_tag":[],"class_list":{"0":"post-17057","1":"product","2":"type-product","3":"status-publish","4":"has-post-thumbnail","6":"product_cat-bebenki","8":"first","9":"instock","10":"taxable","11":"shipping-taxable","12":"purchasable","13":"product-type-simple"},"_links":{"self":[{"href":"https:\/\/gltestm.webology.pl\/cs\/wp-json\/wp\/v2\/product\/17057","targetHints":{"allow":["GET"]}}],"collection":[{"href":"https:\/\/gltestm.webology.pl\/cs\/wp-json\/wp\/v2\/product"}],"about":[{"href":"https:\/\/gltestm.webology.pl\/cs\/wp-json\/wp\/v2\/types\/product"}],"replies":[{"embeddable":true,"href":"https:\/\/gltestm.webology.pl\/cs\/wp-json\/wp\/v2\/comments?post=17057"}],"version-history":[{"count":0,"href":"https:\/\/gltestm.webology.pl\/cs\/wp-json\/wp\/v2\/product\/17057\/revisions"}],"wp:featuredmedia":[{"embeddable":true,"href":"https:\/\/gltestm.webology.pl\/cs\/wp-json\/wp\/v2\/media\/13628"}],"wp:attachment":[{"href":"https:\/\/gltestm.webology.pl\/cs\/wp-json\/wp\/v2\/media?parent=17057"}],"wp:term":[{"taxonomy":"product_brand","embeddable":true,"href":"https:\/\/gltestm.webology.pl\/cs\/wp-json\/wp\/v2\/product_brand?post=17057"},{"taxonomy":"product_cat","embeddable":true,"href":"https:\/\/gltestm.webology.pl\/cs\/wp-json\/wp\/v2\/product_cat?post=17057"},{"taxonomy":"product_tag","embeddable":true,"href":"https:\/\/gltestm.webology.pl\/cs\/wp-json\/wp\/v2\/product_tag?post=17057"}],"curies":[{"name":"wp","href":"https:\/\/api.w.org\/{rel}","templated":true}]}}