{"id":17045,"date":"2026-03-18T22:04:12","date_gmt":"2026-03-18T21:04:12","guid":{"rendered":"https:\/\/gltestm.webology.pl\/produkt\/410-klinovy-remen\/"},"modified":"2026-03-22T21:52:54","modified_gmt":"2026-03-22T20:52:54","slug":"410-klinovy-remen","status":"publish","type":"product","link":"https:\/\/gltestm.webology.pl\/cs\/produkt\/410-klinovy-remen\/","title":{"rendered":"410 kl\u00ednov\u00fd \u0159emen"},"content":{"rendered":"<p>410 hnac\u00ed \u0159emen pro \u0161ic\u00ed stroje. V\u00fdrobek je vyroben z velmi kvalitn\u00edho materi\u00e1lu. Kl\u00ednov\u00fd \u0159emen tohoto typu ve stroj\u00edch LZ-3 s motorem o v\u00fdkonu 120 W.<\/p>\n<p><strong>Rozm\u011bry \u0159emene:<\/strong> 5 x 3 x 410 mm<br \/><strong>D\u00e9lka \u0159emene<\/strong>: 410 mm<\/p>\n","protected":false},"excerpt":{"rendered":"<p>Hnac\u00ed \u0159emen o rozm\u011brech 5x3x410<\/p>\n","protected":false},"featured_media":15859,"comment_status":"open","ping_status":"closed","template":"","meta":[],"product_brand":[],"product_cat":[491],"product_tag":[],"class_list":{"0":"post-17045","1":"product","2":"type-product","3":"status-publish","4":"has-post-thumbnail","6":"product_cat-paski-klinowe","8":"first","9":"instock","10":"taxable","11":"shipping-taxable","12":"purchasable","13":"product-type-simple"},"_links":{"self":[{"href":"https:\/\/gltestm.webology.pl\/cs\/wp-json\/wp\/v2\/product\/17045","targetHints":{"allow":["GET"]}}],"collection":[{"href":"https:\/\/gltestm.webology.pl\/cs\/wp-json\/wp\/v2\/product"}],"about":[{"href":"https:\/\/gltestm.webology.pl\/cs\/wp-json\/wp\/v2\/types\/product"}],"replies":[{"embeddable":true,"href":"https:\/\/gltestm.webology.pl\/cs\/wp-json\/wp\/v2\/comments?post=17045"}],"version-history":[{"count":0,"href":"https:\/\/gltestm.webology.pl\/cs\/wp-json\/wp\/v2\/product\/17045\/revisions"}],"wp:featuredmedia":[{"embeddable":true,"href":"https:\/\/gltestm.webology.pl\/cs\/wp-json\/wp\/v2\/media\/15859"}],"wp:attachment":[{"href":"https:\/\/gltestm.webology.pl\/cs\/wp-json\/wp\/v2\/media?parent=17045"}],"wp:term":[{"taxonomy":"product_brand","embeddable":true,"href":"https:\/\/gltestm.webology.pl\/cs\/wp-json\/wp\/v2\/product_brand?post=17045"},{"taxonomy":"product_cat","embeddable":true,"href":"https:\/\/gltestm.webology.pl\/cs\/wp-json\/wp\/v2\/product_cat?post=17045"},{"taxonomy":"product_tag","embeddable":true,"href":"https:\/\/gltestm.webology.pl\/cs\/wp-json\/wp\/v2\/product_tag?post=17045"}],"curies":[{"name":"wp","href":"https:\/\/api.w.org\/{rel}","templated":true}]}}