{"id":17037,"date":"2026-03-18T22:04:12","date_gmt":"2026-03-18T21:04:12","guid":{"rendered":"https:\/\/gltestm.webology.pl\/produkt\/klinovy-pas-315\/"},"modified":"2026-03-22T21:52:53","modified_gmt":"2026-03-22T20:52:53","slug":"klinovy-pas-315","status":"publish","type":"product","link":"https:\/\/gltestm.webology.pl\/cs\/produkt\/klinovy-pas-315\/","title":{"rendered":"Kl\u00ednov\u00fd p\u00e1s 315"},"content":{"rendered":"<p>Hnac\u00ed \u0159emen, kl\u00ednov\u00fd \u0159emen 315 pro \u0161ic\u00ed stroje Lucznik t\u0159. 400\/700. V\u00fdrobek z velmi kvalitn\u00edho materi\u00e1lu. Vhodn\u00fd pro motory typu: TUR2, KN4bs, KN4a, ASN a mnoho dal\u0161\u00edch.<\/p>\n<p><strong>Rozm\u011bry \u0159emene:<\/strong> 5 x 3 x 315 mm<br \/><strong>D\u00e9lka \u0159emene<\/strong>: 315 mm<\/p>\n<p><strong>P\u0159\u00edklady model\u016f:<\/strong> 466, 465, 444, 723, 747, 738, 723, 451<\/p>\n","protected":false},"excerpt":{"rendered":"<p>Velikost hnac\u00edho \u0159emene 3 x 5 x 315 mm<\/p>\n","protected":false},"featured_media":13558,"comment_status":"open","ping_status":"closed","template":"","meta":[],"product_brand":[],"product_cat":[491],"product_tag":[],"class_list":{"0":"post-17037","1":"product","2":"type-product","3":"status-publish","4":"has-post-thumbnail","6":"product_cat-paski-klinowe","8":"first","9":"instock","10":"taxable","11":"shipping-taxable","12":"purchasable","13":"product-type-simple"},"_links":{"self":[{"href":"https:\/\/gltestm.webology.pl\/cs\/wp-json\/wp\/v2\/product\/17037","targetHints":{"allow":["GET"]}}],"collection":[{"href":"https:\/\/gltestm.webology.pl\/cs\/wp-json\/wp\/v2\/product"}],"about":[{"href":"https:\/\/gltestm.webology.pl\/cs\/wp-json\/wp\/v2\/types\/product"}],"replies":[{"embeddable":true,"href":"https:\/\/gltestm.webology.pl\/cs\/wp-json\/wp\/v2\/comments?post=17037"}],"version-history":[{"count":0,"href":"https:\/\/gltestm.webology.pl\/cs\/wp-json\/wp\/v2\/product\/17037\/revisions"}],"wp:featuredmedia":[{"embeddable":true,"href":"https:\/\/gltestm.webology.pl\/cs\/wp-json\/wp\/v2\/media\/13558"}],"wp:attachment":[{"href":"https:\/\/gltestm.webology.pl\/cs\/wp-json\/wp\/v2\/media?parent=17037"}],"wp:term":[{"taxonomy":"product_brand","embeddable":true,"href":"https:\/\/gltestm.webology.pl\/cs\/wp-json\/wp\/v2\/product_brand?post=17037"},{"taxonomy":"product_cat","embeddable":true,"href":"https:\/\/gltestm.webology.pl\/cs\/wp-json\/wp\/v2\/product_cat?post=17037"},{"taxonomy":"product_tag","embeddable":true,"href":"https:\/\/gltestm.webology.pl\/cs\/wp-json\/wp\/v2\/product_tag?post=17037"}],"curies":[{"name":"wp","href":"https:\/\/api.w.org\/{rel}","templated":true}]}}