{"id":17033,"date":"2026-03-18T22:04:11","date_gmt":"2026-03-18T21:04:11","guid":{"rendered":"https:\/\/gltestm.webology.pl\/produkt\/klinovy-pas-290\/"},"modified":"2026-03-22T21:12:01","modified_gmt":"2026-03-22T20:12:01","slug":"klinovy-pas-290","status":"publish","type":"product","link":"https:\/\/gltestm.webology.pl\/cs\/produkt\/klinovy-pas-290\/","title":{"rendered":"Kl\u00ednov\u00fd p\u00e1s 290"},"content":{"rendered":"<p>Hnac\u00ed \u0159emen, kl\u00ednov\u00fd \u0159emen 290 pro \u0161ic\u00ed stroje Lucznik t\u0159. 400 prvn\u00ed v\u00fdroba. V\u00fdrobek je vyroben z velmi kvalitn\u00edho materi\u00e1lu. Hod\u00ed se k motor\u016fm typu: TUR2, KN4bs, KN4a, ASN a dal\u0161\u00ed.<\/p>\n<p><strong>Rozm\u011bry \u0159emene:<\/strong> 5 x 3 x 290 mm<br \/><strong>D\u00e9lka \u0159emene<\/strong>: 290 mm<\/p>\n","protected":false},"excerpt":{"rendered":"<p>Hnac\u00ed \u0159emen o rozm\u011brech 5x3x290<\/p>\n","protected":false},"featured_media":13848,"comment_status":"open","ping_status":"closed","template":"","meta":[],"product_brand":[],"product_cat":[491],"product_tag":[],"class_list":{"0":"post-17033","1":"product","2":"type-product","3":"status-publish","4":"has-post-thumbnail","6":"product_cat-paski-klinowe","8":"first","9":"instock","10":"taxable","11":"shipping-taxable","12":"purchasable","13":"product-type-simple"},"_links":{"self":[{"href":"https:\/\/gltestm.webology.pl\/cs\/wp-json\/wp\/v2\/product\/17033","targetHints":{"allow":["GET"]}}],"collection":[{"href":"https:\/\/gltestm.webology.pl\/cs\/wp-json\/wp\/v2\/product"}],"about":[{"href":"https:\/\/gltestm.webology.pl\/cs\/wp-json\/wp\/v2\/types\/product"}],"replies":[{"embeddable":true,"href":"https:\/\/gltestm.webology.pl\/cs\/wp-json\/wp\/v2\/comments?post=17033"}],"version-history":[{"count":0,"href":"https:\/\/gltestm.webology.pl\/cs\/wp-json\/wp\/v2\/product\/17033\/revisions"}],"wp:featuredmedia":[{"embeddable":true,"href":"https:\/\/gltestm.webology.pl\/cs\/wp-json\/wp\/v2\/media\/13848"}],"wp:attachment":[{"href":"https:\/\/gltestm.webology.pl\/cs\/wp-json\/wp\/v2\/media?parent=17033"}],"wp:term":[{"taxonomy":"product_brand","embeddable":true,"href":"https:\/\/gltestm.webology.pl\/cs\/wp-json\/wp\/v2\/product_brand?post=17033"},{"taxonomy":"product_cat","embeddable":true,"href":"https:\/\/gltestm.webology.pl\/cs\/wp-json\/wp\/v2\/product_cat?post=17033"},{"taxonomy":"product_tag","embeddable":true,"href":"https:\/\/gltestm.webology.pl\/cs\/wp-json\/wp\/v2\/product_tag?post=17033"}],"curies":[{"name":"wp","href":"https:\/\/api.w.org\/{rel}","templated":true}]}}