{"id":17025,"date":"2026-03-18T22:04:11","date_gmt":"2026-03-18T21:04:11","guid":{"rendered":"https:\/\/gltestm.webology.pl\/produkt\/pedalovy-regulator-rychlosti-pro-sici-stroj-lucznik-model-u-118-1\/"},"modified":"2026-03-22T21:52:30","modified_gmt":"2026-03-22T20:52:30","slug":"pedalovy-regulator-rychlosti-pro-sici-stroj-lucznik-model-u-118-1","status":"publish","type":"product","link":"https:\/\/gltestm.webology.pl\/cs\/produkt\/pedalovy-regulator-rychlosti-pro-sici-stroj-lucznik-model-u-118-1\/","title":{"rendered":"Ped\u00e1lov\u00fd regul\u00e1tor rychlosti pro \u0161ic\u00ed stroj Lucznik, model U-118\/1"},"content":{"rendered":"<h2>Regul\u00e1tor rychlosti pro \u0161ic\u00ed stroj Lucznik, model U-118\/1<\/h2>\n<p><strong>Regul\u00e1tor rychlosti \u0161it\u00ed<\/strong> vhodn\u00fd pro <strong>\u0161ic\u00ed stroje<\/strong> Lucznik. Reguluje ot\u00e1\u010dky motor\u016f <strong>\u0161ic\u00edch stroj\u016f<\/strong>. Pozor, regul\u00e1tor rychlosti U-118\/1 je samotn\u00e1 &#8222;patka&#8220; &#8211; bez nap\u00e1jec\u00edch vodi\u010d\u016f.<\/p>\n<p>Nap\u00e1jec\u00ed kabel lze zakoupit <a href=\"https:\/\/galerialucznik.pl\/pl\/products\/czesci-i-akcesoria\/czesci-zamienne-do-maszyn-do-szycia\/pedaly-do-maszyn-i-regulatory-obrotow\/kabel-do-pedala-do-maszyny-do-szycia-u-118-989.html\" target=\"_blank\" rel=\"noopener\"><strong>zde<\/strong><\/a>.<\/p>\n<h2><strong>Stroje, ke kter\u00fdm se hod\u00ed regul\u00e1tor U-118\/1<\/strong><\/h2>\n<p>Stroje <strong>Archer<\/strong> kompatibiln\u00ed s t\u00edmto regul\u00e1torem:<\/p>\n<ul>\n<li>Archer \/ Singer t\u0159\u00eddy 400<\/li>\n<li>Archer \/ Singer t\u0159\u00edda 700<\/li>\n<li>Archer \/ Singer t\u0159\u00edda 800<\/li>\n<\/ul>\n","protected":false},"excerpt":{"rendered":"<p>Regul\u00e1tor rychlosti \u0161it\u00ed vhodn\u00fd pro stroje Lucznik. \u0158\u00edd\u00ed ot\u00e1\u010dky motor\u016f \u0161ic\u00edch stroj\u016f.<\/p>\n","protected":false},"featured_media":13057,"comment_status":"open","ping_status":"closed","template":"","meta":[],"product_brand":[],"product_cat":[481],"product_tag":[],"class_list":{"0":"post-17025","1":"product","2":"type-product","3":"status-publish","4":"has-post-thumbnail","6":"product_cat-pedaly-do-maszyn-i-regulatory-obrotow","8":"first","9":"instock","10":"taxable","11":"shipping-taxable","12":"purchasable","13":"product-type-simple"},"_links":{"self":[{"href":"https:\/\/gltestm.webology.pl\/cs\/wp-json\/wp\/v2\/product\/17025","targetHints":{"allow":["GET"]}}],"collection":[{"href":"https:\/\/gltestm.webology.pl\/cs\/wp-json\/wp\/v2\/product"}],"about":[{"href":"https:\/\/gltestm.webology.pl\/cs\/wp-json\/wp\/v2\/types\/product"}],"replies":[{"embeddable":true,"href":"https:\/\/gltestm.webology.pl\/cs\/wp-json\/wp\/v2\/comments?post=17025"}],"version-history":[{"count":0,"href":"https:\/\/gltestm.webology.pl\/cs\/wp-json\/wp\/v2\/product\/17025\/revisions"}],"wp:featuredmedia":[{"embeddable":true,"href":"https:\/\/gltestm.webology.pl\/cs\/wp-json\/wp\/v2\/media\/13057"}],"wp:attachment":[{"href":"https:\/\/gltestm.webology.pl\/cs\/wp-json\/wp\/v2\/media?parent=17025"}],"wp:term":[{"taxonomy":"product_brand","embeddable":true,"href":"https:\/\/gltestm.webology.pl\/cs\/wp-json\/wp\/v2\/product_brand?post=17025"},{"taxonomy":"product_cat","embeddable":true,"href":"https:\/\/gltestm.webology.pl\/cs\/wp-json\/wp\/v2\/product_cat?post=17025"},{"taxonomy":"product_tag","embeddable":true,"href":"https:\/\/gltestm.webology.pl\/cs\/wp-json\/wp\/v2\/product_tag?post=17025"}],"curies":[{"name":"wp","href":"https:\/\/api.w.org\/{rel}","templated":true}]}}