{"id":17013,"date":"2026-03-18T22:04:10","date_gmt":"2026-03-18T21:04:10","guid":{"rendered":"https:\/\/gltestm.webology.pl\/produkt\/freza\/"},"modified":"2026-03-22T21:51:57","modified_gmt":"2026-03-22T20:51:57","slug":"freza","status":"publish","type":"product","link":"https:\/\/gltestm.webology.pl\/cs\/produkt\/freza\/","title":{"rendered":"Fr\u00e9za"},"content":{"rendered":"<h2>\u00da\u010del<\/h2>\n<p>Skalpel je ur\u010den k vy\u0159ez\u00e1v\u00e1n\u00ed slo\u017eit\u00fdch vzor\u016f z pap\u00edru, plastov\u00fdch a kovov\u00fdch tenk\u00fdch f\u00f3li\u00ed, k\u016f\u017ee a dal\u0161\u00edch materi\u00e1l\u016f. Pr\u00e1ce se skalpelem je velmi bezpe\u010dn\u00e1. N\u016f\u017e m\u00e1 \u00falo\u017en\u00fd prostor pro bezpe\u010dn\u00e9 a snadn\u00e9 skladov\u00e1n\u00ed. S t\u00edmto speci\u00e1ln\u00edm vybaven\u00edm dos\u00e1hneme t\u011bch nejdokonalej\u0161\u00edch \u0159ez\u016f.<\/p>\n<p>D\u00edky vroubkovan\u00e9mu povrchu rukojeti se n\u016f\u017e velmi dob\u0159e dr\u017e\u00ed a neklou\u017ee z ruky.<\/p>\n<h2>Sada obsahuje<\/h2>\n<p>12 vym\u011bniteln\u00fdch \u010depel\u00ed 4&#215;22 mm s ost\u0159\u00edm 7 mm, plastovou rukoje\u0165 ve tvaru pera o pr\u016fm\u011bru 0,9 cm a d\u00e9lce 14 cm a \u0161rouby pro upevn\u011bn\u00ed kovov\u00e9ho pouzdra no\u017ee.<\/p>\n","protected":false},"excerpt":{"rendered":"<p>P\u0159esn\u00fd n\u016f\u017e na \u0159ez\u00e1n\u00ed r\u016fzn\u00fdch tvar\u016f s vym\u011bniteln\u00fdmi \u010depelemi.<\/p>\n","protected":false},"featured_media":15728,"comment_status":"open","ping_status":"closed","template":"","meta":[],"product_brand":[],"product_cat":[761],"product_tag":[],"class_list":{"0":"post-17013","1":"product","2":"type-product","3":"status-publish","4":"has-post-thumbnail","6":"product_cat-noze-noze-krazkowe-i-przecinaki","8":"first","9":"instock","10":"taxable","11":"shipping-taxable","12":"purchasable","13":"product-type-simple"},"_links":{"self":[{"href":"https:\/\/gltestm.webology.pl\/cs\/wp-json\/wp\/v2\/product\/17013","targetHints":{"allow":["GET"]}}],"collection":[{"href":"https:\/\/gltestm.webology.pl\/cs\/wp-json\/wp\/v2\/product"}],"about":[{"href":"https:\/\/gltestm.webology.pl\/cs\/wp-json\/wp\/v2\/types\/product"}],"replies":[{"embeddable":true,"href":"https:\/\/gltestm.webology.pl\/cs\/wp-json\/wp\/v2\/comments?post=17013"}],"version-history":[{"count":0,"href":"https:\/\/gltestm.webology.pl\/cs\/wp-json\/wp\/v2\/product\/17013\/revisions"}],"wp:featuredmedia":[{"embeddable":true,"href":"https:\/\/gltestm.webology.pl\/cs\/wp-json\/wp\/v2\/media\/15728"}],"wp:attachment":[{"href":"https:\/\/gltestm.webology.pl\/cs\/wp-json\/wp\/v2\/media?parent=17013"}],"wp:term":[{"taxonomy":"product_brand","embeddable":true,"href":"https:\/\/gltestm.webology.pl\/cs\/wp-json\/wp\/v2\/product_brand?post=17013"},{"taxonomy":"product_cat","embeddable":true,"href":"https:\/\/gltestm.webology.pl\/cs\/wp-json\/wp\/v2\/product_cat?post=17013"},{"taxonomy":"product_tag","embeddable":true,"href":"https:\/\/gltestm.webology.pl\/cs\/wp-json\/wp\/v2\/product_tag?post=17013"}],"curies":[{"name":"wp","href":"https:\/\/api.w.org\/{rel}","templated":true}]}}