{"id":17009,"date":"2026-03-18T22:04:10","date_gmt":"2026-03-18T21:04:10","guid":{"rendered":"https:\/\/gltestm.webology.pl\/produkt\/vazelinovy-olej-80-ml\/"},"modified":"2026-03-22T21:51:27","modified_gmt":"2026-03-22T20:51:27","slug":"vazelinovy-olej-80-ml","status":"publish","type":"product","link":"https:\/\/gltestm.webology.pl\/cs\/produkt\/vazelinovy-olej-80-ml\/","title":{"rendered":"Vazel\u00ednov\u00fd olej 80 ml"},"content":{"rendered":"<p><span><span><span><strong><span><span>Jedn\u00e1 se o vazel\u00ednov\u00fd olej vhodn\u00fd k promaz\u00e1v\u00e1n\u00ed mechanism\u016f \u0161ic\u00edch stroj\u016f v\u0161ech typ\u016f. <\/span><\/span><\/strong><\/span><\/span><\/span><\/p>\n<p><span><span><span><strong><span><span>Promaz\u00e1v\u00e1 a konzervuje. Nebarv\u00ed, je bezbarv\u00fd a bez z\u00e1pachu. Objem lahvi\u010dky je 80 ml. <\/span><\/span><\/strong><\/span><\/span><\/span><\/p>\n<p><span><span><span><strong><span><span>Pou\u017e\u00edv\u00e1 se p\u0159i teplot\u00e1ch do 50 \u00b0C.<br \/><\/span><\/span><\/strong><\/span><\/span><\/span><\/p>\n<p><span><span><span><strong><span><span>P\u0159ed pou\u017eit\u00edm prop\u00edchn\u011bte \u0161pi\u010dku lahvi\u010dky. Po pou\u017eit\u00ed ji zaz\u00e1tkujte uz\u00e1v\u011brem, abyste zabr\u00e1nili rozlit\u00ed oleje.<\/span><\/span><\/strong><\/span><\/span><\/span><\/p>\n<p><span><span><span><strong><span><span>Pozn\u00e1mka: V sou\u010dasn\u00e9 dob\u011b se olej prod\u00e1v\u00e1 v lahvi\u010dce s \u010derven\u00fdm uz\u00e1v\u011brem.<\/span><\/span><\/strong><\/span><\/span><\/span><\/p>\n","protected":false},"excerpt":{"rendered":"<p>Jedn\u00e1 se o vazel\u00ednov\u00fd olej vhodn\u00fd k promaz\u00e1v\u00e1n\u00ed mechanism\u016f \u0161ic\u00edch stroj\u016f v\u0161ech typ\u016f. Pou\u017eit\u00ed p\u0159i teplot\u00e1ch do 50 \u00b0C<\/p>\n","protected":false},"featured_media":15943,"comment_status":"open","ping_status":"closed","template":"","meta":[],"product_brand":[],"product_cat":[536],"product_tag":[],"class_list":{"0":"post-17009","1":"product","2":"type-product","3":"status-publish","4":"has-post-thumbnail","6":"product_cat-oleje-do-maszyn","8":"first","9":"instock","10":"taxable","11":"shipping-taxable","12":"purchasable","13":"product-type-simple"},"_links":{"self":[{"href":"https:\/\/gltestm.webology.pl\/cs\/wp-json\/wp\/v2\/product\/17009","targetHints":{"allow":["GET"]}}],"collection":[{"href":"https:\/\/gltestm.webology.pl\/cs\/wp-json\/wp\/v2\/product"}],"about":[{"href":"https:\/\/gltestm.webology.pl\/cs\/wp-json\/wp\/v2\/types\/product"}],"replies":[{"embeddable":true,"href":"https:\/\/gltestm.webology.pl\/cs\/wp-json\/wp\/v2\/comments?post=17009"}],"version-history":[{"count":0,"href":"https:\/\/gltestm.webology.pl\/cs\/wp-json\/wp\/v2\/product\/17009\/revisions"}],"wp:featuredmedia":[{"embeddable":true,"href":"https:\/\/gltestm.webology.pl\/cs\/wp-json\/wp\/v2\/media\/15943"}],"wp:attachment":[{"href":"https:\/\/gltestm.webology.pl\/cs\/wp-json\/wp\/v2\/media?parent=17009"}],"wp:term":[{"taxonomy":"product_brand","embeddable":true,"href":"https:\/\/gltestm.webology.pl\/cs\/wp-json\/wp\/v2\/product_brand?post=17009"},{"taxonomy":"product_cat","embeddable":true,"href":"https:\/\/gltestm.webology.pl\/cs\/wp-json\/wp\/v2\/product_cat?post=17009"},{"taxonomy":"product_tag","embeddable":true,"href":"https:\/\/gltestm.webology.pl\/cs\/wp-json\/wp\/v2\/product_tag?post=17009"}],"curies":[{"name":"wp","href":"https:\/\/api.w.org\/{rel}","templated":true}]}}