{"id":17001,"date":"2026-03-18T22:04:09","date_gmt":"2026-03-18T21:04:09","guid":{"rendered":"https:\/\/gltestm.webology.pl\/produkt\/opravna-zatka\/"},"modified":"2026-03-22T21:51:18","modified_gmt":"2026-03-22T20:51:18","slug":"opravna-zatka","status":"publish","type":"product","link":"https:\/\/gltestm.webology.pl\/cs\/produkt\/opravna-zatka\/","title":{"rendered":"Opravn\u00e1 z\u00e1tka"},"content":{"rendered":"<p><strong>D\u0159ev\u011bn\u00fd h\u0159ib<\/strong> se pou\u017e\u00edv\u00e1 k oprav\u011b pono\u017eek, ale lze ho pou\u017e\u00edt i jako dekoraci<\/p>\n<p>d\u00edky hladk\u00e9mu povrchu na n\u011bj m\u016f\u017eete malovat nebo ho vystr\u010dit<\/p>\n<p>pr\u016fm\u011br klobouku: h\u0159ib m\u00e1 pr\u016fm\u011br 7 cm<\/p>\n<p>d\u00e9lka nohy: 10 cm<\/p>\n<p>celkov\u00e1 d\u00e9lka: 13 cm<\/p>\n","protected":false},"excerpt":{"rendered":"<p>D\u0159ev\u011bn\u00fd oprav\u00e1\u0159sk\u00fd h\u0159ib.<\/p>\n","protected":false},"featured_media":13968,"comment_status":"open","ping_status":"closed","template":"","meta":[],"product_brand":[],"product_cat":[776],"product_tag":[],"class_list":{"0":"post-17001","1":"product","2":"type-product","3":"status-publish","4":"has-post-thumbnail","6":"product_cat-inne-narzedzia-i-akcesoria","8":"first","9":"instock","10":"taxable","11":"shipping-taxable","12":"purchasable","13":"product-type-simple"},"_links":{"self":[{"href":"https:\/\/gltestm.webology.pl\/cs\/wp-json\/wp\/v2\/product\/17001","targetHints":{"allow":["GET"]}}],"collection":[{"href":"https:\/\/gltestm.webology.pl\/cs\/wp-json\/wp\/v2\/product"}],"about":[{"href":"https:\/\/gltestm.webology.pl\/cs\/wp-json\/wp\/v2\/types\/product"}],"replies":[{"embeddable":true,"href":"https:\/\/gltestm.webology.pl\/cs\/wp-json\/wp\/v2\/comments?post=17001"}],"version-history":[{"count":0,"href":"https:\/\/gltestm.webology.pl\/cs\/wp-json\/wp\/v2\/product\/17001\/revisions"}],"wp:featuredmedia":[{"embeddable":true,"href":"https:\/\/gltestm.webology.pl\/cs\/wp-json\/wp\/v2\/media\/13968"}],"wp:attachment":[{"href":"https:\/\/gltestm.webology.pl\/cs\/wp-json\/wp\/v2\/media?parent=17001"}],"wp:term":[{"taxonomy":"product_brand","embeddable":true,"href":"https:\/\/gltestm.webology.pl\/cs\/wp-json\/wp\/v2\/product_brand?post=17001"},{"taxonomy":"product_cat","embeddable":true,"href":"https:\/\/gltestm.webology.pl\/cs\/wp-json\/wp\/v2\/product_cat?post=17001"},{"taxonomy":"product_tag","embeddable":true,"href":"https:\/\/gltestm.webology.pl\/cs\/wp-json\/wp\/v2\/product_tag?post=17001"}],"curies":[{"name":"wp","href":"https:\/\/api.w.org\/{rel}","templated":true}]}}