{"id":16997,"date":"2026-03-18T22:04:09","date_gmt":"2026-03-18T21:04:09","guid":{"rendered":"https:\/\/gltestm.webology.pl\/produkt\/pedal-pro-elektronicke-stroje-c-9000\/"},"modified":"2026-03-22T21:51:06","modified_gmt":"2026-03-22T20:51:06","slug":"pedal-pro-elektronicke-stroje-c-9000","status":"publish","type":"product","link":"https:\/\/gltestm.webology.pl\/cs\/produkt\/pedal-pro-elektronicke-stroje-c-9000\/","title":{"rendered":"Ped\u00e1l pro elektronick\u00e9 stroje C-9000"},"content":{"rendered":"<h2>Regul\u00e1tor ot\u00e1\u010dek C-9000<\/h2>\n<p>Regul\u00e1tor rychlosti (ped\u00e1l) slou\u017e\u00edc\u00ed k \u0159\u00edzen\u00ed rychlosti \u0161it\u00ed. \u0160ed\u00fd regul\u00e1tor je ur\u010den pro elektronick\u00e9 \u0161ic\u00ed stroje Lucznik. Umo\u017e\u0148uje pohodln\u00e9 a plynul\u00e9 nastaven\u00ed rychlosti \u0161it\u00ed.<\/p>\n<p>Je vhodn\u00fd pro modely \u0161ic\u00edch stroj\u016f Lucznik:<\/p>\n<ul>\n<li><strong>Malwina 2070<\/strong><\/li>\n<li><strong>Helena 2060<\/strong><\/li>\n<li><strong>Balladyna 2020<\/strong><\/li>\n<\/ul>\n<p><strong>POZN\u00c1MKA: <\/strong>Start\u00e9r NEM\u00c1 kabel pro p\u0159ipojen\u00ed k elektrick\u00e9 s\u00edti.<\/p>\n","protected":false},"excerpt":{"rendered":"<p>Regul\u00e1tor rychlosti C-9000 pro elektronick\u00e9 \u0161ic\u00ed stroje Lucznik: 2060, Malwina 2070, Balladyna 2020. Pohonn\u00e1 jednotka pro elektronick\u00e9 \u0161ic\u00ed stroje Lucznik. \u0158\u00edd\u00ed ot\u00e1\u010dky motor\u016f v \u0161ic\u00edch stroj\u00edch.<\/p>\n","protected":false},"featured_media":14418,"comment_status":"open","ping_status":"closed","template":"","meta":[],"product_brand":[],"product_cat":[481],"product_tag":[],"class_list":{"0":"post-16997","1":"product","2":"type-product","3":"status-publish","4":"has-post-thumbnail","6":"product_cat-pedaly-do-maszyn-i-regulatory-obrotow","8":"first","9":"instock","10":"taxable","11":"shipping-taxable","12":"purchasable","13":"product-type-simple"},"_links":{"self":[{"href":"https:\/\/gltestm.webology.pl\/cs\/wp-json\/wp\/v2\/product\/16997","targetHints":{"allow":["GET"]}}],"collection":[{"href":"https:\/\/gltestm.webology.pl\/cs\/wp-json\/wp\/v2\/product"}],"about":[{"href":"https:\/\/gltestm.webology.pl\/cs\/wp-json\/wp\/v2\/types\/product"}],"replies":[{"embeddable":true,"href":"https:\/\/gltestm.webology.pl\/cs\/wp-json\/wp\/v2\/comments?post=16997"}],"version-history":[{"count":0,"href":"https:\/\/gltestm.webology.pl\/cs\/wp-json\/wp\/v2\/product\/16997\/revisions"}],"wp:featuredmedia":[{"embeddable":true,"href":"https:\/\/gltestm.webology.pl\/cs\/wp-json\/wp\/v2\/media\/14418"}],"wp:attachment":[{"href":"https:\/\/gltestm.webology.pl\/cs\/wp-json\/wp\/v2\/media?parent=16997"}],"wp:term":[{"taxonomy":"product_brand","embeddable":true,"href":"https:\/\/gltestm.webology.pl\/cs\/wp-json\/wp\/v2\/product_brand?post=16997"},{"taxonomy":"product_cat","embeddable":true,"href":"https:\/\/gltestm.webology.pl\/cs\/wp-json\/wp\/v2\/product_cat?post=16997"},{"taxonomy":"product_tag","embeddable":true,"href":"https:\/\/gltestm.webology.pl\/cs\/wp-json\/wp\/v2\/product_tag?post=16997"}],"curies":[{"name":"wp","href":"https:\/\/api.w.org\/{rel}","templated":true}]}}