{"id":16985,"date":"2026-03-18T22:04:08","date_gmt":"2026-03-18T21:04:08","guid":{"rendered":"https:\/\/gltestm.webology.pl\/produkt\/nazehlovaci-stitek-na-obleceni-s-fixem\/"},"modified":"2026-03-22T21:51:04","modified_gmt":"2026-03-22T20:51:04","slug":"nazehlovaci-stitek-na-obleceni-s-fixem","status":"publish","type":"product","link":"https:\/\/gltestm.webology.pl\/cs\/produkt\/nazehlovaci-stitek-na-obleceni-s-fixem\/","title":{"rendered":"Na\u017eehlovac\u00ed \u0161t\u00edtek na oble\u010den\u00ed s fixem"},"content":{"rendered":"<h2>\u0160t\u00edtky na oble\u010den\u00ed &#8211; jak je pou\u017e\u00edvat?<\/h2>\n<p>\u0160t\u00edtky na oble\u010den\u00ed pou\u017e\u00edv\u00e1me, kdy\u017e je pot\u0159ebujeme ozna\u010dit, abychom v\u011bd\u011bli, komu pat\u0159\u00ed. Hod\u00ed se p\u0159edev\u0161\u00edm v jesl\u00edch, \u0161kolk\u00e1ch, \u0161kol\u00e1ch nebo nemocnic\u00edch. Hod\u00ed se tak\u00e9 k ozna\u010den\u00ed lo\u017en\u00edho pr\u00e1dla odes\u00edlan\u00e9ho do pr\u00e1delny. M\u016f\u017eeme je pou\u017e\u00edt na jak\u00fdkoli textil.<\/p>\n<p>Ke zna\u010den\u00ed by se m\u011bly pou\u017e\u00edvat pouze fixy na textil. Takov\u00fd popisova\u010d je sou\u010d\u00e1st\u00ed sady.<\/p>\n<p>Doporu\u010dujeme \u0161t\u00edtek dodate\u010dn\u011b za\u0161\u00edt, aby se p\u0159i pran\u00ed neodlepil.<\/p>\n<h2>Rozm\u011bry<\/h2>\n<p>Jeden v\u00fdrobek obsahuje 45 \u0161t\u00edtk\u016f s n\u00e1zvem v angli\u010dtin\u011b (name).<\/p>\n<p>Rozm\u011br jedn\u00e9 jmenovky: \u0161\u00ed\u0159ka 5,5 cm x v\u00fd\u0161ka 1,5 cm.<\/p>\n<p>Velikost cel\u00e9ho \u0161t\u00edtku: \u0161\u00ed\u0159ka 5,5 cm x v\u00fd\u0161ka 10,5 cm.<\/p>\n<h2>\u00dadr\u017eba<\/h2>\n<p><img decoding=\"async\" src=\"https:\/\/www.stoklasa.pl\/obr_praci_symboly.php?symbol=70-3-46-48-21\" alt=\"\" \/><\/p>\n","protected":false},"excerpt":{"rendered":"<p>\u0160t\u00edtky se jm\u00e9ny pro ozna\u010dov\u00e1n\u00ed od\u011bv\u016f, l\u016f\u017ekovin a dal\u0161\u00edch textili\u00ed.<\/p>\n","protected":false},"featured_media":13883,"comment_status":"open","ping_status":"closed","template":"","meta":[],"product_brand":[],"product_cat":[776],"product_tag":[],"class_list":{"0":"post-16985","1":"product","2":"type-product","3":"status-publish","4":"has-post-thumbnail","6":"product_cat-inne-narzedzia-i-akcesoria","8":"first","9":"instock","10":"taxable","11":"shipping-taxable","12":"purchasable","13":"product-type-simple"},"_links":{"self":[{"href":"https:\/\/gltestm.webology.pl\/cs\/wp-json\/wp\/v2\/product\/16985","targetHints":{"allow":["GET"]}}],"collection":[{"href":"https:\/\/gltestm.webology.pl\/cs\/wp-json\/wp\/v2\/product"}],"about":[{"href":"https:\/\/gltestm.webology.pl\/cs\/wp-json\/wp\/v2\/types\/product"}],"replies":[{"embeddable":true,"href":"https:\/\/gltestm.webology.pl\/cs\/wp-json\/wp\/v2\/comments?post=16985"}],"version-history":[{"count":0,"href":"https:\/\/gltestm.webology.pl\/cs\/wp-json\/wp\/v2\/product\/16985\/revisions"}],"wp:featuredmedia":[{"embeddable":true,"href":"https:\/\/gltestm.webology.pl\/cs\/wp-json\/wp\/v2\/media\/13883"}],"wp:attachment":[{"href":"https:\/\/gltestm.webology.pl\/cs\/wp-json\/wp\/v2\/media?parent=16985"}],"wp:term":[{"taxonomy":"product_brand","embeddable":true,"href":"https:\/\/gltestm.webology.pl\/cs\/wp-json\/wp\/v2\/product_brand?post=16985"},{"taxonomy":"product_cat","embeddable":true,"href":"https:\/\/gltestm.webology.pl\/cs\/wp-json\/wp\/v2\/product_cat?post=16985"},{"taxonomy":"product_tag","embeddable":true,"href":"https:\/\/gltestm.webology.pl\/cs\/wp-json\/wp\/v2\/product_tag?post=16985"}],"curies":[{"name":"wp","href":"https:\/\/api.w.org\/{rel}","templated":true}]}}