{"id":16981,"date":"2026-03-18T22:04:08","date_gmt":"2026-03-18T21:04:08","guid":{"rendered":"https:\/\/gltestm.webology.pl\/produkt\/naprstek-s-rezakem-niti\/"},"modified":"2026-03-22T21:51:02","modified_gmt":"2026-03-22T20:51:02","slug":"naprstek-s-rezakem-niti","status":"publish","type":"product","link":"https:\/\/gltestm.webology.pl\/cs\/produkt\/naprstek-s-rezakem-niti\/","title":{"rendered":"N\u00e1prstek s \u0159ez\u00e1kem nit\u00ed"},"content":{"rendered":"<h2>N\u00e1prstek s no\u017eem<\/h2>\n<p>N\u00e1prstek s no\u017eem je mimo\u0159\u00e1dn\u011b praktick\u00e1 pom\u016fcka, kter\u00e1 v\u00e1m usnadn\u00ed pr\u00e1ci s nit\u00ed, nap\u0159\u00edklad p\u0159i \u0161it\u00ed nebo vy\u0161\u00edv\u00e1n\u00ed. N\u016f\u017e je ned\u00edlnou sou\u010d\u00e1st\u00ed n\u00e1prstku a je um\u00edst\u011bn nad otvorem pro prst. D\u00edky n\u011bmu nemus\u00edte p\u0159eru\u0161ovat pr\u00e1ci, abyste s\u00e1hli po n\u016f\u017ek\u00e1ch le\u017e\u00edc\u00edch na stole &#8211; sta\u010d\u00ed jedn\u00edm pohybem prot\u00e1hnout nit pod\u00e9l jeho ost\u0159\u00ed. Plastov\u00fd n\u00e1prstek je opat\u0159en \u0161t\u011brbinou, kter\u00e1 umo\u017e\u0148uje jeho p\u0159izp\u016fsoben\u00ed velikosti va\u0161eho prstu.<\/p>\n<h2>Rozm\u011bry<\/h2>\n<p>Pr\u016fm\u011br n\u00e1prstku bez roz\u0161\u00ed\u0159en\u00ed je 16 mm. D\u00e9lka jeho \u010depele je 10 mm.<\/p>\n","protected":false},"excerpt":{"rendered":"<p>Praktick\u00fd a \u0161ikovn\u00fd n\u00e1prstek s \u0159ez\u00e1kem nit\u00ed.<\/p>\n","protected":false},"featured_media":13948,"comment_status":"open","ping_status":"closed","template":"","meta":[],"product_brand":[],"product_cat":[761],"product_tag":[],"class_list":{"0":"post-16981","1":"product","2":"type-product","3":"status-publish","4":"has-post-thumbnail","6":"product_cat-noze-noze-krazkowe-i-przecinaki","8":"first","9":"instock","10":"taxable","11":"shipping-taxable","12":"purchasable","13":"product-type-simple"},"_links":{"self":[{"href":"https:\/\/gltestm.webology.pl\/cs\/wp-json\/wp\/v2\/product\/16981","targetHints":{"allow":["GET"]}}],"collection":[{"href":"https:\/\/gltestm.webology.pl\/cs\/wp-json\/wp\/v2\/product"}],"about":[{"href":"https:\/\/gltestm.webology.pl\/cs\/wp-json\/wp\/v2\/types\/product"}],"replies":[{"embeddable":true,"href":"https:\/\/gltestm.webology.pl\/cs\/wp-json\/wp\/v2\/comments?post=16981"}],"version-history":[{"count":0,"href":"https:\/\/gltestm.webology.pl\/cs\/wp-json\/wp\/v2\/product\/16981\/revisions"}],"wp:featuredmedia":[{"embeddable":true,"href":"https:\/\/gltestm.webology.pl\/cs\/wp-json\/wp\/v2\/media\/13948"}],"wp:attachment":[{"href":"https:\/\/gltestm.webology.pl\/cs\/wp-json\/wp\/v2\/media?parent=16981"}],"wp:term":[{"taxonomy":"product_brand","embeddable":true,"href":"https:\/\/gltestm.webology.pl\/cs\/wp-json\/wp\/v2\/product_brand?post=16981"},{"taxonomy":"product_cat","embeddable":true,"href":"https:\/\/gltestm.webology.pl\/cs\/wp-json\/wp\/v2\/product_cat?post=16981"},{"taxonomy":"product_tag","embeddable":true,"href":"https:\/\/gltestm.webology.pl\/cs\/wp-json\/wp\/v2\/product_tag?post=16981"}],"curies":[{"name":"wp","href":"https:\/\/api.w.org\/{rel}","templated":true}]}}