{"id":16977,"date":"2026-03-18T22:04:07","date_gmt":"2026-03-18T21:04:07","guid":{"rendered":"https:\/\/gltestm.webology.pl\/produkt\/plstici-jehla-s-drevenou-rukojeti\/"},"modified":"2026-03-22T21:51:01","modified_gmt":"2026-03-22T20:51:01","slug":"plstici-jehla-s-drevenou-rukojeti","status":"publish","type":"product","link":"https:\/\/gltestm.webology.pl\/cs\/produkt\/plstici-jehla-s-drevenou-rukojeti\/","title":{"rendered":"Plst\u00edc\u00ed jehla s d\u0159ev\u011bnou rukojet\u00ed"},"content":{"rendered":"<p><strong>Jehly na plst\u011bn\u00ed<\/strong><span> jsou pro tuto techniku nezbytnost\u00ed<\/span>.<br \/>Jsou <span>troj\u00faheln\u00edkov\u00e9, po stran\u00e1ch <\/span><strong>maj\u00ed jemn\u00e9 dr\u00e1\u017eky pro uchopen\u00ed vlny.<span>jejich <\/span><strong>st\u0159edn\u00ed velikost<\/strong><span> je ide\u00e1ln\u00ed od za\u010d\u00e1tku pr\u00e1ce s plst\u00ed a\u017e po fin\u00e1ln\u00ed tvarov\u00e1n\u00ed. jehly m\u016f\u017eete snadno vym\u011bnit v rukojet\u00edch<\/span><\/strong>.<\/p>\n<p><strong>N\u00e1vod k pou\u017eit\u00ed:<br \/><span>Vezm\u011bte si kousek vlny a prsty vytvo\u0159te po\u017eadovan\u00fd tvar. Jehlou na plst rovnom\u011brn\u011b prop\u00edchn\u011bte pls\u0165 na ka\u017ed\u00e9 stran\u011b. Plst\u00edc\u00ed jehla m\u00e1 po stran\u00e1ch mal\u00e9 dr\u00e1\u017eky, do kter\u00fdch se vl\u00e1kna vlny zachyt\u00ed, a prop\u00edchnut\u00edm se vl\u00e1kna propletou. <\/span><\/strong><\/p>\n<p><strong>Pozor!<\/strong><\/p>\n<p><strong>Jehly se prod\u00e1vaj\u00ed jednotliv\u011b !<\/strong><\/p>\n","protected":false},"excerpt":{"rendered":"<p>Pohodln\u00e1 a praktick\u00e1 jehla nezbytn\u00e1 pro plst\u011bn\u00ed.<\/p>\n","protected":false},"featured_media":14609,"comment_status":"open","ping_status":"closed","template":"","meta":[],"product_brand":[],"product_cat":[361],"product_tag":[],"class_list":{"0":"post-16977","1":"product","2":"type-product","3":"status-publish","4":"has-post-thumbnail","6":"product_cat-igly","8":"first","9":"instock","10":"taxable","11":"shipping-taxable","12":"purchasable","13":"product-type-simple"},"_links":{"self":[{"href":"https:\/\/gltestm.webology.pl\/cs\/wp-json\/wp\/v2\/product\/16977","targetHints":{"allow":["GET"]}}],"collection":[{"href":"https:\/\/gltestm.webology.pl\/cs\/wp-json\/wp\/v2\/product"}],"about":[{"href":"https:\/\/gltestm.webology.pl\/cs\/wp-json\/wp\/v2\/types\/product"}],"replies":[{"embeddable":true,"href":"https:\/\/gltestm.webology.pl\/cs\/wp-json\/wp\/v2\/comments?post=16977"}],"version-history":[{"count":0,"href":"https:\/\/gltestm.webology.pl\/cs\/wp-json\/wp\/v2\/product\/16977\/revisions"}],"wp:featuredmedia":[{"embeddable":true,"href":"https:\/\/gltestm.webology.pl\/cs\/wp-json\/wp\/v2\/media\/14609"}],"wp:attachment":[{"href":"https:\/\/gltestm.webology.pl\/cs\/wp-json\/wp\/v2\/media?parent=16977"}],"wp:term":[{"taxonomy":"product_brand","embeddable":true,"href":"https:\/\/gltestm.webology.pl\/cs\/wp-json\/wp\/v2\/product_brand?post=16977"},{"taxonomy":"product_cat","embeddable":true,"href":"https:\/\/gltestm.webology.pl\/cs\/wp-json\/wp\/v2\/product_cat?post=16977"},{"taxonomy":"product_tag","embeddable":true,"href":"https:\/\/gltestm.webology.pl\/cs\/wp-json\/wp\/v2\/product_tag?post=16977"}],"curies":[{"name":"wp","href":"https:\/\/api.w.org\/{rel}","templated":true}]}}