{"id":16973,"date":"2026-03-18T22:04:07","date_gmt":"2026-03-18T21:04:07","guid":{"rendered":"https:\/\/gltestm.webology.pl\/produkt\/plstici-jehla\/"},"modified":"2026-03-22T21:51:00","modified_gmt":"2026-03-22T20:51:00","slug":"plstici-jehla","status":"publish","type":"product","link":"https:\/\/gltestm.webology.pl\/cs\/produkt\/plstici-jehla\/","title":{"rendered":"Plst\u00edc\u00ed jehla"},"content":{"rendered":"<p><strong>Jehly na plst\u011bn\u00ed<\/strong><span> jsou pro tuto techniku nezbytnost\u00ed<\/span>.<\/p>\n<p><span>Jsou troj\u00faheln\u00edkov\u00e9, na stran\u00e1ch <\/span><strong>maj\u00ed jemn\u00e9 dr\u00e1\u017eky pro uchopen\u00ed vlny.<\/strong><\/p>\n<p><strong>N\u00e1vod k pou\u017eit\u00ed:<\/strong><\/p>\n<p>Vezm\u011bte si kousek vlny a prsty vytvo\u0159te po\u017eadovan\u00fd tvar. Pomoc\u00ed plst\u011bn\u00e9 jehly pls\u0165 rovnom\u011brn\u011b prop\u00edchn\u011bte na ka\u017ed\u00e9 stran\u011b. Plst\u011bn\u00e1 jehla m\u00e1 po stran\u00e1ch drobn\u00e9 dr\u00e1\u017eky, do kter\u00fdch se vl\u00e1kna vlny zachyt\u00ed, a p\u00edchnut\u00edm se vl\u00e1kna propletou.  <\/p>\n<p><strong>Pozn\u00e1mka <\/strong>: jehly se prod\u00e1vaj\u00ed jednotliv\u011b!<\/p>\n","protected":false},"excerpt":{"rendered":"<p>Z\u00e1kladn\u00ed jehla nezbytn\u00e1 pro plst\u011bn\u00ed.<\/p>\n","protected":false},"featured_media":15882,"comment_status":"open","ping_status":"closed","template":"","meta":[],"product_brand":[],"product_cat":[361],"product_tag":[],"class_list":{"0":"post-16973","1":"product","2":"type-product","3":"status-publish","4":"has-post-thumbnail","6":"product_cat-igly","8":"first","9":"instock","10":"taxable","11":"shipping-taxable","12":"purchasable","13":"product-type-simple"},"_links":{"self":[{"href":"https:\/\/gltestm.webology.pl\/cs\/wp-json\/wp\/v2\/product\/16973","targetHints":{"allow":["GET"]}}],"collection":[{"href":"https:\/\/gltestm.webology.pl\/cs\/wp-json\/wp\/v2\/product"}],"about":[{"href":"https:\/\/gltestm.webology.pl\/cs\/wp-json\/wp\/v2\/types\/product"}],"replies":[{"embeddable":true,"href":"https:\/\/gltestm.webology.pl\/cs\/wp-json\/wp\/v2\/comments?post=16973"}],"version-history":[{"count":0,"href":"https:\/\/gltestm.webology.pl\/cs\/wp-json\/wp\/v2\/product\/16973\/revisions"}],"wp:featuredmedia":[{"embeddable":true,"href":"https:\/\/gltestm.webology.pl\/cs\/wp-json\/wp\/v2\/media\/15882"}],"wp:attachment":[{"href":"https:\/\/gltestm.webology.pl\/cs\/wp-json\/wp\/v2\/media?parent=16973"}],"wp:term":[{"taxonomy":"product_brand","embeddable":true,"href":"https:\/\/gltestm.webology.pl\/cs\/wp-json\/wp\/v2\/product_brand?post=16973"},{"taxonomy":"product_cat","embeddable":true,"href":"https:\/\/gltestm.webology.pl\/cs\/wp-json\/wp\/v2\/product_cat?post=16973"},{"taxonomy":"product_tag","embeddable":true,"href":"https:\/\/gltestm.webology.pl\/cs\/wp-json\/wp\/v2\/product_tag?post=16973"}],"curies":[{"name":"wp","href":"https:\/\/api.w.org\/{rel}","templated":true}]}}