{"id":16957,"date":"2026-03-18T22:04:06","date_gmt":"2026-03-18T21:04:06","guid":{"rendered":"https:\/\/gltestm.webology.pl\/produkt\/sada-cestovniho-siciho-prislusenstvi\/"},"modified":"2026-03-22T21:50:49","modified_gmt":"2026-03-22T20:50:49","slug":"sada-cestovniho-siciho-prislusenstvi","status":"publish","type":"product","link":"https:\/\/gltestm.webology.pl\/cs\/produkt\/sada-cestovniho-siciho-prislusenstvi\/","title":{"rendered":"Sada cestovn\u00edho \u0161ic\u00edho p\u0159\u00edslu\u0161enstv\u00ed"},"content":{"rendered":"<h2>U\u017eite\u010dn\u00e1 sada n\u00e1stroj\u016f<\/h2>\n<p>Sada miniaturn\u00edch \u0161ic\u00edch pot\u0159eb uzav\u0159en\u00e1 v praktick\u00e9m kuf\u0159\u00edku se v\u00e1m bude hodit nejen na cesty, ale i na doma.<\/p>\n<p>D\u00edky mal\u00fdm rozm\u011br\u016fm se vejde i do mal\u00e9 kabelky a d\u00edky o\u010dku si ho m\u016f\u017eeme p\u0159ipnout na kl\u00ed\u010de. Zachr\u00e1n\u00ed n\u00e1s v\u017edy, kdy\u017e budeme pot\u0159ebovat rychle opravit oble\u010den\u00ed. Je dobr\u00e9 si ji vz\u00edt s sebou na svatbu nebo jinou oslavu.<\/p>\n<h2>Z \u010deho se sada skl\u00e1d\u00e1?<\/h2>\n<p>Jedn\u00e1 se o velmi praktickou sadu n\u00e1\u0159ad\u00ed, obsahuje v\u0161echny pot\u0159ebn\u00e9 p\u0159edm\u011bty pro rychl\u00e9 opravy:<\/p>\n<ul>\n<li>8 c\u00edvek nit\u00ed v r\u016fzn\u00fdch barv\u00e1ch,<\/li>\n<li>sadu jehel pro ru\u010dn\u00ed \u0161it\u00ed,<\/li>\n<li>n\u00e1prstek,<\/li>\n<li>krej\u010dovsk\u00fd centimetr,<\/li>\n<li>podlo\u017eku pod jehlu,<\/li>\n<li>n\u016f\u017eky.<\/li>\n<\/ul>\n<p>Chytr\u00fd pr\u016fhledn\u00fd kuf\u0159\u00edk se uzav\u00edr\u00e1 na zip, tak\u017ee snadno najdete hledanou polo\u017eku.<\/p>\n<p>\u010caloun\u011bn\u00ed kuf\u0159\u00edku na n\u00e1\u0159ad\u00ed a zip jsou v modr\u00e9 barv\u011b.<\/p>\n<p>Krabi\u010dka na n\u00e1\u0159ad\u00ed m\u00e1 pr\u016fm\u011br 8 cm a v\u00fd\u0161ku asi 4 cm.<\/p>\n","protected":false},"excerpt":{"rendered":"<p>Praktick\u00e1 sada nezbytn\u00e9ho \u0161ic\u00edho p\u0159\u00edslu\u0161enstv\u00ed.<\/p>\n","protected":false},"featured_media":13282,"comment_status":"open","ping_status":"closed","template":"","meta":[],"product_brand":[],"product_cat":[766],"product_tag":[],"class_list":{"0":"post-16957","1":"product","2":"type-product","3":"status-publish","4":"has-post-thumbnail","6":"product_cat-przyborniki-i-zestawy-do-szycia","8":"first","9":"instock","10":"taxable","11":"shipping-taxable","12":"purchasable","13":"product-type-simple"},"_links":{"self":[{"href":"https:\/\/gltestm.webology.pl\/cs\/wp-json\/wp\/v2\/product\/16957","targetHints":{"allow":["GET"]}}],"collection":[{"href":"https:\/\/gltestm.webology.pl\/cs\/wp-json\/wp\/v2\/product"}],"about":[{"href":"https:\/\/gltestm.webology.pl\/cs\/wp-json\/wp\/v2\/types\/product"}],"replies":[{"embeddable":true,"href":"https:\/\/gltestm.webology.pl\/cs\/wp-json\/wp\/v2\/comments?post=16957"}],"version-history":[{"count":0,"href":"https:\/\/gltestm.webology.pl\/cs\/wp-json\/wp\/v2\/product\/16957\/revisions"}],"wp:featuredmedia":[{"embeddable":true,"href":"https:\/\/gltestm.webology.pl\/cs\/wp-json\/wp\/v2\/media\/13282"}],"wp:attachment":[{"href":"https:\/\/gltestm.webology.pl\/cs\/wp-json\/wp\/v2\/media?parent=16957"}],"wp:term":[{"taxonomy":"product_brand","embeddable":true,"href":"https:\/\/gltestm.webology.pl\/cs\/wp-json\/wp\/v2\/product_brand?post=16957"},{"taxonomy":"product_cat","embeddable":true,"href":"https:\/\/gltestm.webology.pl\/cs\/wp-json\/wp\/v2\/product_cat?post=16957"},{"taxonomy":"product_tag","embeddable":true,"href":"https:\/\/gltestm.webology.pl\/cs\/wp-json\/wp\/v2\/product_tag?post=16957"}],"curies":[{"name":"wp","href":"https:\/\/api.w.org\/{rel}","templated":true}]}}