{"id":16949,"date":"2026-03-18T22:04:06","date_gmt":"2026-03-18T21:04:06","guid":{"rendered":"https:\/\/gltestm.webology.pl\/produkt\/univerzalni-sada-overlockovych-jehel-beissel-elx705\/"},"modified":"2026-03-22T21:50:43","modified_gmt":"2026-03-22T20:50:43","slug":"univerzalni-sada-overlockovych-jehel-beissel-elx705","status":"publish","type":"product","link":"https:\/\/gltestm.webology.pl\/cs\/produkt\/univerzalni-sada-overlockovych-jehel-beissel-elx705\/","title":{"rendered":"Univerz\u00e1ln\u00ed sada overlockov\u00fdch jehel Beissel ELx705"},"content":{"rendered":"<p><strong>Univerz\u00e1ln\u00ed jehly Beissel ELx705 pro overlock.<\/strong><\/p>\n<p>Jehly na poloploch\u00e9 ba\u0148ce.<\/p>\n<p><strong>Barevn\u011b odli\u0161en\u00e1 tlou\u0161\u0165ka ba\u0148ky.<\/strong><br \/><strong>Tlou\u0161\u0165ka jehly 3&#215;80 a 2&#215;90 <\/strong><br \/><strong>Balen\u00ed po 5 kusech.<\/strong><\/p>\n<p>Licencov\u00e1no spole\u010dnost\u00ed BMN Beissel Maschinennadel Gmbh, N\u011bmecko.<\/p>\n<p>Ka\u017ed\u00e1 jehla Beissel je pochromovan\u00e1 a \u010depel je vyrobena s tvrdost\u00ed HV 750-850, d\u00edky \u010demu\u017e je hrot tak ostr\u00fd a siln\u00fd, \u017ee dok\u00e1\u017ee prop\u00edchnout ocelov\u00fd plech a p\u0159itom si zachovat sv\u016fj v\u00fdkon. Modern\u00ed \u0161ic\u00ed stroje pracuj\u00ed rychlost\u00ed 10000 steh\u016f za minutu.<\/p>\n","protected":false},"excerpt":{"rendered":"<p>Univerz\u00e1ln\u00ed jehly Beissel ELx705<\/p>\n","protected":false},"featured_media":15053,"comment_status":"open","ping_status":"closed","template":"","meta":[],"product_brand":[],"product_cat":[521],"product_tag":[],"class_list":{"0":"post-16949","1":"product","2":"type-product","3":"status-publish","4":"has-post-thumbnail","6":"product_cat-igly-do-maszyn","8":"first","9":"instock","10":"taxable","11":"shipping-taxable","12":"purchasable","13":"product-type-simple"},"_links":{"self":[{"href":"https:\/\/gltestm.webology.pl\/cs\/wp-json\/wp\/v2\/product\/16949","targetHints":{"allow":["GET"]}}],"collection":[{"href":"https:\/\/gltestm.webology.pl\/cs\/wp-json\/wp\/v2\/product"}],"about":[{"href":"https:\/\/gltestm.webology.pl\/cs\/wp-json\/wp\/v2\/types\/product"}],"replies":[{"embeddable":true,"href":"https:\/\/gltestm.webology.pl\/cs\/wp-json\/wp\/v2\/comments?post=16949"}],"version-history":[{"count":0,"href":"https:\/\/gltestm.webology.pl\/cs\/wp-json\/wp\/v2\/product\/16949\/revisions"}],"wp:featuredmedia":[{"embeddable":true,"href":"https:\/\/gltestm.webology.pl\/cs\/wp-json\/wp\/v2\/media\/15053"}],"wp:attachment":[{"href":"https:\/\/gltestm.webology.pl\/cs\/wp-json\/wp\/v2\/media?parent=16949"}],"wp:term":[{"taxonomy":"product_brand","embeddable":true,"href":"https:\/\/gltestm.webology.pl\/cs\/wp-json\/wp\/v2\/product_brand?post=16949"},{"taxonomy":"product_cat","embeddable":true,"href":"https:\/\/gltestm.webology.pl\/cs\/wp-json\/wp\/v2\/product_cat?post=16949"},{"taxonomy":"product_tag","embeddable":true,"href":"https:\/\/gltestm.webology.pl\/cs\/wp-json\/wp\/v2\/product_tag?post=16949"}],"curies":[{"name":"wp","href":"https:\/\/api.w.org\/{rel}","templated":true}]}}