{"id":16945,"date":"2026-03-18T22:04:05","date_gmt":"2026-03-18T21:04:05","guid":{"rendered":"https:\/\/gltestm.webology.pl\/produkt\/overlockova-nit-seda-outlet\/"},"modified":"2026-03-22T21:50:24","modified_gmt":"2026-03-22T20:50:24","slug":"overlockova-nit-seda-outlet","status":"publish","type":"product","link":"https:\/\/gltestm.webology.pl\/cs\/produkt\/overlockova-nit-seda-outlet\/","title":{"rendered":"Overlockov\u00e1 nit &#8211; \u0161ed\u00e1 Outlet"},"content":{"rendered":"<p>Polyesterov\u00e9 nit\u011b s n\u00e1vinem cca 4572 metr\u016f. Jedn\u00e1 se o siln\u00e9 nit\u011b, kter\u00e9 jsou ide\u00e1ln\u00ed pro pou\u017eit\u00ed p\u0159i \u0161it\u00ed na dom\u00e1c\u00edch nebo pr\u016fmyslov\u00fdch stroj\u00edch, jako jsou overlocky nebo rendl\u00edky.<\/p>\n<p>Lze je b\u011b\u017en\u011b pr\u00e1t na maxim\u00e1ln\u00ed teplotu 95 stup\u0148\u016f.<\/p>\n<p>Nesm\u00ed se chlorovat.<\/p>\n<p>\u017dehlete na st\u0159edn\u00ed teplotu \u017eehli\u010dky.<\/p>\n<p>Lze chemicky \u010distit.<\/p>\n<p>Su\u0161te v su\u0161i\u010dce na n\u00edzk\u00e9 ot\u00e1\u010dky.<\/p>\n","protected":false},"excerpt":{"rendered":"<p>Polyesterov\u00e9 nit\u011b, 5000 yard\u016f PES 40\/2 n\u00e1vin<\/p>\n","protected":false},"featured_media":14464,"comment_status":"open","ping_status":"closed","template":"","meta":[],"product_brand":[],"product_cat":[921],"product_tag":[],"class_list":{"0":"post-16945","1":"product","2":"type-product","3":"status-publish","4":"has-post-thumbnail","6":"product_cat-nici-do-overlockow","8":"first","9":"outofstock","10":"taxable","11":"shipping-taxable","12":"purchasable","13":"product-type-simple"},"_links":{"self":[{"href":"https:\/\/gltestm.webology.pl\/cs\/wp-json\/wp\/v2\/product\/16945","targetHints":{"allow":["GET"]}}],"collection":[{"href":"https:\/\/gltestm.webology.pl\/cs\/wp-json\/wp\/v2\/product"}],"about":[{"href":"https:\/\/gltestm.webology.pl\/cs\/wp-json\/wp\/v2\/types\/product"}],"replies":[{"embeddable":true,"href":"https:\/\/gltestm.webology.pl\/cs\/wp-json\/wp\/v2\/comments?post=16945"}],"version-history":[{"count":0,"href":"https:\/\/gltestm.webology.pl\/cs\/wp-json\/wp\/v2\/product\/16945\/revisions"}],"wp:featuredmedia":[{"embeddable":true,"href":"https:\/\/gltestm.webology.pl\/cs\/wp-json\/wp\/v2\/media\/14464"}],"wp:attachment":[{"href":"https:\/\/gltestm.webology.pl\/cs\/wp-json\/wp\/v2\/media?parent=16945"}],"wp:term":[{"taxonomy":"product_brand","embeddable":true,"href":"https:\/\/gltestm.webology.pl\/cs\/wp-json\/wp\/v2\/product_brand?post=16945"},{"taxonomy":"product_cat","embeddable":true,"href":"https:\/\/gltestm.webology.pl\/cs\/wp-json\/wp\/v2\/product_cat?post=16945"},{"taxonomy":"product_tag","embeddable":true,"href":"https:\/\/gltestm.webology.pl\/cs\/wp-json\/wp\/v2\/product_tag?post=16945"}],"curies":[{"name":"wp","href":"https:\/\/api.w.org\/{rel}","templated":true}]}}