{"id":16929,"date":"2026-03-18T22:04:05","date_gmt":"2026-03-18T21:04:05","guid":{"rendered":"https:\/\/gltestm.webology.pl\/produkt\/zehlici-stojan-dfsp-810\/"},"modified":"2026-03-22T21:50:18","modified_gmt":"2026-03-22T20:50:18","slug":"zehlici-stojan-dfsp-810","status":"publish","type":"product","link":"https:\/\/gltestm.webology.pl\/cs\/produkt\/zehlici-stojan-dfsp-810\/","title":{"rendered":"\u017dehlic\u00ed stojan DFSP-810"},"content":{"rendered":"<h2>\u017dehlic\u00ed stojan DFSP-810<\/h2>\n<p>Nohy, kter\u00e9 umo\u017e\u0148uj\u00ed um\u00edstit \u017eehli\u010dku na volnou plochu a vybrat si tak vhodn\u00e9 m\u00edsto pro \u017eehlen\u00ed. <\/p>\n<p>Rozm\u011bry stojanu: 49 cm x 17 cm x 71,5 cm<\/p>\n<p>Hmotnost stojanu: 7 kg<\/p>\n<p>Na<strong>\u017eehlic\u00ed <\/strong>stojan<strong>DFSP-810 <\/strong>se vztahuje <strong>z\u00e1ruka<\/strong><strong> 24 m\u011bs\u00edc\u016f<\/strong>.<\/p>\n","protected":false},"excerpt":{"rendered":"<p>Nohy, kter\u00e9 umo\u017e\u0148uj\u00ed um\u00edst\u011bn\u00ed \u017eehli\u010dky na volnou plochu.<\/p>\n","protected":false},"featured_media":14129,"comment_status":"open","ping_status":"closed","template":"","meta":[],"product_brand":[],"product_cat":[621],"product_tag":[],"class_list":{"0":"post-16929","1":"product","2":"type-product","3":"status-publish","4":"has-post-thumbnail","6":"product_cat-prasowalnice","8":"first","9":"instock","10":"taxable","11":"shipping-taxable","12":"purchasable","13":"product-type-simple"},"_links":{"self":[{"href":"https:\/\/gltestm.webology.pl\/cs\/wp-json\/wp\/v2\/product\/16929","targetHints":{"allow":["GET"]}}],"collection":[{"href":"https:\/\/gltestm.webology.pl\/cs\/wp-json\/wp\/v2\/product"}],"about":[{"href":"https:\/\/gltestm.webology.pl\/cs\/wp-json\/wp\/v2\/types\/product"}],"replies":[{"embeddable":true,"href":"https:\/\/gltestm.webology.pl\/cs\/wp-json\/wp\/v2\/comments?post=16929"}],"version-history":[{"count":0,"href":"https:\/\/gltestm.webology.pl\/cs\/wp-json\/wp\/v2\/product\/16929\/revisions"}],"wp:featuredmedia":[{"embeddable":true,"href":"https:\/\/gltestm.webology.pl\/cs\/wp-json\/wp\/v2\/media\/14129"}],"wp:attachment":[{"href":"https:\/\/gltestm.webology.pl\/cs\/wp-json\/wp\/v2\/media?parent=16929"}],"wp:term":[{"taxonomy":"product_brand","embeddable":true,"href":"https:\/\/gltestm.webology.pl\/cs\/wp-json\/wp\/v2\/product_brand?post=16929"},{"taxonomy":"product_cat","embeddable":true,"href":"https:\/\/gltestm.webology.pl\/cs\/wp-json\/wp\/v2\/product_cat?post=16929"},{"taxonomy":"product_tag","embeddable":true,"href":"https:\/\/gltestm.webology.pl\/cs\/wp-json\/wp\/v2\/product_tag?post=16929"}],"curies":[{"name":"wp","href":"https:\/\/api.w.org\/{rel}","templated":true}]}}