{"id":16909,"date":"2026-03-18T22:04:03","date_gmt":"2026-03-18T21:04:03","guid":{"rendered":"https:\/\/gltestm.webology.pl\/produkt\/hackovani-pro-pleteni-velikosti-0\/"},"modified":"2026-03-22T21:50:13","modified_gmt":"2026-03-22T20:50:13","slug":"hackovani-pro-pleteni-velikosti-0","status":"publish","type":"product","link":"https:\/\/gltestm.webology.pl\/cs\/produkt\/hackovani-pro-pleteni-velikosti-0\/","title":{"rendered":"H\u00e1\u010dkov\u00e1n\u00ed pro pleten\u00ed velikosti 0"},"content":{"rendered":"<p><span>N\u00e1stroj pou\u017e\u00edvan\u00fd k ru\u010dn\u00edmu pleten\u00ed protahov\u00e1n\u00edm nit\u011b smy\u010dkami. <\/span>Praktick\u00e1 plastov\u00e1 rukoje\u0165 usnadn\u00ed pohyby p\u0159i h\u00e1\u010dkov\u00e1n\u00ed. <span>U tohoto typu h\u00e1\u010dkov\u00e1n\u00ed plat\u00ed pravidlo: \u010d\u00edm men\u0161\u00ed \u010d\u00edslo h\u00e1\u010dku, t\u00edm siln\u011bj\u0161\u00ed je jeho h\u00e1\u010dek. <\/span><span>Pro tento typ h\u00e1\u010dkov\u00e1n\u00ed doporu\u010dujeme <\/span><span>Snehurkawool<\/span><span>.<\/span><span> Pou\u017e\u00edt m\u016f\u017eete tak\u00e9 <\/span>Kordonek<span>.<\/span><\/p>\n<h2><span>Rozm\u011bry h\u00e1\u010dkov\u00e1n\u00ed<\/span><\/h2>\n<ul>\n<li><span>Velikost h\u00e1\u010dkovac\u00ed hlavi\u010dky je 1,5 x 2,8 mm.<\/span><\/li>\n<li>D\u00e9lka h\u00e1\u010dku: <strong>12,5 cm<\/strong><\/li>\n<li>Pr\u016fm\u011br rukojeti:  <strong>9<\/strong> mm<\/li>\n<\/ul>\n","protected":false},"excerpt":{"rendered":"<p>Ru\u010dn\u00ed pletac\u00ed n\u00e1stroj<\/p>\n","protected":false},"featured_media":15600,"comment_status":"open","ping_status":"closed","template":"","meta":[],"product_brand":[],"product_cat":[371],"product_tag":[],"class_list":{"0":"post-16909","1":"product","2":"type-product","3":"status-publish","4":"has-post-thumbnail","6":"product_cat-narzedzia-i-akcesoria","8":"first","9":"instock","10":"taxable","11":"shipping-taxable","12":"purchasable","13":"product-type-simple"},"_links":{"self":[{"href":"https:\/\/gltestm.webology.pl\/cs\/wp-json\/wp\/v2\/product\/16909","targetHints":{"allow":["GET"]}}],"collection":[{"href":"https:\/\/gltestm.webology.pl\/cs\/wp-json\/wp\/v2\/product"}],"about":[{"href":"https:\/\/gltestm.webology.pl\/cs\/wp-json\/wp\/v2\/types\/product"}],"replies":[{"embeddable":true,"href":"https:\/\/gltestm.webology.pl\/cs\/wp-json\/wp\/v2\/comments?post=16909"}],"version-history":[{"count":0,"href":"https:\/\/gltestm.webology.pl\/cs\/wp-json\/wp\/v2\/product\/16909\/revisions"}],"wp:featuredmedia":[{"embeddable":true,"href":"https:\/\/gltestm.webology.pl\/cs\/wp-json\/wp\/v2\/media\/15600"}],"wp:attachment":[{"href":"https:\/\/gltestm.webology.pl\/cs\/wp-json\/wp\/v2\/media?parent=16909"}],"wp:term":[{"taxonomy":"product_brand","embeddable":true,"href":"https:\/\/gltestm.webology.pl\/cs\/wp-json\/wp\/v2\/product_brand?post=16909"},{"taxonomy":"product_cat","embeddable":true,"href":"https:\/\/gltestm.webology.pl\/cs\/wp-json\/wp\/v2\/product_cat?post=16909"},{"taxonomy":"product_tag","embeddable":true,"href":"https:\/\/gltestm.webology.pl\/cs\/wp-json\/wp\/v2\/product_tag?post=16909"}],"curies":[{"name":"wp","href":"https:\/\/api.w.org\/{rel}","templated":true}]}}