{"id":16893,"date":"2026-03-18T22:04:02","date_gmt":"2026-03-18T21:04:02","guid":{"rendered":"https:\/\/gltestm.webology.pl\/produkt\/plastovy-box-na-civky-pro-sici-stroje\/"},"modified":"2026-03-22T21:50:07","modified_gmt":"2026-03-22T20:50:07","slug":"plastovy-box-na-civky-pro-sici-stroje","status":"publish","type":"product","link":"https:\/\/gltestm.webology.pl\/cs\/produkt\/plastovy-box-na-civky-pro-sici-stroje\/","title":{"rendered":"Plastov\u00fd box na c\u00edvky pro \u0161ic\u00ed stroje"},"content":{"rendered":"<p>Nepostradateln\u00fd v ka\u017ed\u00e9 krej\u010dovsk\u00e9 d\u00edln\u011b a \u010dasto p\u0159ehl\u00ed\u017een\u00fd mal\u00fd detail, kter\u00fd neuv\u011b\u0159iteln\u011b usnad\u0148uje pr\u00e1ci a udr\u017euje po\u0159\u00e1dek. Te\u010f u\u017e se v\u00e1m nic nepoplete ani nezamot\u00e1! Sta\u010d\u00ed vyndat navinutou nit z krabi\u010dky, vlo\u017eit ji do stroje a za\u010d\u00edt \u0161\u00edt. Dejte pr\u016fchod sv\u00e9 um\u011bleck\u00e9 du\u0161i t\u00edm, \u017ee navinete r\u016fzn\u00e9 barvy c\u00edvek a zaj\u00edmav\u011b je uspo\u0159\u00e1d\u00e1te .<\/p>\n<p>Krabi\u010dka pojme 25 c\u00edvek uvnit\u0159. Nyn\u00ed m\u016f\u017eete m\u00edt v\u0161echny c\u00edvky na jednom m\u00edst\u011b (teoreticky &#8211; v\u0161ichni v\u00edme, jak to vypad\u00e1 v praxi&#8230; ;)).<\/p>\n<p>D\u00edky pr\u016fhledn\u00e9mu v\u00edku m\u016f\u017eete vid\u011bt barvy nit\u00ed navinut\u00fdch na c\u00edvk\u00e1ch.<\/p>\n","protected":false},"excerpt":{"rendered":"<p>Box na c\u00edvky o rozm\u011brech 10 x 12 cm, kter\u00fd pojme 25 c\u00edvek pro standardn\u00ed \u0161ic\u00ed stroje. Pom\u00e1h\u00e1 udr\u017eovat po\u0159\u00e1dek ve va\u0161em \u0161ic\u00edm studiu.<\/p>\n","protected":false},"featured_media":15205,"comment_status":"open","ping_status":"closed","template":"","meta":[],"product_brand":[],"product_cat":[526],"product_tag":[],"class_list":{"0":"post-16893","1":"product","2":"type-product","3":"status-publish","4":"has-post-thumbnail","6":"product_cat-szpulki-na-nici","8":"first","9":"instock","10":"taxable","11":"shipping-taxable","12":"purchasable","13":"product-type-simple"},"_links":{"self":[{"href":"https:\/\/gltestm.webology.pl\/cs\/wp-json\/wp\/v2\/product\/16893","targetHints":{"allow":["GET"]}}],"collection":[{"href":"https:\/\/gltestm.webology.pl\/cs\/wp-json\/wp\/v2\/product"}],"about":[{"href":"https:\/\/gltestm.webology.pl\/cs\/wp-json\/wp\/v2\/types\/product"}],"replies":[{"embeddable":true,"href":"https:\/\/gltestm.webology.pl\/cs\/wp-json\/wp\/v2\/comments?post=16893"}],"version-history":[{"count":0,"href":"https:\/\/gltestm.webology.pl\/cs\/wp-json\/wp\/v2\/product\/16893\/revisions"}],"wp:featuredmedia":[{"embeddable":true,"href":"https:\/\/gltestm.webology.pl\/cs\/wp-json\/wp\/v2\/media\/15205"}],"wp:attachment":[{"href":"https:\/\/gltestm.webology.pl\/cs\/wp-json\/wp\/v2\/media?parent=16893"}],"wp:term":[{"taxonomy":"product_brand","embeddable":true,"href":"https:\/\/gltestm.webology.pl\/cs\/wp-json\/wp\/v2\/product_brand?post=16893"},{"taxonomy":"product_cat","embeddable":true,"href":"https:\/\/gltestm.webology.pl\/cs\/wp-json\/wp\/v2\/product_cat?post=16893"},{"taxonomy":"product_tag","embeddable":true,"href":"https:\/\/gltestm.webology.pl\/cs\/wp-json\/wp\/v2\/product_tag?post=16893"}],"curies":[{"name":"wp","href":"https:\/\/api.w.org\/{rel}","templated":true}]}}