{"id":16881,"date":"2026-03-18T22:04:02","date_gmt":"2026-03-18T21:04:02","guid":{"rendered":"https:\/\/gltestm.webology.pl\/produkt\/plastova-civka-pro-sici-stroje-lucznik\/"},"modified":"2026-03-22T21:49:59","modified_gmt":"2026-03-22T20:49:59","slug":"plastova-civka-pro-sici-stroje-lucznik","status":"publish","type":"product","link":"https:\/\/gltestm.webology.pl\/cs\/produkt\/plastova-civka-pro-sici-stroje-lucznik\/","title":{"rendered":"Plastov\u00e1 c\u00edvka pro \u0161ic\u00ed stroje Lucznik"},"content":{"rendered":"<p>Vyplat\u00ed se m\u00edt v\u00edce c\u00edvek, ne\u017e je standardn\u011b dod\u00e1van\u00fdch n\u011bkolik c\u00edvek. Na n\u011b pak nav\u00edj\u00edte barvy nit\u00ed, kter\u00e9 m\u00e1te, a v p\u0159\u00edpad\u011b pot\u0159eby je pohodln\u011b vyt\u00e1hnete.<\/p>\n<p>C\u00edvka je vhodn\u00e1 pro v\u0161echny \u0161ic\u00ed stroje Lucznik z aktu\u00e1ln\u00ed prodejn\u00ed nab\u00eddky a tak\u00e9 pro stroje \u0159ady 400 a 700 (nap\u0159. 466, 451).<\/p>\n<p><span>P\u0159esn\u00e9 rozm\u011bry c\u00edvky:<\/span><\/p>\n<ul>\n<li>pr\u016fm\u011br c\u00edvky: 2 cm, <\/li>\n<li>vnit\u0159n\u00ed pr\u016fm\u011br: 0,6 cm<\/li>\n<li>vn\u011bj\u0161\u00ed v\u00fd\u0161ka: 1,05 cm<\/li>\n<li>vnit\u0159n\u00ed v\u00fd\u0161ka: 0,85 cm<\/li>\n<\/ul>\n<p><span>C\u00edvka pro stroj:<\/span> Archer Alicia 420, Archer Amelia II, Archer Anna 510, Archer Balladyna II 2020, Archer Carmen, Archer Diana 417, Archer Dorota, Archer Ewa II 2014, Archer Gabriela 875, Archer Helena 2060, Archer Izabella 888, Archer Jagoda 787, Archer Julia 2009, Archer Julita 777, Archer Justina 2010, Archer Karina 910, Archer Karolina 2040, Archer Katarzyna 444, Archer Kinga 2011, Archer Kornelia II 2004, Archer Laura 555, Archer Lidia 2016, Archer Magdalena 2050, Archer Maja 827, Archer Malwina 2070, Archer Maria 418, Archer Marilyn 2018, Archer Marta 712, Archer Martyna 2080, Archer Milena 419, Archer Natalia 2007, Archer Ola 803, Archer Olga 418, Archer Otylia 2006, Archer Patrycja 2090, Archer Paulina 511, Archer Paulina 512, Archer Polonia 2018, Archer Telimena II 2030, Archer Teresa, Archer Veronica 2008, Archer Sophia I 2015, Archer Sophia II 2015, Archer Hope 2019, Sylvie, Mia, Ivonne.<\/p>\n<p>C\u00edvka se k t\u011bmto stroj\u016fm nehod\u00ed: Mini, Lena a Everyday, stejn\u011b jako na d\u0159\u00edve vyr\u00e1b\u011bn\u00e9 \u0161ic\u00ed stroje s rota\u010dn\u00edm d\u0159\u00edkem pro \u010do\u010dkov\u00e9 c\u00edvky, tj. stroje \u0159ady 800. P\u0159\u00edklady model\u016f, pro kter\u00e9 c\u00edvka NEN\u00cd vhodn\u00e1: 834, 814, 864, 884.<\/p>\n","protected":false},"excerpt":{"rendered":"<p>Standardn\u00ed plastov\u00e1 c\u00edvka pro \u0161ic\u00ed stroje Lucznik. Ur\u010deno pro pou\u017eit\u00ed v \u0161ic\u00edch stroj\u00edch Lucznik i mnoha dal\u0161\u00edch v\u00fdrobc\u016f.<\/p>\n","protected":false},"featured_media":14058,"comment_status":"open","ping_status":"closed","template":"","meta":[],"product_brand":[],"product_cat":[526],"product_tag":[],"class_list":{"0":"post-16881","1":"product","2":"type-product","3":"status-publish","4":"has-post-thumbnail","6":"product_cat-szpulki-na-nici","8":"first","9":"instock","10":"taxable","11":"shipping-taxable","12":"purchasable","13":"product-type-simple"},"_links":{"self":[{"href":"https:\/\/gltestm.webology.pl\/cs\/wp-json\/wp\/v2\/product\/16881","targetHints":{"allow":["GET"]}}],"collection":[{"href":"https:\/\/gltestm.webology.pl\/cs\/wp-json\/wp\/v2\/product"}],"about":[{"href":"https:\/\/gltestm.webology.pl\/cs\/wp-json\/wp\/v2\/types\/product"}],"replies":[{"embeddable":true,"href":"https:\/\/gltestm.webology.pl\/cs\/wp-json\/wp\/v2\/comments?post=16881"}],"version-history":[{"count":0,"href":"https:\/\/gltestm.webology.pl\/cs\/wp-json\/wp\/v2\/product\/16881\/revisions"}],"wp:featuredmedia":[{"embeddable":true,"href":"https:\/\/gltestm.webology.pl\/cs\/wp-json\/wp\/v2\/media\/14058"}],"wp:attachment":[{"href":"https:\/\/gltestm.webology.pl\/cs\/wp-json\/wp\/v2\/media?parent=16881"}],"wp:term":[{"taxonomy":"product_brand","embeddable":true,"href":"https:\/\/gltestm.webology.pl\/cs\/wp-json\/wp\/v2\/product_brand?post=16881"},{"taxonomy":"product_cat","embeddable":true,"href":"https:\/\/gltestm.webology.pl\/cs\/wp-json\/wp\/v2\/product_cat?post=16881"},{"taxonomy":"product_tag","embeddable":true,"href":"https:\/\/gltestm.webology.pl\/cs\/wp-json\/wp\/v2\/product_tag?post=16881"}],"curies":[{"name":"wp","href":"https:\/\/api.w.org\/{rel}","templated":true}]}}