{"id":16877,"date":"2026-03-18T22:04:01","date_gmt":"2026-03-18T21:04:01","guid":{"rendered":"https:\/\/gltestm.webology.pl\/produkt\/univerzalni-krejcovske-pravitko-oblouk\/"},"modified":"2026-03-22T21:49:51","modified_gmt":"2026-03-22T20:49:51","slug":"univerzalni-krejcovske-pravitko-oblouk","status":"publish","type":"product","link":"https:\/\/gltestm.webology.pl\/cs\/produkt\/univerzalni-krejcovske-pravitko-oblouk\/","title":{"rendered":"Univerz\u00e1ln\u00ed krej\u010dovsk\u00e9 prav\u00edtko Oblouk"},"content":{"rendered":"<h2>Pou\u017eit\u00ed prav\u00edtka<\/h2>\n<p>Krej\u010dovsk\u00e9 prav\u00edtko ve tvaru oblouku se skv\u011ble hod\u00ed ke kop\u00edrov\u00e1n\u00ed a kreslen\u00ed neobvykl\u00fdch nepravideln\u00fdch \u010dar. D\u00edky n\u011bmu snadno vytvo\u0159\u00edme \u0159ez se zaoblen\u00fdm obrysem. Krej\u010dovsk\u00e9 prav\u00edtko n\u00e1m tak\u00e9 pom\u016f\u017ee rovnom\u011brn\u011b zaoblit boky a lze ho pou\u017e\u00edt i k vyzna\u010den\u00ed bok\u016f sukn\u00ed nebo kalhot.<\/p>\n<h2>Zpracov\u00e1n\u00ed a m\u011b\u0159\u00edtko<\/h2>\n<p>Univerz\u00e1ln\u00ed krej\u010dovsk\u00e9 prav\u00edtko je vyrobeno z pr\u016fhledn\u00e9ho plastu, tak\u017ee pod prav\u00edtkem uvid\u00edme linie. M\u00e1 centimetrovou stupnici a\u017e do 60 cm.<\/p>\n","protected":false},"excerpt":{"rendered":"<p>Profesion\u00e1ln\u00ed pru\u017en\u00e9 krej\u010dovsk\u00e9 prav\u00edtko ve tvaru oblouku pro konstrukci od\u011bv\u016f.<\/p>\n","protected":false},"featured_media":15208,"comment_status":"open","ping_status":"closed","template":"","meta":[],"product_brand":[],"product_cat":[756],"product_tag":[],"class_list":{"0":"post-16877","1":"product","2":"type-product","3":"status-publish","4":"has-post-thumbnail","6":"product_cat-miary-linijki-i-cyrkle","8":"first","9":"instock","10":"taxable","11":"shipping-taxable","12":"purchasable","13":"product-type-simple"},"_links":{"self":[{"href":"https:\/\/gltestm.webology.pl\/cs\/wp-json\/wp\/v2\/product\/16877","targetHints":{"allow":["GET"]}}],"collection":[{"href":"https:\/\/gltestm.webology.pl\/cs\/wp-json\/wp\/v2\/product"}],"about":[{"href":"https:\/\/gltestm.webology.pl\/cs\/wp-json\/wp\/v2\/types\/product"}],"replies":[{"embeddable":true,"href":"https:\/\/gltestm.webology.pl\/cs\/wp-json\/wp\/v2\/comments?post=16877"}],"version-history":[{"count":0,"href":"https:\/\/gltestm.webology.pl\/cs\/wp-json\/wp\/v2\/product\/16877\/revisions"}],"wp:featuredmedia":[{"embeddable":true,"href":"https:\/\/gltestm.webology.pl\/cs\/wp-json\/wp\/v2\/media\/15208"}],"wp:attachment":[{"href":"https:\/\/gltestm.webology.pl\/cs\/wp-json\/wp\/v2\/media?parent=16877"}],"wp:term":[{"taxonomy":"product_brand","embeddable":true,"href":"https:\/\/gltestm.webology.pl\/cs\/wp-json\/wp\/v2\/product_brand?post=16877"},{"taxonomy":"product_cat","embeddable":true,"href":"https:\/\/gltestm.webology.pl\/cs\/wp-json\/wp\/v2\/product_cat?post=16877"},{"taxonomy":"product_tag","embeddable":true,"href":"https:\/\/gltestm.webology.pl\/cs\/wp-json\/wp\/v2\/product_tag?post=16877"}],"curies":[{"name":"wp","href":"https:\/\/api.w.org\/{rel}","templated":true}]}}