{"id":16865,"date":"2026-03-18T22:04:01","date_gmt":"2026-03-18T21:04:01","guid":{"rendered":"https:\/\/gltestm.webology.pl\/produkt\/frezy-na-zavity\/"},"modified":"2026-03-22T21:49:45","modified_gmt":"2026-03-22T20:49:45","slug":"frezy-na-zavity","status":"publish","type":"product","link":"https:\/\/gltestm.webology.pl\/cs\/produkt\/frezy-na-zavity\/","title":{"rendered":"Fr\u00e9zy na z\u00e1vity"},"content":{"rendered":"<h2><strong>K \u010demu se pou\u017e\u00edvaj\u00ed fr\u00e9zy na nit\u011b<\/strong><\/h2>\n<p>N\u016f\u017eky na nit\u011b jsou \u0161ikovn\u00e9 mal\u00e9 za\u0159\u00edzen\u00ed, kter\u00e9 m\u016f\u017eete m\u00edt v\u017edy po ruce. Slou\u017e\u00ed k rychl\u00e9mu a p\u0159esn\u00e9mu \u0159ez\u00e1n\u00ed nit\u00ed, p\u0159\u00edze, moulin, vlasc\u016f nebo \u0161\u0148\u016fr. Jsou tak\u00e9 ide\u00e1ln\u00ed pro ve\u0161ker\u00e9 \u0161it\u00ed \u00faplet\u016f, pomohou roztrhnout d\u00edry, \u0161vy a kapsy.<\/p>\n<h2><strong>Ostr\u00fd konec<\/strong><\/h2>\n<p>D\u00edky tomu, \u017ee jsou zakon\u010deny ostr\u00fdm koncem, mohou nahradit n\u00e1\u0161ivku. N\u016f\u017e m\u016f\u017eeme vyu\u017e\u00edt tak\u00e9 v kancel\u00e1\u0159i, p\u0159i ryba\u0159en\u00ed nebo p\u0159i jak\u00e9koliv jin\u00e9 pot\u0159eb\u011b, kdy jsou n\u016f\u017eky p\u0159\u00edli\u0161 hrub\u00e9.<\/p>\n<h2><strong>Design a velikost n\u016f\u017eek<\/strong><\/h2>\n<p>Jsou vyrobeny z kovu, tak\u017ee jsou velmi odoln\u00e9. Ostr\u00fd \u0159ez na konci umo\u017e\u0148uje snadn\u00e9 a p\u0159esn\u00e9 st\u0159\u00edh\u00e1n\u00ed.<\/p>\n<p>Kovov\u00e9 n\u016f\u017eky jsou dlouh\u00e9 10,6 cm.<\/p>\n<p>St\u0159\u00edhac\u00ed strojky jsou chr\u00e1n\u011bny olejem, proto je p\u0159ed pou\u017eit\u00edm ot\u0159ete had\u0159\u00edkem.<\/p>\n<p>St\u0159\u00edhac\u00ed strojky se dod\u00e1vaj\u00ed ve t\u0159ech barv\u00e1ch: modr\u00e9, \u010derven\u00e9 a \u010dern\u00e9. Barva je zas\u00edl\u00e1na n\u00e1hodn\u011b!<\/p>\n","protected":false},"excerpt":{"rendered":"<p>Praktick\u00e9 n\u016f\u017eky v jedn\u00e9 ze t\u0159\u00ed barev pro st\u0159\u00edh\u00e1n\u00ed nit\u00ed. Hod\u00ed se tak\u00e9 doma a v kancel\u00e1\u0159i.<\/p>\n","protected":false},"featured_media":14484,"comment_status":"open","ping_status":"closed","template":"","meta":[],"product_brand":[],"product_cat":[771],"product_tag":[],"class_list":{"0":"post-16865","1":"product","2":"type-product","3":"status-publish","4":"has-post-thumbnail","6":"product_cat-nozyce-i-obcinaczki","8":"first","9":"instock","10":"taxable","11":"shipping-taxable","12":"purchasable","13":"product-type-simple"},"_links":{"self":[{"href":"https:\/\/gltestm.webology.pl\/cs\/wp-json\/wp\/v2\/product\/16865","targetHints":{"allow":["GET"]}}],"collection":[{"href":"https:\/\/gltestm.webology.pl\/cs\/wp-json\/wp\/v2\/product"}],"about":[{"href":"https:\/\/gltestm.webology.pl\/cs\/wp-json\/wp\/v2\/types\/product"}],"replies":[{"embeddable":true,"href":"https:\/\/gltestm.webology.pl\/cs\/wp-json\/wp\/v2\/comments?post=16865"}],"version-history":[{"count":0,"href":"https:\/\/gltestm.webology.pl\/cs\/wp-json\/wp\/v2\/product\/16865\/revisions"}],"wp:featuredmedia":[{"embeddable":true,"href":"https:\/\/gltestm.webology.pl\/cs\/wp-json\/wp\/v2\/media\/14484"}],"wp:attachment":[{"href":"https:\/\/gltestm.webology.pl\/cs\/wp-json\/wp\/v2\/media?parent=16865"}],"wp:term":[{"taxonomy":"product_brand","embeddable":true,"href":"https:\/\/gltestm.webology.pl\/cs\/wp-json\/wp\/v2\/product_brand?post=16865"},{"taxonomy":"product_cat","embeddable":true,"href":"https:\/\/gltestm.webology.pl\/cs\/wp-json\/wp\/v2\/product_cat?post=16865"},{"taxonomy":"product_tag","embeddable":true,"href":"https:\/\/gltestm.webology.pl\/cs\/wp-json\/wp\/v2\/product_tag?post=16865"}],"curies":[{"name":"wp","href":"https:\/\/api.w.org\/{rel}","templated":true}]}}