{"id":16853,"date":"2026-03-18T22:04:00","date_gmt":"2026-03-18T21:04:00","guid":{"rendered":"https:\/\/gltestm.webology.pl\/produkt\/krejcovske-pero\/"},"modified":"2026-03-22T21:49:27","modified_gmt":"2026-03-22T20:49:27","slug":"krejcovske-pero","status":"publish","type":"product","link":"https:\/\/gltestm.webology.pl\/cs\/produkt\/krejcovske-pero\/","title":{"rendered":"Krej\u010dovsk\u00e9 pero"},"content":{"rendered":"<p>Krej\u010dovsk\u00e9 pero k <strong>vyzna\u010dov\u00e1n\u00ed lini\u00ed \u0161it\u00ed<\/strong> k\u0159\u00eddou <strong>(hrotem)<\/strong>. <\/p>\n<p><span>Viditelnost zna\u010dek pera z\u00e1vis\u00ed na barv\u011b l\u00e1tky.<\/span><\/p>\n<p>Pero je vyrobeno z PVC a m\u00e1 speci\u00e1ln\u00ed posuvn\u00edk, kter\u00fdm je mo\u017en\u00e9 nastavit d\u00e9lku k\u0159\u00eddy. <\/p>\n<p>N\u00e1pln\u011b lze po opot\u0159eben\u00ed vym\u011bnit. <\/p>\n<p><strong>Pozor!<\/strong><\/p>\n<p><span><strong>Pero se prod\u00e1v\u00e1 bez n\u00e1pln\u011b (pr\u00e1zdn\u00e9 t\u011blo). N\u00e1pln\u011b do pera je nutn\u00e9 dokoupit! <\/strong><\/span><\/p>\n","protected":false},"excerpt":{"rendered":"<p>Pero pro zna\u010den\u00ed \u010dar na l\u00e1tk\u00e1ch a textili\u00edch<\/p>\n","protected":false},"featured_media":15363,"comment_status":"open","ping_status":"closed","template":"","meta":[],"product_brand":[],"product_cat":[746],"product_tag":[],"class_list":{"0":"post-16853","1":"product","2":"type-product","3":"status-publish","4":"has-post-thumbnail","6":"product_cat-mydelka-krawieckie-i-ich-zamienniki","8":"first","9":"instock","10":"taxable","11":"shipping-taxable","12":"purchasable","13":"product-type-simple"},"_links":{"self":[{"href":"https:\/\/gltestm.webology.pl\/cs\/wp-json\/wp\/v2\/product\/16853","targetHints":{"allow":["GET"]}}],"collection":[{"href":"https:\/\/gltestm.webology.pl\/cs\/wp-json\/wp\/v2\/product"}],"about":[{"href":"https:\/\/gltestm.webology.pl\/cs\/wp-json\/wp\/v2\/types\/product"}],"replies":[{"embeddable":true,"href":"https:\/\/gltestm.webology.pl\/cs\/wp-json\/wp\/v2\/comments?post=16853"}],"version-history":[{"count":0,"href":"https:\/\/gltestm.webology.pl\/cs\/wp-json\/wp\/v2\/product\/16853\/revisions"}],"wp:featuredmedia":[{"embeddable":true,"href":"https:\/\/gltestm.webology.pl\/cs\/wp-json\/wp\/v2\/media\/15363"}],"wp:attachment":[{"href":"https:\/\/gltestm.webology.pl\/cs\/wp-json\/wp\/v2\/media?parent=16853"}],"wp:term":[{"taxonomy":"product_brand","embeddable":true,"href":"https:\/\/gltestm.webology.pl\/cs\/wp-json\/wp\/v2\/product_brand?post=16853"},{"taxonomy":"product_cat","embeddable":true,"href":"https:\/\/gltestm.webology.pl\/cs\/wp-json\/wp\/v2\/product_cat?post=16853"},{"taxonomy":"product_tag","embeddable":true,"href":"https:\/\/gltestm.webology.pl\/cs\/wp-json\/wp\/v2\/product_tag?post=16853"}],"curies":[{"name":"wp","href":"https:\/\/api.w.org\/{rel}","templated":true}]}}