{"id":16849,"date":"2026-03-18T22:04:00","date_gmt":"2026-03-18T21:04:00","guid":{"rendered":"https:\/\/gltestm.webology.pl\/produkt\/pedal-pro-stroj-model-hkt-72-c-lichobeznikova-zastrcka\/"},"modified":"2026-03-22T21:49:23","modified_gmt":"2026-03-22T20:49:23","slug":"pedal-pro-stroj-model-hkt-72-c-lichobeznikova-zastrcka","status":"publish","type":"product","link":"https:\/\/gltestm.webology.pl\/cs\/produkt\/pedal-pro-stroj-model-hkt-72-c-lichobeznikova-zastrcka\/","title":{"rendered":"Ped\u00e1l pro stroj model HKT-72 C &#8211; lichob\u011b\u017en\u00edkov\u00e1 z\u00e1str\u010dka"},"content":{"rendered":"<p><strong>Regul\u00e1tor rychlosti \u0161it\u00ed<\/strong> vhodn\u00fd pro <strong>stroje Lucznik<\/strong>. Ovl\u00e1d\u00e1 ot\u00e1\u010dky motor\u016f <strong>\u0161ic\u00edch stroj\u016f<\/strong>. Sou\u010d\u00e1st\u00ed <strong>start\u00e9ru <\/strong>je tak\u00e9 kabel pro zapojen\u00ed stroje do elektrick\u00e9 s\u00edt\u011b pro spu\u0161t\u011bn\u00ed.<\/p>\n<p><strong>Pozn\u00e1mka<\/strong>: p\u0159edchoz\u00ed ozna\u010den\u00ed regul\u00e1toru <strong>HKT-7<\/strong><\/p>\n<h2>Kompatibilita se stroji<\/h2>\n<p><strong>Stroje a overlocky Lucznik<\/strong> kompatibiln\u00ed s t\u00edmto regul\u00e1torem HKT-72 C<\/p>\n<ul>\n<li>Milena 419, Milena II 419<\/li>\n<li>Karina 910<\/li>\n<li>Weronika 2008, Weronika II 2008<\/li>\n<li>Ewa 2014, Ewa II 2014<\/li>\n<li>Sylvie<\/li>\n<li>Mia<\/li>\n<li>Ivonne<\/li>\n<li>Otylia 2006<\/li>\n<li>Julia 2009<\/li>\n<li>Overlock: 720D4, 820D5, 820D3, 620D<\/li>\n<\/ul>\n<h2>Kompatibilita s dal\u0161\u00edmi modely<\/h2>\n<ul>\n<li>Bernette Model 320, 330<\/li>\n<li>Euro Pro, Omega Model 373, 473<\/li>\n<li>Husqvarna Viking Model Huskylock 901, Huskylock 905, Huskylock 910<\/li>\n<li>Singer Model 3503, 3507, 3514, 3515, 14U12A, 14U13A<\/li>\n<li>Riccar model 410, 420, 430, 440<\/li>\n<li>White Model 234DE.<\/li>\n<\/ul>\n<p><strong>Pozn\u00e1mka<\/strong>: V z\u00e1vislosti na v\u00fdrobci a modelu se n\u011bkdy mohou v\u00fdrobn\u00ed \u0161t\u00edtky regul\u00e1tor\u016f li\u0161it. P\u0159ed n\u00e1kupem zkontrolujte, zda je model uveden v\u00fd\u0161e, a porovnejte jeho obr\u00e1zek se z\u00e1str\u010dkou regul\u00e1toru dod\u00e1van\u00e9ho v\u00fdrobcem nebo z\u00e1suvkou stroje. <span>P\u0159i v\u00fdb\u011bru se \u0159i\u010fte tvarem z\u00e1str\u010dky.<\/span><\/p>\n","protected":false},"excerpt":{"rendered":"<p>Regul\u00e1tor rychlosti \u0161it\u00ed vhodn\u00fd pro stroje Lucznik, Singer, Husqvarna, Bernette a dal\u0161\u00ed. Dod\u00e1v\u00e1 se s kabelem pro zapojen\u00ed stroje do s\u00edt\u011b pro uveden\u00ed do provozu.  Trap\u00e9zov\u00e1 z\u00e1str\u010dka. P\u0159edchoz\u00ed ozna\u010den\u00ed HKT-7.<\/p>\n","protected":false},"featured_media":13233,"comment_status":"open","ping_status":"closed","template":"","meta":[],"product_brand":[],"product_cat":[481],"product_tag":[],"class_list":{"0":"post-16849","1":"product","2":"type-product","3":"status-publish","4":"has-post-thumbnail","6":"product_cat-pedaly-do-maszyn-i-regulatory-obrotow","8":"first","9":"instock","10":"taxable","11":"shipping-taxable","12":"purchasable","13":"product-type-simple"},"_links":{"self":[{"href":"https:\/\/gltestm.webology.pl\/cs\/wp-json\/wp\/v2\/product\/16849","targetHints":{"allow":["GET"]}}],"collection":[{"href":"https:\/\/gltestm.webology.pl\/cs\/wp-json\/wp\/v2\/product"}],"about":[{"href":"https:\/\/gltestm.webology.pl\/cs\/wp-json\/wp\/v2\/types\/product"}],"replies":[{"embeddable":true,"href":"https:\/\/gltestm.webology.pl\/cs\/wp-json\/wp\/v2\/comments?post=16849"}],"version-history":[{"count":0,"href":"https:\/\/gltestm.webology.pl\/cs\/wp-json\/wp\/v2\/product\/16849\/revisions"}],"wp:featuredmedia":[{"embeddable":true,"href":"https:\/\/gltestm.webology.pl\/cs\/wp-json\/wp\/v2\/media\/13233"}],"wp:attachment":[{"href":"https:\/\/gltestm.webology.pl\/cs\/wp-json\/wp\/v2\/media?parent=16849"}],"wp:term":[{"taxonomy":"product_brand","embeddable":true,"href":"https:\/\/gltestm.webology.pl\/cs\/wp-json\/wp\/v2\/product_brand?post=16849"},{"taxonomy":"product_cat","embeddable":true,"href":"https:\/\/gltestm.webology.pl\/cs\/wp-json\/wp\/v2\/product_cat?post=16849"},{"taxonomy":"product_tag","embeddable":true,"href":"https:\/\/gltestm.webology.pl\/cs\/wp-json\/wp\/v2\/product_tag?post=16849"}],"curies":[{"name":"wp","href":"https:\/\/api.w.org\/{rel}","templated":true}]}}