{"id":16845,"date":"2026-03-18T22:03:59","date_gmt":"2026-03-18T21:03:59","guid":{"rendered":"https:\/\/gltestm.webology.pl\/produkt\/pedal-pro-stroj-model-hkt-72-c-trojity-konektor\/"},"modified":"2026-03-22T21:49:21","modified_gmt":"2026-03-22T20:49:21","slug":"pedal-pro-stroj-model-hkt-72-c-trojity-konektor","status":"publish","type":"product","link":"https:\/\/gltestm.webology.pl\/cs\/produkt\/pedal-pro-stroj-model-hkt-72-c-trojity-konektor\/","title":{"rendered":"Ped\u00e1l pro stroj model HKT-72 C &#8211; trojit\u00fd konektor"},"content":{"rendered":"<p><strong>Regul\u00e1tor rychlosti \u0161it\u00ed<\/strong> vhodn\u00fd pro <strong>stroje Lucznik<\/strong>. Ovl\u00e1d\u00e1 ot\u00e1\u010dky motor\u016f <strong>\u0161ic\u00edch stroj\u016f<\/strong>. Sou\u010d\u00e1st\u00ed <strong>start\u00e9ru <\/strong>je tak\u00e9 kabel pro zapojen\u00ed stroje do elektrick\u00e9 s\u00edt\u011b pro spu\u0161t\u011bn\u00ed. <\/p>\n<h2>Kompatibilita se stroji<\/h2>\n<p><strong>Stroje Lucznik<\/strong> kompatibiln\u00ed s t\u00edmto regul\u00e1torem:<\/p>\n<ul>\n<li>Kornelia 2004<\/li>\n<li>Laura 555<\/li>\n<li>Sophia II 2015<\/li>\n<li>Teresa<\/li>\n<li>Paulina 512<\/li>\n<li>Polonia 2018<\/li>\n<li>Hope 2019<\/li>\n<li>Anna 510<\/li>\n<li>Paulina 511<\/li>\n<li>Amelia II 2005<\/li>\n<li>Dorota<\/li>\n<\/ul>\n<h2>Kompatibilita s jin\u00fdmi modely<\/h2>\n<ul>\n<li>Babylock Model BL2160.<\/li>\n<li>Bernina (Bernette) Machine Model Funlock 003, 004, 004D, 006, 006D, 007D, 008D, 009D, 009DCC &amp; 430.<\/li>\n<li>Elna Model 1010, FA, F4, L2, L4, L4D, L4DE, L5, L5D, L40, PRO4DE, PRO5D, 604E, 614DE, 624DSE, 683, 686 a 704DEX. <\/li>\n<li>Euro Pro, Omega Modely 415, 416, 420, 440DX, 6130, 6130A, 7100, 7132, 7133, 7142, 7500 a 8260. <\/li>\n<li>Husqvarna Viking Modely E10 Huskystar a E20 Huskystar. <\/li>\n<li>Juki model HZL-27Z, HZL-35Z, MO613, MO614, MO634, MO634D, MO644, MO644D a MO654DE. <\/li>\n<li>Jaguar Model J413 a J415.<\/li>\n<li>Necchi Model Omega 6018.<\/li>\n<li>Pfaff model 78, 783, 788, 4850 a Hobbylock 2.0<\/li>\n<li>Riccar Model R552 a R651.<\/li>\n<li>Shark &#8211; Euro Pro Model 7133.<\/li>\n<li>Simplicity model SL415, SL640, SL630, SL6150 a SL6150. <\/li>\n<li>Singer model 118, 1007, 1012, 1014, 1105, 1107, 1116, 1120, 1130, 1507, 1525, 1725, 1732, 1748, 2250, 2259, 2263, 2273, 2639, 2662, 2712, 2718, 2722, 2724, 2730, 2732, 2932, 3207, 3214, 3116, 3709, 3722, 3810, 3820, 3825, 3825, 3962, 4102, 4205, 4206, 4210, 4212, 4220, 4228, 4411 Heavy Duty, 4423 Heavy Duty, 50T8, 6239, 6510, 6550, 7312, 7322, 7350, 8132, 8280, 8510, 995D2, 996D2, E99670, Quantum Decor, 14T948DS, 14T957DC, 14T967DC &amp;. 14T968DC. <\/li>\n<li>B\u00edl\u00fd model 299D, 2220, 2221, 2222, 4041, 4042, 5340 &amp; 7340.<\/li>\n<\/ul>\n<p><span> <strong>Pozn\u00e1mka<\/strong>: \u010c\u00edslo\/ozna\u010den\u00ed na v\u00fdrobn\u00edm \u0161t\u00edtku se m\u016f\u017ee li\u0161it. P\u0159i v\u00fdb\u011bru se \u0159i\u010fte tvarem z\u00e1str\u010dky<\/span><\/p>\n","protected":false},"excerpt":{"rendered":"<p>Regul\u00e1tor rychlosti \u0161it\u00ed vhodn\u00fd pro stroje Lucznik, Juki Singer, Elna a dal\u0161\u00ed. \u0158\u00edd\u00ed ot\u00e1\u010dky motor\u016f \u0161ic\u00edch stroj\u016f. Dod\u00e1v\u00e1 se s kabelem pro zapojen\u00ed stroje do s\u00edt\u011b pro spu\u0161t\u011bn\u00ed. Trojit\u00e1 z\u00e1str\u010dka.<\/p>\n","protected":false},"featured_media":15397,"comment_status":"open","ping_status":"closed","template":"","meta":[],"product_brand":[],"product_cat":[481],"product_tag":[],"class_list":{"0":"post-16845","1":"product","2":"type-product","3":"status-publish","4":"has-post-thumbnail","6":"product_cat-pedaly-do-maszyn-i-regulatory-obrotow","8":"first","9":"instock","10":"taxable","11":"shipping-taxable","12":"purchasable","13":"product-type-simple"},"_links":{"self":[{"href":"https:\/\/gltestm.webology.pl\/cs\/wp-json\/wp\/v2\/product\/16845","targetHints":{"allow":["GET"]}}],"collection":[{"href":"https:\/\/gltestm.webology.pl\/cs\/wp-json\/wp\/v2\/product"}],"about":[{"href":"https:\/\/gltestm.webology.pl\/cs\/wp-json\/wp\/v2\/types\/product"}],"replies":[{"embeddable":true,"href":"https:\/\/gltestm.webology.pl\/cs\/wp-json\/wp\/v2\/comments?post=16845"}],"version-history":[{"count":0,"href":"https:\/\/gltestm.webology.pl\/cs\/wp-json\/wp\/v2\/product\/16845\/revisions"}],"wp:featuredmedia":[{"embeddable":true,"href":"https:\/\/gltestm.webology.pl\/cs\/wp-json\/wp\/v2\/media\/15397"}],"wp:attachment":[{"href":"https:\/\/gltestm.webology.pl\/cs\/wp-json\/wp\/v2\/media?parent=16845"}],"wp:term":[{"taxonomy":"product_brand","embeddable":true,"href":"https:\/\/gltestm.webology.pl\/cs\/wp-json\/wp\/v2\/product_brand?post=16845"},{"taxonomy":"product_cat","embeddable":true,"href":"https:\/\/gltestm.webology.pl\/cs\/wp-json\/wp\/v2\/product_cat?post=16845"},{"taxonomy":"product_tag","embeddable":true,"href":"https:\/\/gltestm.webology.pl\/cs\/wp-json\/wp\/v2\/product_tag?post=16845"}],"curies":[{"name":"wp","href":"https:\/\/api.w.org\/{rel}","templated":true}]}}