{"id":16833,"date":"2026-03-18T22:03:59","date_gmt":"2026-03-18T21:03:59","guid":{"rendered":"https:\/\/gltestm.webology.pl\/produkt\/stul-pro-sici-stroje-lucznik-martyna-2080-a-patrycja-2090\/"},"modified":"2026-03-22T21:49:19","modified_gmt":"2026-03-22T20:49:19","slug":"stul-pro-sici-stroje-lucznik-martyna-2080-a-patrycja-2090","status":"publish","type":"product","link":"https:\/\/gltestm.webology.pl\/cs\/produkt\/stul-pro-sici-stroje-lucznik-martyna-2080-a-patrycja-2090\/","title":{"rendered":"St\u016fl pro \u0161ic\u00ed stroje Lucznik Martyna 2080 a Patrycja 2090"},"content":{"rendered":"<p><strong>Tabulka roz\u0161i\u0159uj\u00edc\u00ed pracovn\u00ed pole<\/strong> ur\u010den\u00e1 pro stroje <strong>Martyna 2080<\/strong> a <strong>Patrycja 2090<\/strong>. Ide\u00e1ln\u00ed pro usnadn\u011bn\u00ed <strong>pro\u0161\u00edv\u00e1n\u00ed<\/strong> nebo<strong> \u0161it\u00ed materi\u00e1l\u016f<\/strong> s velkou plochou, jako jsou <strong>z\u00e1clony,<\/strong> <strong>ubrusy<\/strong>, <strong>z\u00e1v\u011bsy<\/strong> nebo <strong>l\u016f\u017ekoviny<\/strong>. P\u0159i pou\u017eit\u00ed k tomuto \u00fa\u010delu mimo\u0159\u00e1dn\u011b zvy\u0161uje komfort pr\u00e1ce.<\/p>\n<p><strong>St\u016fl, kter\u00fd zv\u011bt\u0161uje pracovn\u00ed plochu<\/strong>, je tak\u00e9 vhodnou stabilizac\u00ed p\u0159i <strong>\u0161it\u00ed l\u00e1tek<\/strong>.<\/p>\n<p><strong>St\u016fl <\/strong>je vyroben z plastu, kter\u00fd je ide\u00e1ln\u00ed pro manipulaci a p\u0159esouv\u00e1n\u00ed r\u016fzn\u00fdch druh\u016f materi\u00e1l\u016f na n\u011bm<strong>. <\/strong>D\u00e9lka <strong>stolu<\/strong> by m\u011bla uspokojit i ty nejn\u00e1ro\u010dn\u011bj\u0161\u00ed z\u00e1kazn\u00edky, pro kter\u00e9 je <strong>\u0161it\u00ed <\/strong>v\u00e1\u0161n\u00ed.<\/p>\n<p><img decoding=\"async\" src=\"\/data\/include\/cms\/Zdjecia-produktow\/Stoliki-do-maszyn\/Patrycja_ze_stolikiem_male_foto.jpg\" alt=\"\" width=\"900\" \/><\/p>\n","protected":false},"excerpt":{"rendered":"<p>St\u016fl roz\u0161i\u0159uj\u00edc\u00ed pracovn\u00ed plochu ur\u010den\u00fd pro stroje Martyna 2080 a Patrycja 2090. Ide\u00e1ln\u00ed pro usnadn\u011bn\u00ed pro\u0161\u00edv\u00e1n\u00ed nebo \u0161it\u00ed materi\u00e1l\u016f s velkou plochou, jako jsou z\u00e1clony, ubrusy, z\u00e1v\u011bsy nebo l\u016f\u017ekoviny.<\/p>\n","protected":false},"featured_media":15196,"comment_status":"open","ping_status":"closed","template":"","meta":[],"product_brand":[],"product_cat":[546],"product_tag":[],"class_list":{"0":"post-16833","1":"product","2":"type-product","3":"status-publish","4":"has-post-thumbnail","6":"product_cat-stoliki-do-maszyn","8":"first","9":"instock","10":"taxable","11":"shipping-taxable","12":"purchasable","13":"product-type-simple"},"_links":{"self":[{"href":"https:\/\/gltestm.webology.pl\/cs\/wp-json\/wp\/v2\/product\/16833","targetHints":{"allow":["GET"]}}],"collection":[{"href":"https:\/\/gltestm.webology.pl\/cs\/wp-json\/wp\/v2\/product"}],"about":[{"href":"https:\/\/gltestm.webology.pl\/cs\/wp-json\/wp\/v2\/types\/product"}],"replies":[{"embeddable":true,"href":"https:\/\/gltestm.webology.pl\/cs\/wp-json\/wp\/v2\/comments?post=16833"}],"version-history":[{"count":0,"href":"https:\/\/gltestm.webology.pl\/cs\/wp-json\/wp\/v2\/product\/16833\/revisions"}],"wp:featuredmedia":[{"embeddable":true,"href":"https:\/\/gltestm.webology.pl\/cs\/wp-json\/wp\/v2\/media\/15196"}],"wp:attachment":[{"href":"https:\/\/gltestm.webology.pl\/cs\/wp-json\/wp\/v2\/media?parent=16833"}],"wp:term":[{"taxonomy":"product_brand","embeddable":true,"href":"https:\/\/gltestm.webology.pl\/cs\/wp-json\/wp\/v2\/product_brand?post=16833"},{"taxonomy":"product_cat","embeddable":true,"href":"https:\/\/gltestm.webology.pl\/cs\/wp-json\/wp\/v2\/product_cat?post=16833"},{"taxonomy":"product_tag","embeddable":true,"href":"https:\/\/gltestm.webology.pl\/cs\/wp-json\/wp\/v2\/product_tag?post=16833"}],"curies":[{"name":"wp","href":"https:\/\/api.w.org\/{rel}","templated":true}]}}