{"id":16821,"date":"2026-03-18T22:03:58","date_gmt":"2026-03-18T21:03:58","guid":{"rendered":"https:\/\/gltestm.webology.pl\/produkt\/rovne-hlinikove-draty-12-mm\/"},"modified":"2026-03-22T21:49:08","modified_gmt":"2026-03-22T20:49:08","slug":"rovne-hlinikove-draty-12-mm","status":"publish","type":"product","link":"https:\/\/gltestm.webology.pl\/cs\/produkt\/rovne-hlinikove-draty-12-mm\/","title":{"rendered":"Rovn\u00e9 hlin\u00edkov\u00e9 dr\u00e1ty 12 mm"},"content":{"rendered":"<p>Pou\u017e\u00edv\u00e1 se na v\u00fdrobu tepl\u00fdch svetr\u016f, \u010depic, \u0161\u00e1l nebo pono\u017eek ze siln\u011bj\u0161\u00ed p\u0159\u00edze. Se silnou p\u0159\u00edz\u00ed a t\u011bmito dr\u00e1tky lze dos\u00e1hnout zaj\u00edmav\u00e9 struktury v\u00fdrobku. M\u016f\u017eete je pou\u017e\u00edt k pleten\u00ed \u0161\u0148\u016fr. Ocen\u00edte jejich pevnost, dostate\u010dnou pru\u017enost a n\u00edzkou hmotnost. Balen\u00ed obsahuje jeden p\u00e1r dr\u00e1tk\u016f<\/p>\n","protected":false},"excerpt":{"rendered":"<p>Pleten\u00ed z rovn\u00fdch dr\u00e1t\u016f 12 mm<\/p>\n","protected":false},"featured_media":14103,"comment_status":"open","ping_status":"closed","template":"","meta":[],"product_brand":[],"product_cat":[386],"product_tag":[],"class_list":{"0":"post-16821","1":"product","2":"type-product","3":"status-publish","4":"has-post-thumbnail","6":"product_cat-druty-do-szydelkowania","8":"first","9":"instock","10":"taxable","11":"shipping-taxable","12":"purchasable","13":"product-type-simple"},"_links":{"self":[{"href":"https:\/\/gltestm.webology.pl\/cs\/wp-json\/wp\/v2\/product\/16821","targetHints":{"allow":["GET"]}}],"collection":[{"href":"https:\/\/gltestm.webology.pl\/cs\/wp-json\/wp\/v2\/product"}],"about":[{"href":"https:\/\/gltestm.webology.pl\/cs\/wp-json\/wp\/v2\/types\/product"}],"replies":[{"embeddable":true,"href":"https:\/\/gltestm.webology.pl\/cs\/wp-json\/wp\/v2\/comments?post=16821"}],"version-history":[{"count":0,"href":"https:\/\/gltestm.webology.pl\/cs\/wp-json\/wp\/v2\/product\/16821\/revisions"}],"wp:featuredmedia":[{"embeddable":true,"href":"https:\/\/gltestm.webology.pl\/cs\/wp-json\/wp\/v2\/media\/14103"}],"wp:attachment":[{"href":"https:\/\/gltestm.webology.pl\/cs\/wp-json\/wp\/v2\/media?parent=16821"}],"wp:term":[{"taxonomy":"product_brand","embeddable":true,"href":"https:\/\/gltestm.webology.pl\/cs\/wp-json\/wp\/v2\/product_brand?post=16821"},{"taxonomy":"product_cat","embeddable":true,"href":"https:\/\/gltestm.webology.pl\/cs\/wp-json\/wp\/v2\/product_cat?post=16821"},{"taxonomy":"product_tag","embeddable":true,"href":"https:\/\/gltestm.webology.pl\/cs\/wp-json\/wp\/v2\/product_tag?post=16821"}],"curies":[{"name":"wp","href":"https:\/\/api.w.org\/{rel}","templated":true}]}}