{"id":16813,"date":"2026-03-18T22:03:57","date_gmt":"2026-03-18T21:03:57","guid":{"rendered":"https:\/\/gltestm.webology.pl\/produkt\/rovne-hlinikove-draty-7-mm\/"},"modified":"2026-03-22T21:49:06","modified_gmt":"2026-03-22T20:49:06","slug":"rovne-hlinikove-draty-7-mm","status":"publish","type":"product","link":"https:\/\/gltestm.webology.pl\/cs\/produkt\/rovne-hlinikove-draty-7-mm\/","title":{"rendered":"Rovn\u00e9 hlin\u00edkov\u00e9 dr\u00e1ty 7 mm"},"content":{"rendered":"<p>M\u016f\u017eete je pou\u017e\u00edt na pleten\u00ed \u0161\u0148\u016fr, ale vyu\u017eijete je i na v\u00fdrobu svetr\u016f, \u010depic, \u0161\u00e1l a rukavic. Dr\u00e1ty jsou trvanliv\u00e9 a odoln\u00e9, p\u0159i pr\u00e1ci se neoh\u00fdbaj\u00ed a hladk\u00fd povrch umo\u017e\u0148uje pokl\u00e1dat dal\u0161\u00ed o\u010dka bez tah\u00e1n\u00ed. Shoduj\u00ed se se silnou p\u0159\u00edz\u00ed, d\u00edky n\u00ed\u017e doc\u00edl\u00edte struktury vytvo\u0159en\u00e9ho v\u00fdrobku. Balen\u00ed obsahuje jeden p\u00e1r dr\u00e1tk\u016f<\/p>\n","protected":false},"excerpt":{"rendered":"<p>Pleten\u00ed z rovn\u00fdch dr\u00e1t\u016f 7 mm<\/p>\n","protected":false},"featured_media":14520,"comment_status":"open","ping_status":"closed","template":"","meta":[],"product_brand":[],"product_cat":[386],"product_tag":[],"class_list":{"0":"post-16813","1":"product","2":"type-product","3":"status-publish","4":"has-post-thumbnail","6":"product_cat-druty-do-szydelkowania","8":"first","9":"instock","10":"taxable","11":"shipping-taxable","12":"purchasable","13":"product-type-simple"},"_links":{"self":[{"href":"https:\/\/gltestm.webology.pl\/cs\/wp-json\/wp\/v2\/product\/16813","targetHints":{"allow":["GET"]}}],"collection":[{"href":"https:\/\/gltestm.webology.pl\/cs\/wp-json\/wp\/v2\/product"}],"about":[{"href":"https:\/\/gltestm.webology.pl\/cs\/wp-json\/wp\/v2\/types\/product"}],"replies":[{"embeddable":true,"href":"https:\/\/gltestm.webology.pl\/cs\/wp-json\/wp\/v2\/comments?post=16813"}],"version-history":[{"count":0,"href":"https:\/\/gltestm.webology.pl\/cs\/wp-json\/wp\/v2\/product\/16813\/revisions"}],"wp:featuredmedia":[{"embeddable":true,"href":"https:\/\/gltestm.webology.pl\/cs\/wp-json\/wp\/v2\/media\/14520"}],"wp:attachment":[{"href":"https:\/\/gltestm.webology.pl\/cs\/wp-json\/wp\/v2\/media?parent=16813"}],"wp:term":[{"taxonomy":"product_brand","embeddable":true,"href":"https:\/\/gltestm.webology.pl\/cs\/wp-json\/wp\/v2\/product_brand?post=16813"},{"taxonomy":"product_cat","embeddable":true,"href":"https:\/\/gltestm.webology.pl\/cs\/wp-json\/wp\/v2\/product_cat?post=16813"},{"taxonomy":"product_tag","embeddable":true,"href":"https:\/\/gltestm.webology.pl\/cs\/wp-json\/wp\/v2\/product_tag?post=16813"}],"curies":[{"name":"wp","href":"https:\/\/api.w.org\/{rel}","templated":true}]}}