{"id":16765,"date":"2026-03-18T22:03:53","date_gmt":"2026-03-18T21:03:53","guid":{"rendered":"https:\/\/gltestm.webology.pl\/produkt\/rovne-hlinikove-draty-25-mm\/"},"modified":"2026-03-22T21:48:58","modified_gmt":"2026-03-22T20:48:58","slug":"rovne-hlinikove-draty-25-mm","status":"publish","type":"product","link":"https:\/\/gltestm.webology.pl\/cs\/produkt\/rovne-hlinikove-draty-25-mm\/","title":{"rendered":"Rovn\u00e9 hlin\u00edkov\u00e9 dr\u00e1ty 2,5 mm"},"content":{"rendered":"<p>Skv\u011ble se hod\u00ed na v\u00fdrobu letn\u00edch svetr\u016f nebo d\u011btsk\u00e9ho oble\u010den\u00ed z ten\u010d\u00ed p\u0159\u00edze. Ocen\u00edte jejich pevnost, dostate\u010dnou pru\u017enost a n\u00edzkou hmotnost. Vhodn\u00e9 pro za\u010d\u00e1te\u010dn\u00edky i pokro\u010dil\u00e9 \u0159emesln\u00edky. Sou\u010d\u00e1st\u00ed balen\u00ed je jeden p\u00e1r dr\u00e1tk\u016f.<\/p>\n","protected":false},"excerpt":{"rendered":"<p>Pleten\u00ed z rovn\u00fdch dr\u00e1t\u016f 2,5 mm<\/p>\n","protected":false},"featured_media":14763,"comment_status":"open","ping_status":"closed","template":"","meta":[],"product_brand":[],"product_cat":[386],"product_tag":[],"class_list":{"0":"post-16765","1":"product","2":"type-product","3":"status-publish","4":"has-post-thumbnail","6":"product_cat-druty-do-szydelkowania","8":"first","9":"instock","10":"taxable","11":"shipping-taxable","12":"purchasable","13":"product-type-simple"},"_links":{"self":[{"href":"https:\/\/gltestm.webology.pl\/cs\/wp-json\/wp\/v2\/product\/16765","targetHints":{"allow":["GET"]}}],"collection":[{"href":"https:\/\/gltestm.webology.pl\/cs\/wp-json\/wp\/v2\/product"}],"about":[{"href":"https:\/\/gltestm.webology.pl\/cs\/wp-json\/wp\/v2\/types\/product"}],"replies":[{"embeddable":true,"href":"https:\/\/gltestm.webology.pl\/cs\/wp-json\/wp\/v2\/comments?post=16765"}],"version-history":[{"count":0,"href":"https:\/\/gltestm.webology.pl\/cs\/wp-json\/wp\/v2\/product\/16765\/revisions"}],"wp:featuredmedia":[{"embeddable":true,"href":"https:\/\/gltestm.webology.pl\/cs\/wp-json\/wp\/v2\/media\/14763"}],"wp:attachment":[{"href":"https:\/\/gltestm.webology.pl\/cs\/wp-json\/wp\/v2\/media?parent=16765"}],"wp:term":[{"taxonomy":"product_brand","embeddable":true,"href":"https:\/\/gltestm.webology.pl\/cs\/wp-json\/wp\/v2\/product_brand?post=16765"},{"taxonomy":"product_cat","embeddable":true,"href":"https:\/\/gltestm.webology.pl\/cs\/wp-json\/wp\/v2\/product_cat?post=16765"},{"taxonomy":"product_tag","embeddable":true,"href":"https:\/\/gltestm.webology.pl\/cs\/wp-json\/wp\/v2\/product_tag?post=16765"}],"curies":[{"name":"wp","href":"https:\/\/api.w.org\/{rel}","templated":true}]}}