{"id":16749,"date":"2026-03-18T22:03:52","date_gmt":"2026-03-18T21:03:52","guid":{"rendered":"https:\/\/gltestm.webology.pl\/produkt\/tamborek-flexi-o-12-cm\/"},"modified":"2026-03-22T21:10:19","modified_gmt":"2026-03-22T20:10:19","slug":"tamborek-flexi-o-12-cm","status":"publish","type":"product","link":"https:\/\/gltestm.webology.pl\/cs\/produkt\/tamborek-flexi-o-12-cm\/","title":{"rendered":"Tamborek Flexi \u00d8 12 cm"},"content":{"rendered":"<p><strong>Vy\u0161\u00edvac\u00ed r\u00e1m<\/strong> ve tvaru<span>ov\u00e1lu slou\u017e\u00ed k uchopen\u00ed materi\u00e1lu, na kter\u00fd se obr\u00e1zek vy<\/span>\u0161\u00edv\u00e1.<span>Je vyroben z gumy, kter\u00e1 imituje d\u0159evo a plast. R\u00e1me\u010dek <\/span><strong>je opat\u0159en kovov\u00fdm ozdobn\u00fdm \u0161roubem<\/strong>,<span> s jeho\u017e pomoc\u00ed jej m\u016f\u017eete zav\u011bsit na ze\u010f.<\/span><\/p>\n","protected":false},"excerpt":{"rendered":"<p>Nezbytn\u00e9 pro ru\u010dn\u00ed vy\u0161\u00edv\u00e1n\u00ed.<\/p>\n","protected":false},"featured_media":12957,"comment_status":"open","ping_status":"closed","template":"","meta":[],"product_brand":[],"product_cat":[376],"product_tag":[],"class_list":{"0":"post-16749","1":"product","2":"type-product","3":"status-publish","4":"has-post-thumbnail","6":"product_cat-tamborki","8":"first","9":"instock","10":"taxable","11":"shipping-taxable","12":"purchasable","13":"product-type-simple"},"_links":{"self":[{"href":"https:\/\/gltestm.webology.pl\/cs\/wp-json\/wp\/v2\/product\/16749","targetHints":{"allow":["GET"]}}],"collection":[{"href":"https:\/\/gltestm.webology.pl\/cs\/wp-json\/wp\/v2\/product"}],"about":[{"href":"https:\/\/gltestm.webology.pl\/cs\/wp-json\/wp\/v2\/types\/product"}],"replies":[{"embeddable":true,"href":"https:\/\/gltestm.webology.pl\/cs\/wp-json\/wp\/v2\/comments?post=16749"}],"version-history":[{"count":0,"href":"https:\/\/gltestm.webology.pl\/cs\/wp-json\/wp\/v2\/product\/16749\/revisions"}],"wp:featuredmedia":[{"embeddable":true,"href":"https:\/\/gltestm.webology.pl\/cs\/wp-json\/wp\/v2\/media\/12957"}],"wp:attachment":[{"href":"https:\/\/gltestm.webology.pl\/cs\/wp-json\/wp\/v2\/media?parent=16749"}],"wp:term":[{"taxonomy":"product_brand","embeddable":true,"href":"https:\/\/gltestm.webology.pl\/cs\/wp-json\/wp\/v2\/product_brand?post=16749"},{"taxonomy":"product_cat","embeddable":true,"href":"https:\/\/gltestm.webology.pl\/cs\/wp-json\/wp\/v2\/product_cat?post=16749"},{"taxonomy":"product_tag","embeddable":true,"href":"https:\/\/gltestm.webology.pl\/cs\/wp-json\/wp\/v2\/product_tag?post=16749"}],"curies":[{"name":"wp","href":"https:\/\/api.w.org\/{rel}","templated":true}]}}