{"id":16741,"date":"2026-03-18T22:03:52","date_gmt":"2026-03-18T21:03:52","guid":{"rendered":"https:\/\/gltestm.webology.pl\/produkt\/stul-pro-sici-stroj-lucznik-karolina-2040\/"},"modified":"2026-03-22T21:10:17","modified_gmt":"2026-03-22T20:10:17","slug":"stul-pro-sici-stroj-lucznik-karolina-2040","status":"publish","type":"product","link":"https:\/\/gltestm.webology.pl\/cs\/produkt\/stul-pro-sici-stroj-lucznik-karolina-2040\/","title":{"rendered":"St\u016fl pro \u0161ic\u00ed stroj \u0141ucznik Karolina 2040"},"content":{"rendered":"<p><strong>Atable roz\u0161i\u0159uj\u00edc\u00ed pracovn\u00ed pole<\/strong> ur\u010den\u00e9 pro stroj <strong>Karolina 2040<\/strong>. Ide\u00e1ln\u00ed pro usnadn\u011bn\u00ed pro\u0161\u00edv\u00e1n\u00ed nebo se\u0161\u00edv\u00e1n\u00ed materi\u00e1l\u016f s velkou plochou, jako jsou z\u00e1clony, ubrusy, z\u00e1v\u011bsy nebo l\u016f\u017ekoviny. P\u0159i pou\u017eit\u00ed k tomuto \u00fa\u010delu nesm\u00edrn\u011b zvy\u0161uje komfort pr\u00e1ce.<\/p>\n<p><strong>Stolek, kter\u00fd zv\u011bt\u0161uje pracovn\u00ed pole<\/strong> , je tak\u00e9 vhodnou stabilizac\u00ed p\u0159i \u0161it\u00ed materi\u00e1lu.<\/p>\n<p><strong>St\u016fl <\/strong>je vyroben z plastu, kter\u00fd je ide\u00e1ln\u00ed pro manipulaci a p\u0159esouv\u00e1n\u00ed r\u016fzn\u00fdch druh\u016f materi\u00e1l\u016f na n\u011bm.<\/p>\n<p>V na\u0161\u00ed nab\u00eddce naleznete tak\u00e9 <strong>stoly pro \u0161ic\u00ed stroje <\/strong> <strong>Martyna 2080<\/strong>, <strong>Patrycja 2090, Malwina 2070 <\/strong>a <strong>Balladyna 2020<\/strong>.<\/p>\n","protected":false},"excerpt":{"rendered":"<p>St\u016fl roz\u0161i\u0159uj\u00edc\u00ed pracovn\u00ed plochu ur\u010den\u00fd pro stroj Karolina 2040. Ide\u00e1ln\u00ed pro usnadn\u011bn\u00ed pro\u0161\u00edv\u00e1n\u00ed nebo \u0161it\u00ed materi\u00e1l\u016f s velkou plochou, jako jsou z\u00e1clony, ubrusy, z\u00e1v\u011bsy nebo l\u016f\u017ekoviny &#8211; mimo\u0159\u00e1dn\u011b zvy\u0161uje komfort pr\u00e1ce.<\/p>\n","protected":false},"featured_media":15499,"comment_status":"open","ping_status":"closed","template":"","meta":[],"product_brand":[],"product_cat":[546],"product_tag":[],"class_list":{"0":"post-16741","1":"product","2":"type-product","3":"status-publish","4":"has-post-thumbnail","6":"product_cat-stoliki-do-maszyn","8":"first","9":"instock","10":"sale","11":"taxable","12":"shipping-taxable","13":"purchasable","14":"product-type-simple"},"_links":{"self":[{"href":"https:\/\/gltestm.webology.pl\/cs\/wp-json\/wp\/v2\/product\/16741","targetHints":{"allow":["GET"]}}],"collection":[{"href":"https:\/\/gltestm.webology.pl\/cs\/wp-json\/wp\/v2\/product"}],"about":[{"href":"https:\/\/gltestm.webology.pl\/cs\/wp-json\/wp\/v2\/types\/product"}],"replies":[{"embeddable":true,"href":"https:\/\/gltestm.webology.pl\/cs\/wp-json\/wp\/v2\/comments?post=16741"}],"version-history":[{"count":0,"href":"https:\/\/gltestm.webology.pl\/cs\/wp-json\/wp\/v2\/product\/16741\/revisions"}],"wp:featuredmedia":[{"embeddable":true,"href":"https:\/\/gltestm.webology.pl\/cs\/wp-json\/wp\/v2\/media\/15499"}],"wp:attachment":[{"href":"https:\/\/gltestm.webology.pl\/cs\/wp-json\/wp\/v2\/media?parent=16741"}],"wp:term":[{"taxonomy":"product_brand","embeddable":true,"href":"https:\/\/gltestm.webology.pl\/cs\/wp-json\/wp\/v2\/product_brand?post=16741"},{"taxonomy":"product_cat","embeddable":true,"href":"https:\/\/gltestm.webology.pl\/cs\/wp-json\/wp\/v2\/product_cat?post=16741"},{"taxonomy":"product_tag","embeddable":true,"href":"https:\/\/gltestm.webology.pl\/cs\/wp-json\/wp\/v2\/product_tag?post=16741"}],"curies":[{"name":"wp","href":"https:\/\/api.w.org\/{rel}","templated":true}]}}