{"id":16737,"date":"2026-03-18T22:03:52","date_gmt":"2026-03-18T21:03:52","guid":{"rendered":"https:\/\/gltestm.webology.pl\/produkt\/cestovni-vysousec-vlasu-sd-809\/"},"modified":"2026-03-22T21:48:54","modified_gmt":"2026-03-22T20:48:54","slug":"cestovni-vysousec-vlasu-sd-809","status":"publish","type":"product","link":"https:\/\/gltestm.webology.pl\/cs\/produkt\/cestovni-vysousec-vlasu-sd-809\/","title":{"rendered":"Cestovn\u00ed vysou\u0161e\u010d vlas\u016f SD-809"},"content":{"rendered":"<h2><strong>Cestovn\u00ed vysou\u0161e\u010d vlas\u016f SD-809<\/strong><\/h2>\n<p><strong>Praktick\u00fd cestovn\u00ed f\u00e9n na vlasy SD-809<\/strong> m\u00e1 mal\u00e9 rozm\u011bry a<strong> sklopnou rukoje\u0165<\/strong>, d\u00edky \u010demu\u017e v\u00e1m v koupeln\u011b nezabere mnoho m\u00edsta a umo\u017en\u00ed v\u00e1m udr\u017eovat po\u0159\u00e1dek v m\u00edstnosti, zejm\u00e9na pokud nen\u00ed v\u011bt\u0161\u00edch rozm\u011br\u016f. Bude tak\u00e9 nepostradateln\u00fdm spole\u010dn\u00edkem p\u0159i cestov\u00e1n\u00ed, proto\u017ee d\u00edky sv\u00fdm rozm\u011br\u016fm a zm\u00edn\u011bn\u00e9 skl\u00e1dac\u00ed <strong>rukojeti<\/strong> zabere v kufru jen m\u00e1lo m\u00edsta.<\/p>\n<h2>Kl\u00ed\u010dov\u00e9 vlastnosti:<\/h2>\n<ul>\n<li><span>p\u0159\u00edkon: <strong>1200 W<\/strong><\/span><\/li>\n<li><span><strong>mal\u00e9<\/strong> rozm\u011bry<\/span><\/li>\n<li><span><strong>skl\u00e1dac\u00ed <\/strong>rukoje\u0165<\/span><\/li>\n<li><strong>koncentr\u00e1tor<\/strong><\/li>\n<\/ul>\n<h2><strong>Lehk\u00fd a kompaktn\u00ed<\/strong><\/h2>\n<p><strong>Kompaktn\u00ed vysou\u0161e\u010d vlas\u016f<\/strong> <strong>SD-809 <\/strong><strong>je<\/strong> vybaven koncentrovac\u00ed tryskou, kter\u00e1 v\u00e1m umo\u017en\u00ed p\u0159esn\u011b nasm\u011brovat proud vzduchu, co\u017e v\u00e1m umo\u017en\u00ed d\u016fkladn\u011bji (a tedy rychleji) vysu\u0161it nebo upravit vlasy. <\/p>\n<h2>Dv\u011b rychlosti fouk\u00e1n\u00ed<\/h2>\n<p>Ve <strong>f\u00e9nu <\/strong> najdete <strong>dv\u011b<\/strong> rychlosti fouk\u00e1n\u00ed <strong>. <\/strong> Prvn\u00ed rychlost s polovi\u010dn\u00edm v\u00fdkonem vyfukuje st\u0159edn\u00ed teplo, co\u017e je u\u017eite\u010dn\u00e9 pro \u0161etrn\u00e9 tvarov\u00e1n\u00ed a vysou\u0161en\u00ed \u00fa\u010desu. Zat\u00edmco druh\u00e1 rychlost (pln\u00fd v\u00fdkon) v\u00e1m umo\u017en\u00ed pou\u017e\u00edvat vysok\u00e9 teplo k rychl\u00e9mu vysou\u0161en\u00ed vlas\u016f.<\/p>\n<h2>z\u00e1ruka 24 m\u011bs\u00edc\u016f<\/h2>\n<p>Na<strong>cestovn\u00ed vysou\u0161e\u010d vlas\u016f SD-809 <\/strong>je <strong>poskytov\u00e1na 24m\u011bs\u00ed\u010dn\u00ed z\u00e1ruka<\/strong> a n\u00e1vod k pou\u017eit\u00ed v pol\u0161tin\u011b, kter\u00fd je t\u0159eba si p\u0159ed pou\u017eit\u00edm za\u0159\u00edzen\u00ed p\u0159e\u010d\u00edst.<\/p>\n","protected":false},"excerpt":{"rendered":"<p>F\u00e9n na vlasy SD-809 se sklopnou rukojet\u00ed, kter\u00fd je ide\u00e1ln\u00ed na cesty nebo do mal\u00e9 koupelny.<\/p>\n","protected":false},"featured_media":15643,"comment_status":"open","ping_status":"closed","template":"","meta":[],"product_brand":[],"product_cat":[681],"product_tag":[],"class_list":{"0":"post-16737","1":"product","2":"type-product","3":"status-publish","4":"has-post-thumbnail","6":"product_cat-suszarki-do-wlosow","8":"first","9":"instock","10":"taxable","11":"shipping-taxable","12":"purchasable","13":"product-type-simple"},"_links":{"self":[{"href":"https:\/\/gltestm.webology.pl\/cs\/wp-json\/wp\/v2\/product\/16737","targetHints":{"allow":["GET"]}}],"collection":[{"href":"https:\/\/gltestm.webology.pl\/cs\/wp-json\/wp\/v2\/product"}],"about":[{"href":"https:\/\/gltestm.webology.pl\/cs\/wp-json\/wp\/v2\/types\/product"}],"replies":[{"embeddable":true,"href":"https:\/\/gltestm.webology.pl\/cs\/wp-json\/wp\/v2\/comments?post=16737"}],"version-history":[{"count":0,"href":"https:\/\/gltestm.webology.pl\/cs\/wp-json\/wp\/v2\/product\/16737\/revisions"}],"wp:featuredmedia":[{"embeddable":true,"href":"https:\/\/gltestm.webology.pl\/cs\/wp-json\/wp\/v2\/media\/15643"}],"wp:attachment":[{"href":"https:\/\/gltestm.webology.pl\/cs\/wp-json\/wp\/v2\/media?parent=16737"}],"wp:term":[{"taxonomy":"product_brand","embeddable":true,"href":"https:\/\/gltestm.webology.pl\/cs\/wp-json\/wp\/v2\/product_brand?post=16737"},{"taxonomy":"product_cat","embeddable":true,"href":"https:\/\/gltestm.webology.pl\/cs\/wp-json\/wp\/v2\/product_cat?post=16737"},{"taxonomy":"product_tag","embeddable":true,"href":"https:\/\/gltestm.webology.pl\/cs\/wp-json\/wp\/v2\/product_tag?post=16737"}],"curies":[{"name":"wp","href":"https:\/\/api.w.org\/{rel}","templated":true}]}}