{"id":16729,"date":"2026-03-18T22:03:51","date_gmt":"2026-03-18T21:03:51","guid":{"rendered":"https:\/\/gltestm.webology.pl\/produkt\/nahradni-hrot-drhnouciho-zarizeni-ah-95-outlet\/"},"modified":"2026-03-22T21:48:53","modified_gmt":"2026-03-22T20:48:53","slug":"nahradni-hrot-drhnouciho-zarizeni-ah-95-outlet","status":"publish","type":"product","link":"https:\/\/gltestm.webology.pl\/cs\/produkt\/nahradni-hrot-drhnouciho-zarizeni-ah-95-outlet\/","title":{"rendered":"N\u00e1hradn\u00ed hrot drhnouc\u00edho za\u0159\u00edzen\u00ed AH-95 Outlet"},"content":{"rendered":"<p>Drhnouc\u00ed hrot AH95 m\u00e1 jemn\u00e9 b\u00edl\u00e9 a \u010dern\u00e9 \u0161t\u011btiny ur\u010den\u00e9 k drhnut\u00ed obli\u010deje.<\/p>\n<p>M\u00e1 plastov\u00fd kryt, kter\u00fd ji chr\u00e1n\u00ed p\u0159ed po\u0161kozen\u00edm.<\/p>\n<p>Je vhodn\u00fd pro model kart\u00e1\u010dku AH8495.<\/p>\n","protected":false},"excerpt":{"rendered":"<p>N\u00e1hradn\u00ed drhnouc\u00ed hrot AH95 pro \u010distic\u00ed kart\u00e1\u010dek na obli\u010dej AH8495<\/p>\n","protected":false},"featured_media":15405,"comment_status":"open","ping_status":"closed","template":"","meta":[],"product_brand":[],"product_cat":[901],"product_tag":[],"class_list":{"0":"post-16729","1":"product","2":"type-product","3":"status-publish","4":"has-post-thumbnail","6":"product_cat-pielegnacja-twarzy","8":"first","9":"outofstock","10":"taxable","11":"shipping-taxable","12":"purchasable","13":"product-type-simple"},"_links":{"self":[{"href":"https:\/\/gltestm.webology.pl\/cs\/wp-json\/wp\/v2\/product\/16729","targetHints":{"allow":["GET"]}}],"collection":[{"href":"https:\/\/gltestm.webology.pl\/cs\/wp-json\/wp\/v2\/product"}],"about":[{"href":"https:\/\/gltestm.webology.pl\/cs\/wp-json\/wp\/v2\/types\/product"}],"replies":[{"embeddable":true,"href":"https:\/\/gltestm.webology.pl\/cs\/wp-json\/wp\/v2\/comments?post=16729"}],"version-history":[{"count":0,"href":"https:\/\/gltestm.webology.pl\/cs\/wp-json\/wp\/v2\/product\/16729\/revisions"}],"wp:featuredmedia":[{"embeddable":true,"href":"https:\/\/gltestm.webology.pl\/cs\/wp-json\/wp\/v2\/media\/15405"}],"wp:attachment":[{"href":"https:\/\/gltestm.webology.pl\/cs\/wp-json\/wp\/v2\/media?parent=16729"}],"wp:term":[{"taxonomy":"product_brand","embeddable":true,"href":"https:\/\/gltestm.webology.pl\/cs\/wp-json\/wp\/v2\/product_brand?post=16729"},{"taxonomy":"product_cat","embeddable":true,"href":"https:\/\/gltestm.webology.pl\/cs\/wp-json\/wp\/v2\/product_cat?post=16729"},{"taxonomy":"product_tag","embeddable":true,"href":"https:\/\/gltestm.webology.pl\/cs\/wp-json\/wp\/v2\/product_tag?post=16729"}],"curies":[{"name":"wp","href":"https:\/\/api.w.org\/{rel}","templated":true}]}}