{"id":16725,"date":"2026-03-18T22:03:51","date_gmt":"2026-03-18T21:03:51","guid":{"rendered":"https:\/\/gltestm.webology.pl\/produkt\/tip-na-cisteni-a-odstranovani-make-upu-pro-zubni-kartacek-ah-94-outlet\/"},"modified":"2026-03-22T21:48:52","modified_gmt":"2026-03-22T20:48:52","slug":"tip-na-cisteni-a-odstranovani-make-upu-pro-zubni-kartacek-ah-94-outlet","status":"publish","type":"product","link":"https:\/\/gltestm.webology.pl\/cs\/produkt\/tip-na-cisteni-a-odstranovani-make-upu-pro-zubni-kartacek-ah-94-outlet\/","title":{"rendered":"Tip na \u010di\u0161t\u011bn\u00ed a odstra\u0148ov\u00e1n\u00ed make-upu pro zubn\u00ed kart\u00e1\u010dek AH-94 Outlet"},"content":{"rendered":"<p>Odli\u010dovac\u00ed hrot m\u00e1 velmi jemn\u00e9 b\u00edl\u00e9 \u0161t\u011btinky ur\u010den\u00e9 k myt\u00ed a odstra\u0148ov\u00e1n\u00ed make-upu.<\/p>\n<p>M\u00e1 plastov\u00fd kryt, kter\u00fd ji chr\u00e1n\u00ed p\u0159ed po\u0161kozen\u00edm.<\/p>\n<p>Je vhodn\u00fd pro model zubn\u00edho kart\u00e1\u010dku AH 8495.<\/p>\n","protected":false},"excerpt":{"rendered":"<p>N\u00e1hradn\u00ed odli\u010dovac\u00ed a \u010distic\u00ed hrot AH94 pro \u010distic\u00ed kart\u00e1\u010dek na obli\u010dej AH8495<\/p>\n","protected":false},"featured_media":13252,"comment_status":"open","ping_status":"closed","template":"","meta":[],"product_brand":[],"product_cat":[901],"product_tag":[],"class_list":{"0":"post-16725","1":"product","2":"type-product","3":"status-publish","4":"has-post-thumbnail","6":"product_cat-pielegnacja-twarzy","8":"first","9":"outofstock","10":"taxable","11":"shipping-taxable","12":"purchasable","13":"product-type-simple"},"_links":{"self":[{"href":"https:\/\/gltestm.webology.pl\/cs\/wp-json\/wp\/v2\/product\/16725","targetHints":{"allow":["GET"]}}],"collection":[{"href":"https:\/\/gltestm.webology.pl\/cs\/wp-json\/wp\/v2\/product"}],"about":[{"href":"https:\/\/gltestm.webology.pl\/cs\/wp-json\/wp\/v2\/types\/product"}],"replies":[{"embeddable":true,"href":"https:\/\/gltestm.webology.pl\/cs\/wp-json\/wp\/v2\/comments?post=16725"}],"version-history":[{"count":0,"href":"https:\/\/gltestm.webology.pl\/cs\/wp-json\/wp\/v2\/product\/16725\/revisions"}],"wp:featuredmedia":[{"embeddable":true,"href":"https:\/\/gltestm.webology.pl\/cs\/wp-json\/wp\/v2\/media\/13252"}],"wp:attachment":[{"href":"https:\/\/gltestm.webology.pl\/cs\/wp-json\/wp\/v2\/media?parent=16725"}],"wp:term":[{"taxonomy":"product_brand","embeddable":true,"href":"https:\/\/gltestm.webology.pl\/cs\/wp-json\/wp\/v2\/product_brand?post=16725"},{"taxonomy":"product_cat","embeddable":true,"href":"https:\/\/gltestm.webology.pl\/cs\/wp-json\/wp\/v2\/product_cat?post=16725"},{"taxonomy":"product_tag","embeddable":true,"href":"https:\/\/gltestm.webology.pl\/cs\/wp-json\/wp\/v2\/product_tag?post=16725"}],"curies":[{"name":"wp","href":"https:\/\/api.w.org\/{rel}","templated":true}]}}