{"id":16709,"date":"2026-03-18T22:03:50","date_gmt":"2026-03-18T21:03:50","guid":{"rendered":"https:\/\/gltestm.webology.pl\/produkt\/kulicky-na-prani-pradla-proti-zmolkovani\/"},"modified":"2026-03-22T21:48:20","modified_gmt":"2026-03-22T20:48:20","slug":"kulicky-na-prani-pradla-proti-zmolkovani","status":"publish","type":"product","link":"https:\/\/gltestm.webology.pl\/cs\/produkt\/kulicky-na-prani-pradla-proti-zmolkovani\/","title":{"rendered":"Kuli\u010dky na pran\u00ed pr\u00e1dla proti \u017emolkov\u00e1n\u00ed"},"content":{"rendered":"<p>Ide\u00e1ln\u00ed pro <strong>milovn\u00edky ps\u016f, ko\u010dek, fretek a dal\u0161\u00edch dom\u00e1c\u00edch chlup\u00e1\u010d\u016f<\/strong>, stejn\u011b jako pro v\u0161echny dlouhosrst\u00e9 milovn\u00edky t\u011b\u017ek\u00e9ho zvuku. P\u0159edstavujeme \u010distic\u00ed kuli\u010dky na oble\u010den\u00ed a l\u016f\u017ekoviny, hovorov\u011b naz\u00fdvan\u00e9 <strong>anti lint <\/strong>(nebo anti fur).<\/p>\n<h2>Kl\u00ed\u010dov\u00e9 vlastnosti<\/h2>\n<ul>\n<li>a\u017e<strong>9 ks<\/strong> v sad\u011b<\/li>\n<li>pr\u016fm\u011br<strong>35 mm<\/strong> <\/li>\n<li>odstra\u0148uj\u00ed <strong>chlupy<\/strong>, <strong>\u017emolky<\/strong> a <strong>vlasy<\/strong> z pran\u00fdch v\u011bc\u00ed<\/li>\n<li><strong>v\u00edcen\u00e1sobn\u00e9<\/strong> pou\u017eit\u00ed<\/li>\n<li><strong>podporuj\u00ed<\/strong> proces pran\u00ed<\/li>\n<li>pom\u00e1haj\u00ed <strong>chr\u00e1nit<\/strong> <strong>filtry<\/strong> pra\u010dky <\/li>\n<\/ul>\n<h2>Jak pou\u017e\u00edvat prac\u00ed kuli\u010dky?<\/h2>\n<p>Kuli\u010dky jsou vhodn\u00e9 <strong>pro v\u00edcen\u00e1sobn\u00e9 pran\u00ed<\/strong>, m\u011bly by se vhazovat do pra\u010dky spole\u010dn\u011b s pr\u00e1dlem a jejich po\u010det by m\u011bl b\u00fdt p\u0159izp\u016fsoben po\u010dtu pran\u00fdch kus\u016f &#8211; aby se mohly b\u011bhem pran\u00ed voln\u011b pohybovat.<\/p>\n<p> Kuli\u010dkysb\u00edraj\u00ed z pran\u00fdch p\u0159edm\u011bt\u016f b\u011bhem pran\u00ed<strong>vlasy, \u017emolky a chlupy<\/strong> . Sni\u017euj\u00ed tak\u00e9 riziko ucp\u00e1n\u00ed filtr\u016f v pra\u010dce. Po vypr\u00e1n\u00ed je t\u0159eba kuli\u010dky o\u010distit od ne\u010distot, aby je bylo mo\u017en\u00e9 znovu pou\u017e\u00edt.<\/p>\n<h2>Pom\u00e1haj\u00ed p\u0159i pran\u00ed<\/h2>\n<p><strong>Podporuj\u00ed proces pran\u00ed<\/strong> a m\u011bly by se pou\u017e\u00edvat spole\u010dn\u011b s b\u011b\u017en\u011b pou\u017e\u00edvan\u00fdmi prac\u00edmi prost\u0159edky. Zvl\u00e1\u0161t\u011b dob\u0159e funguj\u00ed v kombinaci s prac\u00edmi <strong>kuli\u010dkami<\/strong> Lucznik.<\/p>\n<h2>Upozorn\u011bn\u00ed<\/h2>\n<p>Kuli\u010dky na sb\u011br vlas\u016f by se nem\u011bly pou\u017e\u00edvat na oble\u010den\u00ed z <strong>jemn\u00fdch<\/strong> a snadno <strong>rozta\u017eiteln\u00fdch<\/strong> tkanin. Pou\u017e\u00edvejte je p\u0159i teplot\u011b nep\u0159esahuj\u00edc\u00ed<strong> 60 stup\u0148\u016f C<\/strong>.<\/p>\n","protected":false},"excerpt":{"rendered":"<p>Prac\u00ed kuli\u010dky &#8211; tzv. anti\u017emolky &#8211; lze pou\u017e\u00edt v pra\u010dk\u00e1ch, su\u0161i\u010dk\u00e1ch i p\u0159i ru\u010dn\u00edm pran\u00ed. Ide\u00e1ln\u00ed pro milovn\u00edky ps\u016f, ko\u010dek, fretek a dal\u0161\u00edch dom\u00e1c\u00edch chlup\u00e1\u010d\u016f, stejn\u011b jako pro v\u0161echny milovn\u00edky dlouhosrst\u00fdch t\u011b\u017ek\u00fdch zv\u00ed\u0159at.<\/p>\n","protected":false},"featured_media":14740,"comment_status":"open","ping_status":"closed","template":"","meta":[],"product_brand":[],"product_cat":[651],"product_tag":[],"class_list":{"0":"post-16709","1":"product","2":"type-product","3":"status-publish","4":"has-post-thumbnail","6":"product_cat-pozostale","8":"first","9":"instock","10":"taxable","11":"shipping-taxable","12":"purchasable","13":"product-type-simple"},"_links":{"self":[{"href":"https:\/\/gltestm.webology.pl\/cs\/wp-json\/wp\/v2\/product\/16709","targetHints":{"allow":["GET"]}}],"collection":[{"href":"https:\/\/gltestm.webology.pl\/cs\/wp-json\/wp\/v2\/product"}],"about":[{"href":"https:\/\/gltestm.webology.pl\/cs\/wp-json\/wp\/v2\/types\/product"}],"replies":[{"embeddable":true,"href":"https:\/\/gltestm.webology.pl\/cs\/wp-json\/wp\/v2\/comments?post=16709"}],"version-history":[{"count":0,"href":"https:\/\/gltestm.webology.pl\/cs\/wp-json\/wp\/v2\/product\/16709\/revisions"}],"wp:featuredmedia":[{"embeddable":true,"href":"https:\/\/gltestm.webology.pl\/cs\/wp-json\/wp\/v2\/media\/14740"}],"wp:attachment":[{"href":"https:\/\/gltestm.webology.pl\/cs\/wp-json\/wp\/v2\/media?parent=16709"}],"wp:term":[{"taxonomy":"product_brand","embeddable":true,"href":"https:\/\/gltestm.webology.pl\/cs\/wp-json\/wp\/v2\/product_brand?post=16709"},{"taxonomy":"product_cat","embeddable":true,"href":"https:\/\/gltestm.webology.pl\/cs\/wp-json\/wp\/v2\/product_cat?post=16709"},{"taxonomy":"product_tag","embeddable":true,"href":"https:\/\/gltestm.webology.pl\/cs\/wp-json\/wp\/v2\/product_tag?post=16709"}],"curies":[{"name":"wp","href":"https:\/\/api.w.org\/{rel}","templated":true}]}}