{"id":16613,"date":"2026-03-18T22:03:47","date_gmt":"2026-03-18T21:03:47","guid":{"rendered":"https:\/\/gltestm.webology.pl\/produkt\/karnetove-jehly-kufr\/"},"modified":"2026-03-22T21:48:11","modified_gmt":"2026-03-22T20:48:11","slug":"karnetove-jehly-kufr","status":"publish","type":"product","link":"https:\/\/gltestm.webology.pl\/cs\/produkt\/karnetove-jehly-kufr\/","title":{"rendered":"Karnetov\u00e9 jehly &#8211; kufr"},"content":{"rendered":"<div>\n<div>\n<div>\n<div>\n<div>\n<div>\n<div>\n<div>\n<div>\n<p>Balen\u00ed obsahuje 9 jehel velikosti 42-50 mm a 12 jehel velikosti 30-40 mm + 1 navl\u00e9ka\u010d. Pr\u016fkaz je pohodln\u00fd na pou\u017e\u00edv\u00e1n\u00ed, nen\u00ed pot\u0159eba pol\u0161t\u00e1\u0159ek na jehly, proto\u017ee jehly lze po pou\u017eit\u00ed zastr\u010dit do pr\u016fkazu.  <\/p>\n<\/div>\n<\/div>\n<\/div>\n<\/div>\n<\/div>\n<\/div>\n<\/div>\n<\/div>\n<\/div>\n","protected":false},"excerpt":{"rendered":"<p>Kufr na jehly KARNET, uvnit\u0159 je 21 kus\u016f jehel a jeden navl\u00e9ka\u010d.<\/p>\n","protected":false},"featured_media":15691,"comment_status":"open","ping_status":"closed","template":"","meta":[],"product_brand":[],"product_cat":[361],"product_tag":[],"class_list":{"0":"post-16613","1":"product","2":"type-product","3":"status-publish","4":"has-post-thumbnail","6":"product_cat-igly","8":"first","9":"instock","10":"taxable","11":"shipping-taxable","12":"purchasable","13":"product-type-simple"},"_links":{"self":[{"href":"https:\/\/gltestm.webology.pl\/cs\/wp-json\/wp\/v2\/product\/16613","targetHints":{"allow":["GET"]}}],"collection":[{"href":"https:\/\/gltestm.webology.pl\/cs\/wp-json\/wp\/v2\/product"}],"about":[{"href":"https:\/\/gltestm.webology.pl\/cs\/wp-json\/wp\/v2\/types\/product"}],"replies":[{"embeddable":true,"href":"https:\/\/gltestm.webology.pl\/cs\/wp-json\/wp\/v2\/comments?post=16613"}],"version-history":[{"count":0,"href":"https:\/\/gltestm.webology.pl\/cs\/wp-json\/wp\/v2\/product\/16613\/revisions"}],"wp:featuredmedia":[{"embeddable":true,"href":"https:\/\/gltestm.webology.pl\/cs\/wp-json\/wp\/v2\/media\/15691"}],"wp:attachment":[{"href":"https:\/\/gltestm.webology.pl\/cs\/wp-json\/wp\/v2\/media?parent=16613"}],"wp:term":[{"taxonomy":"product_brand","embeddable":true,"href":"https:\/\/gltestm.webology.pl\/cs\/wp-json\/wp\/v2\/product_brand?post=16613"},{"taxonomy":"product_cat","embeddable":true,"href":"https:\/\/gltestm.webology.pl\/cs\/wp-json\/wp\/v2\/product_cat?post=16613"},{"taxonomy":"product_tag","embeddable":true,"href":"https:\/\/gltestm.webology.pl\/cs\/wp-json\/wp\/v2\/product_tag?post=16613"}],"curies":[{"name":"wp","href":"https:\/\/api.w.org\/{rel}","templated":true}]}}